{"id":35035,"date":"2024-01-25T12:44:11","date_gmt":"2024-01-25T12:44:11","guid":{"rendered":"https:\/\/t-golf.club\/?page_id=35035"},"modified":"2024-01-25T12:44:11","modified_gmt":"2024-01-25T12:44:11","slug":"augenclinic-mallorca-allianz","status":"publish","type":"page","link":"https:\/\/t-golf.club\/de\/allianzen\/augenclinic-mallorca-allianz\/","title":{"rendered":"Augenclinic Mallorca Allianz"},"content":{"rendered":"","protected":false},"excerpt":{"rendered":"","protected":false},"author":268,"featured_media":35027,"parent":7198,"menu_order":38,"comment_status":"closed","ping_status":"closed","template":"views\/flexible-member.blade.php","meta":{"_acf_changed":false,"footnotes":""},"class_list":["post-35035","page","type-page","status-publish","has-post-thumbnail","hentry"],"acf":{"size":"large","subtitle":"","link_back":"","hero":{"size":"large","subtitle":"","link_back":""},"content":[{"acf_fc_layout":"content","title":"","text_large":"","text":"<p>Das Team der deutschen Augenclinic rund um Dr. Beckers bietet seid \u00fcber 10 Jahren operative L\u00f6sungen f\u00fcr Fehlsichtigkeit und plastische Lidchirurgie an. Mit vielen Tausenden operierten F\u00e4llen ist Dr. Beckers der f\u00fchrende deutsche Augenchirurg der Balearen. 2023 konnte das Team mit Dr. Gehlhaar und dem erfahrenem Netzhautchirurgen Dr. Basauri erweitert werden. Dr. Beckers nimmt als Redner regelm\u00e4\u00dfig an Kongressen und Kursen teil. Die hauseigene\u00a0 Abteilung f\u00fcr unabh\u00e4ngige klinische Studien\u00a0 f\u00fchrt dazu, dass die erzielten Ergebnisse\u00a0 transparent und unter st\u00e4ndiger Qualit\u00e4tskontrolle sind.<\/p>\n<p>Die f\u00fchrenden Klinikgemeinschaften Mallorcas vertrauen und kooperieren exklusiv mit der Augenclinic Mallorca die an ihren 3 Standorten in Palma, Santa Ponsa und Porto Pi immer f\u00fcr den Patienten da ist.<\/p>\n","link":{"title":"Offizielle Webseite","url":"https:\/\/www.deutsche-augen-klinik.de\/de\/","target":""},"cards":false,"image":35027,"sidebar":false,"background_color":"white"}],"wp_nav_image":false},"yoast_head":"<title>Augenclinic Mallorca Allianz - T Golf<\/title>\n<meta name=\"robots\" content=\"index, follow, max-snippet:-1, max-image-preview:large, max-video-preview:-1\" \/>\n<link rel=\"canonical\" href=\"https:\/\/t-golf.club\/de\/allianzen\/augenclinic-mallorca-allianz\/\" \/>\n<meta property=\"og:locale\" content=\"de_DE\" \/>\n<meta property=\"og:type\" content=\"article\" \/>\n<meta property=\"og:title\" content=\"Augenclinic Mallorca Allianz - T Golf\" \/>\n<meta property=\"og:url\" content=\"https:\/\/t-golf.club\/de\/allianzen\/augenclinic-mallorca-allianz\/\" \/>\n<meta property=\"og:site_name\" content=\"T Golf\" \/>\n<meta property=\"og:image\" content=\"https:\/\/t-golf.club\/wp-content\/uploads\/2024\/01\/Foto-logo-Augenclinic.jpg\" \/>\n\t<meta property=\"og:image:width\" content=\"833\" \/>\n\t<meta property=\"og:image:height\" content=\"468\" \/>\n\t<meta property=\"og:image:type\" content=\"image\/jpeg\" \/>\n<meta name=\"twitter:card\" content=\"summary_large_image\" \/>\n<script type=\"application\/ld+json\" class=\"yoast-schema-graph\">{\"@context\":\"https:\\\/\\\/schema.org\",\"@graph\":[{\"@type\":\"WebPage\",\"@id\":\"https:\\\/\\\/t-golf.club\\\/de\\\/allianzen\\\/augenclinic-mallorca-allianz\\\/\",\"url\":\"https:\\\/\\\/t-golf.club\\\/de\\\/allianzen\\\/augenclinic-mallorca-allianz\\\/\",\"name\":\"Augenclinic Mallorca Allianz - T Golf\",\"isPartOf\":{\"@id\":\"https:\\\/\\\/t-golf.club\\\/de\\\/#website\"},\"primaryImageOfPage\":{\"@id\":\"https:\\\/\\\/t-golf.club\\\/de\\\/allianzen\\\/augenclinic-mallorca-allianz\\\/#primaryimage\"},\"image\":{\"@id\":\"https:\\\/\\\/t-golf.club\\\/de\\\/allianzen\\\/augenclinic-mallorca-allianz\\\/#primaryimage\"},\"thumbnailUrl\":\"https:\\\/\\\/t-golf.club\\\/wp-content\\\/uploads\\\/2024\\\/01\\\/Foto-logo-Augenclinic.jpg\",\"datePublished\":\"2024-01-25T12:44:11+00:00\",\"breadcrumb\":{\"@id\":\"https:\\\/\\\/t-golf.club\\\/de\\\/allianzen\\\/augenclinic-mallorca-allianz\\\/#breadcrumb\"},\"inLanguage\":\"de-DE\",\"potentialAction\":[{\"@type\":\"ReadAction\",\"target\":[\"https:\\\/\\\/t-golf.club\\\/de\\\/allianzen\\\/augenclinic-mallorca-allianz\\\/\"]}]},{\"@type\":\"ImageObject\",\"inLanguage\":\"de-DE\",\"@id\":\"https:\\\/\\\/t-golf.club\\\/de\\\/allianzen\\\/augenclinic-mallorca-allianz\\\/#primaryimage\",\"url\":\"https:\\\/\\\/t-golf.club\\\/wp-content\\\/uploads\\\/2024\\\/01\\\/Foto-logo-Augenclinic.jpg\",\"contentUrl\":\"https:\\\/\\\/t-golf.club\\\/wp-content\\\/uploads\\\/2024\\\/01\\\/Foto-logo-Augenclinic.jpg\",\"width\":833,\"height\":468},{\"@type\":\"BreadcrumbList\",\"@id\":\"https:\\\/\\\/t-golf.club\\\/de\\\/allianzen\\\/augenclinic-mallorca-allianz\\\/#breadcrumb\",\"itemListElement\":[{\"@type\":\"ListItem\",\"position\":1,\"name\":\"Home\",\"item\":\"https:\\\/\\\/t-golf.club\\\/de\\\/\"},{\"@type\":\"ListItem\",\"position\":2,\"name\":\"Allianzen\",\"item\":\"https:\\\/\\\/t-golf.club\\\/de\\\/allianzen\\\/\"},{\"@type\":\"ListItem\",\"position\":3,\"name\":\"Augenclinic Mallorca Allianz\"}]},{\"@type\":\"WebSite\",\"@id\":\"https:\\\/\\\/t-golf.club\\\/de\\\/#website\",\"url\":\"https:\\\/\\\/t-golf.club\\\/de\\\/\",\"name\":\"T Golf\",\"description\":\"\",\"inLanguage\":\"de-DE\"}]}<\/script>","yoast_head_json":{"title":"Augenclinic Mallorca Allianz - T Golf","robots":{"index":"index","follow":"follow","max-snippet":"max-snippet:-1","max-image-preview":"max-image-preview:large","max-video-preview":"max-video-preview:-1"},"canonical":"https:\/\/t-golf.club\/de\/allianzen\/augenclinic-mallorca-allianz\/","og_locale":"de_DE","og_type":"article","og_title":"Augenclinic Mallorca Allianz - T Golf","og_url":"https:\/\/t-golf.club\/de\/allianzen\/augenclinic-mallorca-allianz\/","og_site_name":"T Golf","og_image":[{"width":833,"height":468,"url":"https:\/\/t-golf.club\/wp-content\/uploads\/2024\/01\/Foto-logo-Augenclinic.jpg","type":"image\/jpeg"}],"twitter_card":"summary_large_image","schema":{"@context":"https:\/\/schema.org","@graph":[{"@type":"WebPage","@id":"https:\/\/t-golf.club\/de\/allianzen\/augenclinic-mallorca-allianz\/","url":"https:\/\/t-golf.club\/de\/allianzen\/augenclinic-mallorca-allianz\/","name":"Augenclinic Mallorca Allianz - T Golf","isPartOf":{"@id":"https:\/\/t-golf.club\/de\/#website"},"primaryImageOfPage":{"@id":"https:\/\/t-golf.club\/de\/allianzen\/augenclinic-mallorca-allianz\/#primaryimage"},"image":{"@id":"https:\/\/t-golf.club\/de\/allianzen\/augenclinic-mallorca-allianz\/#primaryimage"},"thumbnailUrl":"https:\/\/t-golf.club\/wp-content\/uploads\/2024\/01\/Foto-logo-Augenclinic.jpg","datePublished":"2024-01-25T12:44:11+00:00","breadcrumb":{"@id":"https:\/\/t-golf.club\/de\/allianzen\/augenclinic-mallorca-allianz\/#breadcrumb"},"inLanguage":"de-DE","potentialAction":[{"@type":"ReadAction","target":["https:\/\/t-golf.club\/de\/allianzen\/augenclinic-mallorca-allianz\/"]}]},{"@type":"ImageObject","inLanguage":"de-DE","@id":"https:\/\/t-golf.club\/de\/allianzen\/augenclinic-mallorca-allianz\/#primaryimage","url":"https:\/\/t-golf.club\/wp-content\/uploads\/2024\/01\/Foto-logo-Augenclinic.jpg","contentUrl":"https:\/\/t-golf.club\/wp-content\/uploads\/2024\/01\/Foto-logo-Augenclinic.jpg","width":833,"height":468},{"@type":"BreadcrumbList","@id":"https:\/\/t-golf.club\/de\/allianzen\/augenclinic-mallorca-allianz\/#breadcrumb","itemListElement":[{"@type":"ListItem","position":1,"name":"Home","item":"https:\/\/t-golf.club\/de\/"},{"@type":"ListItem","position":2,"name":"Allianzen","item":"https:\/\/t-golf.club\/de\/allianzen\/"},{"@type":"ListItem","position":3,"name":"Augenclinic Mallorca Allianz"}]},{"@type":"WebSite","@id":"https:\/\/t-golf.club\/de\/#website","url":"https:\/\/t-golf.club\/de\/","name":"T Golf","description":"","inLanguage":"de-DE"}]}},"_links":{"self":[{"href":"https:\/\/t-golf.club\/de\/wp-json\/wp\/v2\/pages\/35035","targetHints":{"allow":["GET"]}}],"collection":[{"href":"https:\/\/t-golf.club\/de\/wp-json\/wp\/v2\/pages"}],"about":[{"href":"https:\/\/t-golf.club\/de\/wp-json\/wp\/v2\/types\/page"}],"author":[{"embeddable":true,"href":"https:\/\/t-golf.club\/de\/wp-json\/wp\/v2\/users\/268"}],"replies":[{"embeddable":true,"href":"https:\/\/t-golf.club\/de\/wp-json\/wp\/v2\/comments?post=35035"}],"version-history":[{"count":1,"href":"https:\/\/t-golf.club\/de\/wp-json\/wp\/v2\/pages\/35035\/revisions"}],"predecessor-version":[{"id":35036,"href":"https:\/\/t-golf.club\/de\/wp-json\/wp\/v2\/pages\/35035\/revisions\/35036"}],"up":[{"embeddable":true,"href":"https:\/\/t-golf.club\/de\/wp-json\/wp\/v2\/pages\/7198"}],"wp:featuredmedia":[{"embeddable":true,"href":"https:\/\/t-golf.club\/de\/wp-json\/wp\/v2\/media\/35027"}],"wp:attachment":[{"href":"https:\/\/t-golf.club\/de\/wp-json\/wp\/v2\/media?parent=35035"}],"curies":[{"name":"wp","href":"https:\/\/api.w.org\/{rel}","templated":true}]}}