{"id":32896,"date":"2023-12-07T11:08:23","date_gmt":"2023-12-07T11:08:23","guid":{"rendered":"https:\/\/t-golf.club\/t-rules\/"},"modified":"2025-09-26T07:19:16","modified_gmt":"2025-09-26T07:19:16","slug":"t-rules","status":"publish","type":"page","link":"https:\/\/t-golf.club\/de\/t-rules\/","title":{"rendered":"T Rules"},"content":{"rendered":"","protected":false},"excerpt":{"rendered":"","protected":false},"author":275,"featured_media":11804,"parent":0,"menu_order":0,"comment_status":"closed","ping_status":"closed","template":"views\/flexible-member.blade.php","meta":{"_acf_changed":false,"footnotes":""},"class_list":["post-32896","page","type-page","status-publish","has-post-thumbnail","hentry"],"acf":{"size":"large","subtitle":"Regeln im T Club","link_back":"","hero":{"size":"large","subtitle":"Regeln im T Club","link_back":""},"content":[{"acf_fc_layout":"content","title":"","text_large":"","text":"<p><strong><big class=\"text-brown-500\">Kapitel I. Allgemeine Regeln im T Club<\/big><\/strong><\/p>\n<ul>\n<li><strong>Punkt 1.1<\/strong> Verhalten Sie sich jederzeit respektvoll gegen\u00fcber anderen Mitgliedern und dem Clubpersonal.<\/li>\n<li><strong>Punkt 1.2<\/strong> Befolgen Sie die festgelegten Regeln der Etikette und der Kleiderordnung.<\/li>\n<li><strong>Punkt 1.3<\/strong> Verhalten Sie sich auch au\u00dferhalb des Clubs so, dass der Ruf des T Golf Clubs gewahrt bleibt. Bei Problemen oder Beschwerden wenden Sie sich zun\u00e4chst direkt an die Clubleitung, bevor Sie diese \u00f6ffentlich \u00e4u\u00dfern.<\/li>\n<li><strong>Punkt 1.4<\/strong> Verwenden oder reproduzieren Sie zu keiner Zeit das Logo des Clubs ohne die ausdr\u00fcckliche Genehmigung der Gesch\u00e4ftsf\u00fchrung. Die Genehmigung wird immer schriftlich erteilt.<\/li>\n<\/ul>\n<p><strong><big class=\"text-brown-500\">Kapitel II. Erhaltung des Golfplatzes<\/big><\/strong><\/p>\n<ul>\n<li><strong>Punkt 2.1<\/strong> Bessern Sie Divots sofort aus und harken Sie Bunker nach der Benutzung glatt.<\/li>\n<li><strong>Punkt 2.2<\/strong> Tragen Sie zur Erhaltung der Umwelt bei und vermeiden Sie Sch\u00e4den an Flora und Fauna.<\/li>\n<\/ul>\n<p><strong><big class=\"text-brown-500\">Kapitel III. Spieltempo<\/big><\/strong><\/p>\n<ul>\n<li><strong>Punkt 3.1<\/strong> Halten Sie das Spieltempo ein, um unn\u00f6tige Verz\u00f6gerungen zu vermeiden. Halten Sie sich an Reservierungen und Zeitpl\u00e4ne, um einen geordneten Spielfluss aufrechtzuerhalten.<\/li>\n<li><strong>Punkt 3.2<\/strong> Die maximale Zeit f\u00fcr 18 L\u00f6cher in einer Runde von 4 Spielern betr\u00e4gt 4 Stunden und 30 Minuten.<\/li>\n<\/ul>\n<p><strong><big class=\"text-brown-500\">Kapitel IV. Aktive Teilnahme<\/big><\/strong><\/p>\n<ul>\n<li><strong>Punkt 4.1<\/strong> Meldung von Problemen oder konstruktiven Vorschl\u00e4gen an die Clubleitung<\/li>\n<\/ul>\n<p><strong><big class=\"text-brown-500\">Kapitel V. Sportlichkeit und H\u00f6flichkeit<\/big><\/strong><\/p>\n<ul>\n<li><strong>Punkt 5.1<\/strong> H\u00f6flichkeit und Sportlichkeit aus\u00fcben, unabh\u00e4ngig von der Spielst\u00e4rke.<\/li>\n<li><strong>Punkt 5.2<\/strong> Geniessen Sie das Spiel und tragen Sie zu einer positiven Atmosph\u00e4re f\u00fcr alle bei.<\/li>\n<\/ul>\n<p><strong><big class=\"text-brown-500\">Kapitel VI. Versicherung und pers\u00f6nliche Gegenst\u00e4nde<\/big><\/strong><\/p>\n<ul>\n<li><strong>Punkt 6.1<\/strong> Kennen und beachten Sie die Regeln und Einschr\u00e4nkungen der Versicherung f\u00fcr pers\u00f6nliche Gegenst\u00e4nde.<\/li>\n<li><strong>Punkt 6.2<\/strong> Vermeiden Sie es, unn\u00f6tige Wertsachen mit auf den Golfplatz zu nehmen und befolgen Sie die Empfehlungen f\u00fcr deren sichere Aufbewahrung.<\/li>\n<li><strong>Punkt 6.3<\/strong> Melden Sie Sch\u00e4den oder Verluste unverz\u00fcglich dem Personal und befolgen Sie die festgelegten Verfahren.<\/li>\n<\/ul>\n<p><strong><big class=\"text-brown-500\">Kapitel VII. Lagerraum im Clubhaus<\/big><\/strong><\/p>\n<ul>\n<li><strong>Punkt 7.1<\/strong> Golfschl\u00e4ger, Schl\u00e4ger und Trollies, die im Lagerraum des Clubhauses aufbewahrt werden, sich nicht versichert.\n<ul>\n<li>(a) Wir empfehlen den Mitgliedern, ihr Eigentum, das im Lagerraum gelagert wird, zu versichern.<\/li>\n<\/ul>\n<\/li>\n<\/ul>\n<p><strong><big class=\"text-brown-500\">Kapitel VIII. Restaurant und Terrasse<\/big><\/strong><\/p>\n<ul>\n<li><strong>Punkt 8.1<\/strong> Bringen Sie keine eigenen Speisen oder Getr\u00e4nke in das Restaurant oder auf die Clubterrasse.<\/li>\n<li><strong>Punkt 8.2<\/strong> Benutzen Sie die ausgewiesenen Bereiche, um Ihre Golftasche w\u00e4hrend Ihres Aufenthaltes aufzubewahren.<\/li>\n<li><strong>Punkt 8.3<\/strong> Arbeiten Sie mit dem Personal zusammen, indem Sie diese Regeln befolgen, um einen angenehmen Aufenthalt zu erleben.<\/li>\n<li><strong>Punkt 8.4<\/strong> Verhindern Sie das Mitnehmen von Golftaschen in das Restaurant oder auf die Terrasse.<\/li>\n<\/ul>\n<p><strong><big class=\"text-brown-500\">Kapitel IX. Regelungen f\u00fcr G\u00e4ste<\/big><\/strong><\/p>\n<ul>\n<li><strong>Punkt 9.<\/strong>1 Mitglieder k\u00f6nnen die Flatrate f\u00fcr G\u00e4ste nur f\u00fcr bis zu 3 G\u00e4ste pro Tag verwenden.<\/li>\n<li><strong>Punkt 9.2<\/strong> Ein und derselbe Gast kann maximal 5 Mal mit der Flatrate eingeladen werden.<\/li>\n<\/ul>\n<p><strong><big class=\"text-brown-500\">Kapitel X. Haustiere im Club<\/big><\/strong><\/p>\n<ul>\n<li><strong>Punkt 10.1<\/strong> Die Anwesenheit von Hunden im Club ist erlaubt, solange Sie die Einrichtungen und die Ruhe der Mitglieder und G\u00e4ste respektieren.<\/li>\n<\/ul>\n<p><strong><big class=\"text-brown-500\">Kapitel XI. Kredit f\u00fcr Konsum<\/big><\/strong><\/p>\n<ul>\n<li><strong>Punkt 11.1<\/strong> Wir geben den Mitgliedern die M\u00f6glichkeit, einen Kredit f\u00fcr ihre Clubausgaben aufzunehmen.<\/li>\n<li><strong>Punkt 11.2<\/strong> Verlangt wird von diesen Mitgliedern, dass sie alle Quittungen f\u00fcr ihren Konsum am Ende des Tages unterschreiben.<\/li>\n<li><strong>Punkt 11.3<\/strong> Mitglieder, welche dies nicht haben, werden dazu aufgefordert, ihren Konsum vor Ende des Tages zu begleichen.<\/li>\n<\/ul>\n<p><strong><big class=\"text-brown-500\">Kapitel XII. Verst\u00f6sse und Sanktionsmassnahmen<\/big><\/strong><\/p>\n<ul>\n<li><strong>Punkt 12.1\u00a0<\/strong>Sanktionsstufen<\/li>\n<\/ul>\n<p><strong>a) Stufe 1: Verwarnung<\/strong><\/p>\n<ul>\n<li style=\"list-style-type: none;\">\n<ul>\n<li style=\"list-style-type: none;\">\n<ul>\n<li>Schriftliche Verwarnung durch die Clubleitung<\/li>\n<li>Dokumentation des Versto\u00dfes<\/li>\n<li>Information an das betroffene Mitglied binnen 48 Stunden<\/li>\n<\/ul>\n<\/li>\n<\/ul>\n<\/li>\n<\/ul>\n<p><strong>b) Stufe 2: Ausschluss f\u00fcr 1 Monat<\/strong><\/p>\n<ul>\n<li style=\"list-style-type: none;\">\n<ul>\n<li style=\"list-style-type: none;\">\n<ul>\n<li>Tempor\u00e4rer Ausschluss von allen Clubaktivit\u00e4ten<\/li>\n<li>Keine Erstattung der Mitgliedsbeitr\u00e4ge w\u00e4hrend des Ausschlusses<\/li>\n<li>Schriftliche Mitteilung mit Begr\u00fcndung<\/li>\n<\/ul>\n<\/li>\n<\/ul>\n<\/li>\n<\/ul>\n<p><strong>c) Stufe 3: Ausschluss f\u00fcr 1 Jahr<\/strong><\/p>\n<ul>\n<li style=\"list-style-type: none;\">\n<ul>\n<li style=\"list-style-type: none;\">\n<ul>\n<li>Jahresausschluss von allen Clubaktivit\u00e4ten<\/li>\n<li>Keine Erstattung der Mitgliedsbeitr\u00e4ge<\/li>\n<li>Entscheidung durch die Clubleitung nach Anh\u00f6rung des Mitglieds<\/li>\n<\/ul>\n<\/li>\n<\/ul>\n<\/li>\n<\/ul>\n<p><strong>d) Stufe 4: Definitive Ausschluss<\/strong><\/p>\n<ul>\n<li style=\"list-style-type: none;\">\n<ul>\n<li style=\"list-style-type: none;\">\n<ul>\n<li>Permanente Beendigung der Mitgliedschaft<\/li>\n<li>Entscheidung durch die Clubleitung<\/li>\n<li>Formelles Verfahren mit Vertretungsrecht<\/li>\n<\/ul>\n<\/li>\n<\/ul>\n<\/li>\n<\/ul>\n<p>&nbsp;<\/p>\n<ul>\n<li><strong>Punkt 12.2\u00a0<\/strong>Zurodnung der Verst\u00f6sse zu Sanktionen<\/li>\n<\/ul>\n<p><strong>a) Stufe 1 (Verwarnung) bei:\u00a0<\/strong><\/p>\n<ul>\n<li style=\"list-style-type: none;\">\n<ul>\n<li style=\"list-style-type: none;\">\n<ul>\n<li>Erstmaliger Nichtbefolgen der Kleiderordnung<\/li>\n<li>Vergessen der Platzpflege (Divots, Bunker)<\/li>\n<li>Geringf\u00fcgige Spieltempo-Verz\u00f6gerungen<\/li>\n<li>Erstmaliges Mitbringen eigener Speisen\/Getr\u00e4nke<\/li>\n<\/ul>\n<\/li>\n<\/ul>\n<\/li>\n<\/ul>\n<p><strong>b) Stufe 2 (1 Monat Ausschluss) bei:<\/strong><\/p>\n<ul>\n<li style=\"list-style-type: none;\">\n<ul>\n<li style=\"list-style-type: none;\">\n<ul>\n<li>Wiederholten Verst\u00f6\u00dfen nach Verwarnung<\/li>\n<li>Respektlosem Verhalten gegen\u00fcber Personal oder Mitgliedern<\/li>\n<li>Nichtbegleichung von Clubrechnungen trotz Aufforderung<\/li>\n<\/ul>\n<\/li>\n<\/ul>\n<\/li>\n<\/ul>\n<p><strong>c) Stufe 3 (1 Jahr Auschluss) bei:\u00a0<\/strong><\/p>\n<ul>\n<li style=\"list-style-type: none;\">\n<ul>\n<li style=\"list-style-type: none;\">\n<ul>\n<li>K\u00f6rperlicher oder verbaler Gewalt<\/li>\n<li>Vors\u00e4tzlicher Besch\u00e4digung von Clubeigentum<\/li>\n<li>Unbefugter Nutzung des Club-Logos<\/li>\n<li>Schwerwiegenden Verst\u00f6\u00dfen gegen die Platzpflege<\/li>\n<\/ul>\n<\/li>\n<\/ul>\n<\/li>\n<\/ul>\n<p><strong>d) Stufe 4 (Definitiver Ausschluss) bei:\u00a0<\/strong><\/p>\n<ul>\n<li style=\"list-style-type: none;\">\n<ul>\n<li style=\"list-style-type: none;\">\n<ul>\n<li>Kriminellen Handlungen auf dem Clubgel\u00e4nde<\/li>\n<li>Wiederholten schweren Verst\u00f6\u00dfen nach Jahresausschluss<\/li>\n<li>Bedrohung oder Bel\u00e4stigung von Mitgliedern oder Personal<\/li>\n<li>Schwerwiegender Rufsch\u00e4digung des Clubs<\/li>\n<\/ul>\n<\/li>\n<\/ul>\n<\/li>\n<\/ul>\n<p>&nbsp;<\/p>\n<ul>\n<li><strong>Punkt 12.3\u00a0<\/strong>Verfahren\n<ul>\n<li style=\"list-style-type: none;\">\n<ul>\n<li>Bei allen Sanktionen ab Stufe 2 hat das Mitglied das Recht auf Anh\u00f6rung<\/li>\n<li>Sanktionen werden schriftlich mit Begr\u00fcndung mitgeteilt<\/li>\n<li>Gegen Sanktionen ab Stufe 3 kann binnen 14 Tagen Berufung eingelegt werden<\/li>\n<li>Die Clubleitung dokumentiert alle Verst\u00f6\u00dfe und Sanktionen<\/li>\n<\/ul>\n<\/li>\n<\/ul>\n<\/li>\n<\/ul>\n<p><strong><big class=\"text-brown-500\">Kapitel XIII. Wertsch\u00e4tzung und Zusammenarbeit<\/big><\/strong><\/p>\n<ul>\n<li><strong>Punkt 13.1<\/strong> Wir bedanken uns f\u00fcr das Verst\u00e4ndnis und die Zusammenarbeit der Mitglieder bei der Einhaltung dieser Regeln, um eine harmonische Atmosph\u00e4re im gesamten T Club zu erhalten.<\/li>\n<\/ul>\n","link":"","cards":false,"image":false,"sidebar":false,"background_color":"white"}],"wp_nav_image":false},"yoast_head":"<title>T Rules - T Golf<\/title>\n<meta name=\"robots\" content=\"index, follow, max-snippet:-1, max-image-preview:large, max-video-preview:-1\" \/>\n<link rel=\"canonical\" href=\"https:\/\/t-golf.club\/de\/t-rules\/\" \/>\n<meta property=\"og:locale\" content=\"de_DE\" \/>\n<meta property=\"og:type\" content=\"article\" \/>\n<meta property=\"og:title\" content=\"T Rules - T Golf\" \/>\n<meta property=\"og:url\" content=\"https:\/\/t-golf.club\/de\/t-rules\/\" \/>\n<meta property=\"og:site_name\" content=\"T Golf\" \/>\n<meta property=\"article:modified_time\" content=\"2025-09-26T07:19:16+00:00\" \/>\n<meta property=\"og:image\" content=\"https:\/\/t-golf.club\/wp-content\/uploads\/2022\/03\/Hoyo-18-con-llaut-y-puente-scaled.jpg\" \/>\n\t<meta property=\"og:image:width\" content=\"1920\" \/>\n\t<meta property=\"og:image:height\" content=\"2560\" \/>\n\t<meta property=\"og:image:type\" content=\"image\/jpeg\" \/>\n<meta name=\"twitter:card\" content=\"summary_large_image\" \/>\n<meta name=\"twitter:label1\" content=\"Est. reading time\" \/>\n\t<meta name=\"twitter:data1\" content=\"4 minutes\" \/>\n<script type=\"application\/ld+json\" class=\"yoast-schema-graph\">{\"@context\":\"https:\\\/\\\/schema.org\",\"@graph\":[{\"@type\":\"WebPage\",\"@id\":\"https:\\\/\\\/t-golf.club\\\/de\\\/t-rules\\\/\",\"url\":\"https:\\\/\\\/t-golf.club\\\/de\\\/t-rules\\\/\",\"name\":\"T Rules - T Golf\",\"isPartOf\":{\"@id\":\"https:\\\/\\\/t-golf.club\\\/de\\\/#website\"},\"primaryImageOfPage\":{\"@id\":\"https:\\\/\\\/t-golf.club\\\/de\\\/t-rules\\\/#primaryimage\"},\"image\":{\"@id\":\"https:\\\/\\\/t-golf.club\\\/de\\\/t-rules\\\/#primaryimage\"},\"thumbnailUrl\":\"https:\\\/\\\/t-golf.club\\\/wp-content\\\/uploads\\\/2022\\\/03\\\/Hoyo-18-con-llaut-y-puente-scaled.jpg\",\"datePublished\":\"2023-12-07T11:08:23+00:00\",\"dateModified\":\"2025-09-26T07:19:16+00:00\",\"breadcrumb\":{\"@id\":\"https:\\\/\\\/t-golf.club\\\/de\\\/t-rules\\\/#breadcrumb\"},\"inLanguage\":\"de-DE\",\"potentialAction\":[{\"@type\":\"ReadAction\",\"target\":[\"https:\\\/\\\/t-golf.club\\\/de\\\/t-rules\\\/\"]}]},{\"@type\":\"ImageObject\",\"inLanguage\":\"de-DE\",\"@id\":\"https:\\\/\\\/t-golf.club\\\/de\\\/t-rules\\\/#primaryimage\",\"url\":\"https:\\\/\\\/t-golf.club\\\/wp-content\\\/uploads\\\/2022\\\/03\\\/Hoyo-18-con-llaut-y-puente-scaled.jpg\",\"contentUrl\":\"https:\\\/\\\/t-golf.club\\\/wp-content\\\/uploads\\\/2022\\\/03\\\/Hoyo-18-con-llaut-y-puente-scaled.jpg\",\"width\":1920,\"height\":2560,\"caption\":\"OLYMPUS DIGITAL CAMERA\"},{\"@type\":\"BreadcrumbList\",\"@id\":\"https:\\\/\\\/t-golf.club\\\/de\\\/t-rules\\\/#breadcrumb\",\"itemListElement\":[{\"@type\":\"ListItem\",\"position\":1,\"name\":\"Home\",\"item\":\"https:\\\/\\\/t-golf.club\\\/de\\\/\"},{\"@type\":\"ListItem\",\"position\":2,\"name\":\"T Rules\"}]},{\"@type\":\"WebSite\",\"@id\":\"https:\\\/\\\/t-golf.club\\\/de\\\/#website\",\"url\":\"https:\\\/\\\/t-golf.club\\\/de\\\/\",\"name\":\"T Golf\",\"description\":\"\",\"inLanguage\":\"de-DE\"}]}<\/script>","yoast_head_json":{"title":"T Rules - T Golf","robots":{"index":"index","follow":"follow","max-snippet":"max-snippet:-1","max-image-preview":"max-image-preview:large","max-video-preview":"max-video-preview:-1"},"canonical":"https:\/\/t-golf.club\/de\/t-rules\/","og_locale":"de_DE","og_type":"article","og_title":"T Rules - T Golf","og_url":"https:\/\/t-golf.club\/de\/t-rules\/","og_site_name":"T Golf","article_modified_time":"2025-09-26T07:19:16+00:00","og_image":[{"width":1920,"height":2560,"url":"https:\/\/t-golf.club\/wp-content\/uploads\/2022\/03\/Hoyo-18-con-llaut-y-puente-scaled.jpg","type":"image\/jpeg"}],"twitter_card":"summary_large_image","twitter_misc":{"Est. reading time":"4 minutes"},"schema":{"@context":"https:\/\/schema.org","@graph":[{"@type":"WebPage","@id":"https:\/\/t-golf.club\/de\/t-rules\/","url":"https:\/\/t-golf.club\/de\/t-rules\/","name":"T Rules - T Golf","isPartOf":{"@id":"https:\/\/t-golf.club\/de\/#website"},"primaryImageOfPage":{"@id":"https:\/\/t-golf.club\/de\/t-rules\/#primaryimage"},"image":{"@id":"https:\/\/t-golf.club\/de\/t-rules\/#primaryimage"},"thumbnailUrl":"https:\/\/t-golf.club\/wp-content\/uploads\/2022\/03\/Hoyo-18-con-llaut-y-puente-scaled.jpg","datePublished":"2023-12-07T11:08:23+00:00","dateModified":"2025-09-26T07:19:16+00:00","breadcrumb":{"@id":"https:\/\/t-golf.club\/de\/t-rules\/#breadcrumb"},"inLanguage":"de-DE","potentialAction":[{"@type":"ReadAction","target":["https:\/\/t-golf.club\/de\/t-rules\/"]}]},{"@type":"ImageObject","inLanguage":"de-DE","@id":"https:\/\/t-golf.club\/de\/t-rules\/#primaryimage","url":"https:\/\/t-golf.club\/wp-content\/uploads\/2022\/03\/Hoyo-18-con-llaut-y-puente-scaled.jpg","contentUrl":"https:\/\/t-golf.club\/wp-content\/uploads\/2022\/03\/Hoyo-18-con-llaut-y-puente-scaled.jpg","width":1920,"height":2560,"caption":"OLYMPUS DIGITAL CAMERA"},{"@type":"BreadcrumbList","@id":"https:\/\/t-golf.club\/de\/t-rules\/#breadcrumb","itemListElement":[{"@type":"ListItem","position":1,"name":"Home","item":"https:\/\/t-golf.club\/de\/"},{"@type":"ListItem","position":2,"name":"T Rules"}]},{"@type":"WebSite","@id":"https:\/\/t-golf.club\/de\/#website","url":"https:\/\/t-golf.club\/de\/","name":"T Golf","description":"","inLanguage":"de-DE"}]}},"_links":{"self":[{"href":"https:\/\/t-golf.club\/de\/wp-json\/wp\/v2\/pages\/32896","targetHints":{"allow":["GET"]}}],"collection":[{"href":"https:\/\/t-golf.club\/de\/wp-json\/wp\/v2\/pages"}],"about":[{"href":"https:\/\/t-golf.club\/de\/wp-json\/wp\/v2\/types\/page"}],"author":[{"embeddable":true,"href":"https:\/\/t-golf.club\/de\/wp-json\/wp\/v2\/users\/275"}],"replies":[{"embeddable":true,"href":"https:\/\/t-golf.club\/de\/wp-json\/wp\/v2\/comments?post=32896"}],"version-history":[{"count":5,"href":"https:\/\/t-golf.club\/de\/wp-json\/wp\/v2\/pages\/32896\/revisions"}],"predecessor-version":[{"id":62891,"href":"https:\/\/t-golf.club\/de\/wp-json\/wp\/v2\/pages\/32896\/revisions\/62891"}],"wp:featuredmedia":[{"embeddable":true,"href":"https:\/\/t-golf.club\/de\/wp-json\/wp\/v2\/media\/11804"}],"wp:attachment":[{"href":"https:\/\/t-golf.club\/de\/wp-json\/wp\/v2\/media?parent=32896"}],"curies":[{"name":"wp","href":"https:\/\/api.w.org\/{rel}","templated":true}]}}