{"id":30914,"date":"2023-08-24T18:53:49","date_gmt":"2023-08-24T18:53:49","guid":{"rendered":"https:\/\/t-golf.club\/t-elicious-calvia\/"},"modified":"2026-04-12T09:01:27","modified_gmt":"2026-04-12T09:01:27","slug":"t-elicious-calvia","status":"publish","type":"page","link":"https:\/\/t-golf.club\/de\/t-elicious-calvia\/","title":{"rendered":"T-elicious Calvia"},"content":{"rendered":"","protected":false},"excerpt":{"rendered":"","protected":false},"author":275,"featured_media":27508,"parent":0,"menu_order":0,"comment_status":"closed","ping_status":"closed","template":"views\/gastronomy-menu.blade.php","meta":{"_acf_changed":false,"footnotes":""},"class_list":["post-30914","page","type-page","status-publish","has-post-thumbnail","hentry"],"acf":{"menu_sections":[{"title":"ZUM TEILEN","columns":"2","items":[{"name":"Kristallbrot mit Tomate","price":"11","allergens":"A","vegetarian":true},{"name":"Kristallbrot mit Tomate und Avocado","price":"17","allergens":"A","vegetarian":true},{"name":"Ceviche\r\nGarnelen | Koriander | Avocado | Tomaten | Fr\u00fchlingszwiebeln","price":"21","allergens":"BGLO","vegetarian":false},{"name":"Hausgemachte Guacamole\r\nAvocado | Schmand | Koriander | rote Zwiebeln | Nachos - am Tisch zubereitet","price":"19","allergens":"GLN","vegetarian":true},{"name":"Sardinen mit Tomaten\r\nKantabrische Sardinen | saisonalen Tomaten","price":"18","allergens":"ABDMOR","vegetarian":false},{"name":"Pikante Kroketten vom Iberico-Schinken\r\nRucola | Parmesank\u00e4se | Sriracha-Mayonnaise","price":"14","allergens":"AGL","vegetarian":false}]},{"title":"SALATE","columns":"2","items":[{"name":"Burrata \u00e0 la Dorfkrug\r\nBurrata | ger\u00f6steter Knoblauch | Chilis | Kirschtomaten | Sambal Oelek | Spinat","price":"21","allergens":"AGO","vegetarian":true},{"name":"Caesar Salad\r\nH\u00e4hnchenbrust | Eier | Cro\u00fbtons | Kirschtomaten | K\u00e4se | Parmesank\u00e4se\r\n","price":"22","allergens":"ACDFMO","vegetarian":true},{"name":"Salat mit Gem\u00fcse \r\nMangosorbet | Thai-Chili-Sauce\r\n","price":"20","allergens":"ACDFMO","vegetarian":true},{"name":"Salat mit Poulardenbrust in Tempurateig\r\nMangosorbet | Thai-Chili-Sauce\r\n","price":"22","allergens":"ACDFMO","vegetarian":false}]},{"title":"BURGERS & SANDWICHES","columns":"2","items":[{"name":"T Club Burger\r\nCheddar-K\u00e4se | Tomate | Rotkohlsalat | Pommes frites     ","price":"26","allergens":"ACGLMO","vegetarian":false},{"name":"Pulled Pork Burger  \r\nPulled Pork | Gew\u00fcrzgurken | Tomate | Weisskohlsalat | Pommes frites","price":"26","allergens":"ACGLMO","vegetarian":false},{"name":"Veggie Burger\r\nVeggie Burger | Cheddark\u00e4se | Tomaten | Rotkohl | S\u00fcsskartoffel-Pommes\r\n","price":"22","allergens":"ACGLMO","vegetarian":true},{"name":"Club Sandwich\r\nH\u00e4hnchenbrust | Bacon | Eisbergsalat | Spiegelei | Tomate | Pommes frites\r\n","price":"22","allergens":"ACGLMO","vegetarian":false}]},{"title":"HAUPTGERICHTE","columns":"2","items":[{"name":"Vegetarischer Flammkuchen \r\nSchmand | K\u00e4se | Fr\u00fchlingszwiebeln | Rucola \t\t\r\n","price":"19","allergens":"ACG","vegetarian":true},{"name":"Flammkuchen mit Iberico-Schinken\r\nSchmand | K\u00e4se | Fr\u00fchlingszwiebeln | Rucola \t\t\r\n","price":"29","allergens":"ACG","vegetarian":false},{"name":"Frikadellen\r\nHausgemachte Frikadellen | Kartoffelp\u00fcree | R\u00f6stzwiebeln\r\n","price":"24","allergens":"ABCDFGLMNOR","vegetarian":false},{"name":"Gegrillter Kalamar\r\nKnoblauch-Chili\u00f6l | gemischter Salat\r\n","price":"35","allergens":"GLMO","vegetarian":false},{"name":"Penne Arrabbiata\r\nTomaten-Chili-Sauce | Burrata | frischem Basilikum\r\n","price":"25","allergens":"ABCDFGLMNOR","vegetarian":true},{"name":"Wiener Schnitzel\r\nKalbsfleisch | Pommes frites | Preiselbeeren\r\n","price":"35","allergens":"ACGLM","vegetarian":false},{"name":"Rosa gebratenes Rinderfilet\r\nCaf\u00e9 de Par\u00eds-Sauce | gr\u00fcnem Spargel | Kartoffelp\u00fcree\r\n","price":"48","allergens":"ABCDFGLMNOR","vegetarian":false}]},{"title":"DESSERTS","columns":"2","items":[{"name":"K\u00e4sekuchen\r\nFruchtcoulis | Erdbeereis\r\n","price":"11","allergens":"ACGH","vegetarian":false},{"name":"Mallorquinischer Mandelkuchen mit Vanilleeis","price":"10","allergens":"CGH","vegetarian":false},{"name":"Affogato","price":"8","allergens":"CG","vegetarian":false},{"name":"Eiscreme und Sorbet: Mango, Erdbeere, Zitrone, Schokolade, Vanille","price":"4.5","allergens":"CGH","vegetarian":false}]}],"wine_sections":[{"title":"WEISSWEINE","columns":"2","items":[{"acf_fc_layout":"subtitle","text":"MALLORCA"},{"acf_fc_layout":"item","name":"EL S\u00c0VI","description":"Callet Viognier","15litre-price":"","bottle-price":"35","glass-price":"7"},{"acf_fc_layout":"item","name":"NOUNAT","description":"Premsal, Chardonnay","15litre-price":"","bottle-price":"52","glass-price":""},{"acf_fc_layout":"item","name":"ACKERMANS (ECOLOGICO)","description":"Chardonnay","15litre-price":"130","bottle-price":"50","glass-price":"9"},{"acf_fc_layout":"subtitle","text":"RUEDA"},{"acf_fc_layout":"item","name":"BELLORI","description":"Verdejo","15litre-price":"","bottle-price":"39","glass-price":"8"},{"acf_fc_layout":"item","name":"JAVIER SANZ ","description":"Verdejo","15litre-price":"","bottle-price":"39","glass-price":"8"},{"acf_fc_layout":"item","name":"FINCA LA COLINA","description":"Sauvignon Blanc","15litre-price":"","bottle-price":"55","glass-price":"9"},{"acf_fc_layout":"item","name":"BELONDRADE Y LURTON","description":"Verdejo","15litre-price":"","bottle-price":"140","glass-price":""},{"acf_fc_layout":"subtitle","text":"RIAS BAIXAS"},{"acf_fc_layout":"item","name":"PAZO DE SOANE","description":"Albari\u00f1o","15litre-price":"","bottle-price":"50","glass-price":"9"},{"acf_fc_layout":"subtitle","text":"ITALIEN"},{"acf_fc_layout":"item","name":"VILLA SPARINA GAVI DI GAVI","description":"Cortese","15litre-price":"","bottle-price":"72","glass-price":""},{"acf_fc_layout":"item","name":"JERMANN","description":"Pinot Grigio","15litre-price":"","bottle-price":"75","glass-price":""}]},{"title":"ROS\u00c9WEINE","columns":"2","items":[{"acf_fc_layout":"subtitle","text":"MALLORCA"},{"acf_fc_layout":"item","name":"ACKERMANS (ECOLOGICO)","description":"Callet","15litre-price":"130","bottle-price":"50","glass-price":"9"},{"acf_fc_layout":"subtitle","text":"RIOJA"},{"acf_fc_layout":"item","name":"MARQUES DE CACERES EXCELLENS","description":"Garnacha tinta, Tempranillo","15litre-price":"","bottle-price":"39","glass-price":"7"},{"acf_fc_layout":"subtitle","text":"FRANKREICH"},{"acf_fc_layout":"item","name":"MINUTY","description":"Grenache, Cinsault, Syrah","15litre-price":"143","bottle-price":"62","glass-price":""},{"acf_fc_layout":"item","name":"CHATEAU DE SELLE","description":"Cabernet Sauvignen, Grenache, CInsault, Syrah","15litre-price":"209","bottle-price":"99","glass-price":""}]},{"title":"ROTWEINE","columns":"2","items":[{"acf_fc_layout":"subtitle","text":"MALLORCA"},{"acf_fc_layout":"item","name":"OBAC","description":"Mantonegro, Carbenet Sauvignon","15litre-price":"","bottle-price":"50","glass-price":"9"},{"acf_fc_layout":"item","name":"LA LL\u00c1GRIMO DENERA","description":"Carbernet Sauvignon, Tempranillo, Syrah, Petit Verdot","15litre-price":"","bottle-price":"48","glass-price":""},{"acf_fc_layout":"item","name":"ROVER N 1 2019","description":"100 % Syrah ","15litre-price":"","bottle-price":"69","glass-price":""},{"acf_fc_layout":"item","name":"GRAN VERAN 2021","description":"Mantonegro, Syrah","15litre-price":"195","bottle-price":"99","glass-price":""},{"acf_fc_layout":"item","name":"GRAND VIN SON MAYOL 2018","description":"Carbernet, Merlot","15litre-price":"","bottle-price":"150","glass-price":""},{"acf_fc_layout":"subtitle","text":"RIBERA DEL DUERO"},{"acf_fc_layout":"item","name":"CAIR CUVEE","description":"Tempranillo, Garnacha","15litre-price":"","bottle-price":"39","glass-price":"8"},{"acf_fc_layout":"item","name":"FINCA RESALSO Emilio Moro 2024","description":"100 % Tempranillo","15litre-price":"","bottle-price":"39","glass-price":"7"},{"acf_fc_layout":"item","name":"CORIMBO 2020\/21","description":"100 % Tinta del pais","15litre-price":"130","bottle-price":"50","glass-price":""},{"acf_fc_layout":"item","name":"CORIMBO 1 2018","description":"100 % Tinta del pais","15litre-price":"","bottle-price":"90","glass-price":""},{"acf_fc_layout":"item","name":"CORIMBO 1 2016","description":"100 % Tinta del pais","15litre-price":"175","bottle-price":"","glass-price":""},{"acf_fc_layout":"item","name":"PAGO DE CARRAOVEJAS 2022\/23","description":"Tinto fino, Cabernet Sauvignon, Merlot","15litre-price":"165","bottle-price":"75","glass-price":""},{"acf_fc_layout":"item","name":"AALTO 2022\/23","description":"Tinto Fino","15litre-price":"220","bottle-price":"95","glass-price":""},{"acf_fc_layout":"item","name":"ALION 2021 Bodegas Vega Sicilia","description":"Tempranillo","15litre-price":"","bottle-price":"185","glass-price":""},{"acf_fc_layout":"item","name":"HACIENDA MONASTERIO 2020","description":"Tinta del pais, Cabenet Sauvignon, Merlot","15litre-price":"","bottle-price":"125","glass-price":""},{"acf_fc_layout":"item","name":"UNICO VEGA SICILIA 2014","description":"Cabernet Sauvignon, Tempranillo","15litre-price":"","bottle-price":"745","glass-price":""},{"acf_fc_layout":"item","name":"VEGA SICILIA VALBUENA 5\u00ba 2020","description":"Tempranillo, Merlot","15litre-price":"","bottle-price":"295","glass-price":""},{"acf_fc_layout":"item","name":"FLOR DE PINGUS 2019","description":"Tinto fino","15litre-price":"","bottle-price":"240","glass-price":""},{"acf_fc_layout":"item","name":"PINGUS 2020","description":"Tinto fino","15litre-price":"","bottle-price":"1600","glass-price":""},{"acf_fc_layout":"subtitle","text":"RIOJA"},{"acf_fc_layout":"item","name":"LUIS CA\u00d1AS RESERVA 2018\/19","description":"Tempranillo","15litre-price":"","bottle-price":"45","glass-price":""},{"acf_fc_layout":"item","name":"RODA 1 RESERVA 2019","description":"Tempranillo, Garciano, Garnacha","15litre-price":"185","bottle-price":"99","glass-price":""},{"acf_fc_layout":"subtitle","text":"TORO"},{"acf_fc_layout":"item","name":"PINTIA 2018\/19","description":"Tempranillo","15litre-price":"","bottle-price":"149","glass-price":""},{"acf_fc_layout":"subtitle","text":"BASKENLAND"},{"acf_fc_layout":"item","name":"ARTADI 2019\/21","description":"Tempranillo","15litre-price":"","bottle-price":"75","glass-price":""},{"acf_fc_layout":"subtitle","text":"FRANKREICH"},{"acf_fc_layout":"item","name":"CHATEAU MARGAUX 2014 - Premier Grand Cru Class\u00e9","description":"C. Sauvignon, Merlot Noir, Cabenet Franc, Petit Verdot","15litre-price":"","bottle-price":"825","glass-price":""},{"acf_fc_layout":"subtitle","text":"ITALIEN"},{"acf_fc_layout":"item","name":"LE VOLTE TINTO ORNELLAIA 2022","description":"Cabernet Sauvignon, Merlot, Sangiovese","15litre-price":"","bottle-price":"75","glass-price":""},{"acf_fc_layout":"item","name":"POGGIO SALVI BRUNELLO DI MONTALCINO 2016","description":"Sangiovese","15litre-price":"","bottle-price":"155","glass-price":""},{"acf_fc_layout":"item","name":"CONTEISA 2015","description":"Nebbiolo","15litre-price":"","bottle-price":"440","glass-price":""},{"acf_fc_layout":"item","name":"LA GRAZIA 2018","description":"Merlot, Cabernet Sauvignon, Cabernet Franc","15litre-price":"","bottle-price":"550","glass-price":""},{"acf_fc_layout":"item","name":"SASSICAIA 2020","description":"Cabernet","15litre-price":"","bottle-price":"495","glass-price":""},{"acf_fc_layout":"item","name":"SOLAIA 2017","description":"Cabernet Sauvignon, Cabernet Franc, Sangiovese","15litre-price":"","bottle-price":"720","glass-price":""},{"acf_fc_layout":"subtitle","text":"NAPA VALLEY"},{"acf_fc_layout":"item","name":"OPUS ONE OVERTURE RELEASE","description":"Merlot, Cabernet Franc, Petit Verdot & Malbec","15litre-price":"","bottle-price":"330","glass-price":""},{"acf_fc_layout":"item","name":"OPUS ONE 2018","description":"Tempranillo, Garciano, Garnacha","15litre-price":"","bottle-price":"745","glass-price":""}]},{"title":"CHAMPAGNER, SEKT & PROSECCO ","columns":"2","items":[{"acf_fc_layout":"subtitle","text":"CHAMPAGNER"},{"acf_fc_layout":"item","name":"MO\u00cbT & CHANDON ROS\u00c9 IMP\u00c9RIAL ","description":"Chardonnay, Pinot Noir, Pinot Meunier","15litre-price":"","bottle-price":"155","glass-price":"20"},{"acf_fc_layout":"item","name":"MO\u00cbT & CHANDON BRUT IMP\u00c9RIAL ","description":"Chardonnay, Pinot Noir, Pinot Meunier","15litre-price":"","bottle-price":"130","glass-price":"20"},{"acf_fc_layout":"item","name":"RUINART ROS\u00cb CUV\u00c9E","description":"Pinot Noir, Chardonnay","15litre-price":"","bottle-price":"200","glass-price":""},{"acf_fc_layout":"item","name":"RUINART BLANC DE BLANCS","description":"Pinot Noir, Chardonnay","15litre-price":"","bottle-price":"250","glass-price":""},{"acf_fc_layout":"item","name":"DOM PERIGNON","description":"Pinot Noir, Chardonnay","15litre-price":"","bottle-price":"399","glass-price":""},{"acf_fc_layout":"item","name":"BOLLINGER 2012","description":"Pinot Noir, Chardonnay","15litre-price":"","bottle-price":"440","glass-price":""},{"acf_fc_layout":"subtitle","text":"SEKT"},{"acf_fc_layout":"item","name":"DUC DE FOIX BRUT NATURE","description":"Macabeo, Xarello, Parellada","15litre-price":"","bottle-price":"40","glass-price":"7"},{"acf_fc_layout":"item","name":"ALTA ALELLA LAIET\u00c0 2019","description":"Gran Reserva, Brut Nature 2019","15litre-price":"","bottle-price":"59","glass-price":""},{"acf_fc_layout":"subtitle","text":"PROSECCO"},{"acf_fc_layout":"item","name":"MIONETTO ROS\u00c9 FRIOLI VENECIA","description":"Glera Pinot Noir","15litre-price":"","bottle-price":"42","glass-price":"8"},{"acf_fc_layout":"subtitle","text":"DESSERTWEIN - Mallorca"}]}],"other_sections":[{"title":"BIER","columns":"2","items":[{"name":"Aguila","price":"4","description":""},{"name":"Aguila","price":"7","description":""},{"name":"Shandy \/ Clara (0,3 l)","price":"4","description":""},{"name":"Shandy \/ Clara (0,5 l)","price":"7","description":""},{"name":"Paulaner  (0,3 l)","price":"4.5","description":""},{"name":"Paulaner  (0,5 l)","price":"7","description":""},{"name":"Erdinger 0,0 %","price":"6","description":""},{"name":"Guinness","price":"7","description":""}]},{"title":"SOFTGETR\u00c4NKE","columns":"2","items":[{"name":"Coca Cola \/ Zero","price":"4","description":""},{"name":"Fanta, Sprite","price":"4","description":""},{"name":"Nestea, Aquarius","price":"4.5","description":""},{"name":"T\u00f3nica","price":"4","description":""},{"name":"Fevertree T\u00f3nica","price":"5","description":""},{"name":"Golfer (pomelo, t\u00f3nica, soda)","price":"5","description":""},{"name":"T-Golfer (Heidelbeere, Tonic)","price":"5","description":""},{"name":"Frisch gepresster Orangensaft","price":"6","description":""},{"name":"Pfirsich-\/Apfel-\/Tomatensaft","price":"3.5","description":""},{"name":"Apfelschorle","price":"5","description":""},{"name":"Wasser 0,5L","price":"3.5","description":""},{"name":"Wasser 0,7L","price":"5.5","description":""}]},{"title":"COCKTAILS","columns":"2","items":[{"name":"Aperol \/ Campari Spritz","price":"11","description":""},{"name":"Bloody Mary","price":"11","description":""},{"name":"Hugo","price":"12","description":""},{"name":"Lillet","price":"12","description":""},{"name":"Rusty Nail","price":"12","description":""}]},{"title":"SANGRIA","columns":"2","items":[{"name":"Sangria 0,3 L","price":"14","description":""},{"name":"Krug Sangria ","price":"35","description":""},{"name":"Sangria Mo\u00ebt & Chandon 0,3 L","price":"25","description":""},{"name":"Krug Sangria Mo\u00ebt & Chandon","price":"150","description":""}]},{"title":"KAFFEE & TEE","columns":"2","items":[{"name":"Espresso","price":"3","description":""},{"name":"Doppelter Espresso","price":"4.5","description":""},{"name":"Cortado","price":"4","description":""},{"name":"Milchkaffee","price":"4","description":""},{"name":"Cappucino","price":"3.5","description":""},{"name":"Latte Macchiato \/ Ice Latte","price":"6","description":""},{"name":"Matcha Latte","price":"6","description":""},{"name":"Carajillo","price":"7","description":""},{"name":"Nutty African (Amarula \/ Coffee)","price":"10","description":""},{"name":"Tee","price":"3.5","description":""},{"name":"Match Tee","price":"7","description":""},{"name":"Hafermilch","price":"0.5","description":""}]},{"title":"WHISKEY","columns":"2","items":[{"name":"Ballantines ","price":"9","description":""},{"name":"Jameson","price":"9","description":""},{"name":"Jack Daniels","price":"10","description":""},{"name":"Chivas 12","price":"12","description":""},{"name":"Johnnie Walker Black","price":"12","description":""},{"name":"Cardhu 12","price":"12","description":""},{"name":"Obam 14","price":"14","description":""},{"name":"Lagavulin Malta 16 years","price":"20","description":""},{"name":"Suntory Hibiki Harmony","price":"18","description":""},{"name":"Macallan 15 years","price":"22","description":""}]},{"title":"GIN","columns":"2","items":[{"name":"Seagram`s ","price":"9","description":""},{"name":"Tanqueray","price":"9","description":""},{"name":"Beafeater","price":"9","description":""},{"name":"Citadelle","price":"10","description":""},{"name":"Bulldog","price":"11","description":""},{"name":"Suau Maior","price":"11","description":""},{"name":"Hendricks","price":"12","description":""},{"name":"Gin Mare","price":"12","description":""},{"name":"Brockmans","price":"12","description":""},{"name":"G\u00b4Vine Floraison","price":"12","description":""},{"name":"Monkey 47","price":"13","description":""},{"name":"Roku","price":"13","description":""}]},{"title":"RON","columns":"2","items":[{"name":"Havana 7","price":"8","description":""},{"name":"Barcelo A\u00f1ejo","price":"9","description":""},{"name":"Cacique","price":"9","description":""},{"name":"Diplomatico","price":"11","description":""},{"name":"Zapaca Solera 23","price":"14","description":""},{"name":"Millonario XO","price":"17","description":""}]},{"title":"VODKA","columns":"2","items":[{"name":"Absolut","price":"8","description":""},{"name":"Belvedere","price":"11","description":""},{"name":"Beluga","price":"11","description":""},{"name":"Grey Goose","price":"12","description":""},{"name":"Crystal Head","price":"12","description":""}]},{"title":"TEQUILA","columns":"2","items":[{"name":"Olmeca","price":"7","description":""},{"name":"Patr\u00f3n","price":"12","description":""}]},{"title":"COGNAC Y BRANDY","columns":"2","items":[{"name":"Courvoisier V.S.","price":"10","description":""},{"name":"Brandy Cardenal Mendoza","price":"10","description":""},{"name":"Brandy Carlos I (Jerez)","price":"11","description":""},{"name":"Brandy Suau 15 a\u00f1os","price":"11","description":""},{"name":"Brandy Suau 25 a\u00f1os","price":"12","description":""},{"name":"Boulard Calvados","price":"12","description":""},{"name":"Cognac Hennessy Xo","price":"40","description":""}]}],"allergens_title":"Allergien","allergens_list":[{"letter":"A","name":"Glutenhaltiges Getreide"},{"letter":"B","name":"Krebstiere"},{"letter":"C","name":"Eier"}],"logo":false,"gallery":false,"wp_nav_image":false,"breakfast_title":"Fr\u00fchst\u00fcck und Sandwiches","breakfast_sections":false,"menu_title":"Men\u00fc","other_title":"Getr\u00e4nke","wine_title":"Wein und Champagner"},"yoast_head":"<title>T-elicious Calvia - T Golf<\/title>\n<meta name=\"robots\" content=\"index, follow, max-snippet:-1, max-image-preview:large, max-video-preview:-1\" \/>\n<link rel=\"canonical\" href=\"https:\/\/t-golf.club\/de\/t-elicious-calvia\/\" \/>\n<meta property=\"og:locale\" content=\"de_DE\" \/>\n<meta property=\"og:type\" content=\"article\" \/>\n<meta property=\"og:title\" content=\"T-elicious Calvia - T Golf\" \/>\n<meta property=\"og:url\" content=\"https:\/\/t-golf.club\/de\/t-elicious-calvia\/\" \/>\n<meta property=\"og:site_name\" content=\"T Golf\" \/>\n<meta property=\"article:modified_time\" content=\"2026-04-12T09:01:27+00:00\" \/>\n<meta property=\"og:image\" content=\"https:\/\/t-golf.club\/wp-content\/uploads\/2023\/05\/WhatsApp-Image-2023-05-10-at-15.22.45.jpeg\" \/>\n\t<meta property=\"og:image:width\" content=\"2048\" \/>\n\t<meta property=\"og:image:height\" content=\"1366\" \/>\n\t<meta property=\"og:image:type\" content=\"image\/jpeg\" \/>\n<meta name=\"twitter:card\" content=\"summary_large_image\" \/>\n<meta name=\"twitter:label1\" content=\"Est. reading time\" \/>\n\t<meta name=\"twitter:data1\" content=\"4 minutes\" \/>\n<script type=\"application\/ld+json\" class=\"yoast-schema-graph\">{\"@context\":\"https:\\\/\\\/schema.org\",\"@graph\":[{\"@type\":\"WebPage\",\"@id\":\"https:\\\/\\\/t-golf.club\\\/de\\\/t-elicious-calvia\\\/\",\"url\":\"https:\\\/\\\/t-golf.club\\\/de\\\/t-elicious-calvia\\\/\",\"name\":\"T-elicious Calvia - T Golf\",\"isPartOf\":{\"@id\":\"https:\\\/\\\/t-golf.club\\\/de\\\/#website\"},\"primaryImageOfPage\":{\"@id\":\"https:\\\/\\\/t-golf.club\\\/de\\\/t-elicious-calvia\\\/#primaryimage\"},\"image\":{\"@id\":\"https:\\\/\\\/t-golf.club\\\/de\\\/t-elicious-calvia\\\/#primaryimage\"},\"thumbnailUrl\":\"https:\\\/\\\/t-golf.club\\\/wp-content\\\/uploads\\\/2023\\\/05\\\/WhatsApp-Image-2023-05-10-at-15.22.45.jpeg\",\"datePublished\":\"2023-08-24T18:53:49+00:00\",\"dateModified\":\"2026-04-12T09:01:27+00:00\",\"breadcrumb\":{\"@id\":\"https:\\\/\\\/t-golf.club\\\/de\\\/t-elicious-calvia\\\/#breadcrumb\"},\"inLanguage\":\"de-DE\",\"potentialAction\":[{\"@type\":\"ReadAction\",\"target\":[\"https:\\\/\\\/t-golf.club\\\/de\\\/t-elicious-calvia\\\/\"]}]},{\"@type\":\"ImageObject\",\"inLanguage\":\"de-DE\",\"@id\":\"https:\\\/\\\/t-golf.club\\\/de\\\/t-elicious-calvia\\\/#primaryimage\",\"url\":\"https:\\\/\\\/t-golf.club\\\/wp-content\\\/uploads\\\/2023\\\/05\\\/WhatsApp-Image-2023-05-10-at-15.22.45.jpeg\",\"contentUrl\":\"https:\\\/\\\/t-golf.club\\\/wp-content\\\/uploads\\\/2023\\\/05\\\/WhatsApp-Image-2023-05-10-at-15.22.45.jpeg\",\"width\":2048,\"height\":1366},{\"@type\":\"BreadcrumbList\",\"@id\":\"https:\\\/\\\/t-golf.club\\\/de\\\/t-elicious-calvia\\\/#breadcrumb\",\"itemListElement\":[{\"@type\":\"ListItem\",\"position\":1,\"name\":\"Home\",\"item\":\"https:\\\/\\\/t-golf.club\\\/de\\\/\"},{\"@type\":\"ListItem\",\"position\":2,\"name\":\"T-elicious Calvia\"}]},{\"@type\":\"WebSite\",\"@id\":\"https:\\\/\\\/t-golf.club\\\/de\\\/#website\",\"url\":\"https:\\\/\\\/t-golf.club\\\/de\\\/\",\"name\":\"T Golf\",\"description\":\"\",\"inLanguage\":\"de-DE\"}]}<\/script>","yoast_head_json":{"title":"T-elicious Calvia - T Golf","robots":{"index":"index","follow":"follow","max-snippet":"max-snippet:-1","max-image-preview":"max-image-preview:large","max-video-preview":"max-video-preview:-1"},"canonical":"https:\/\/t-golf.club\/de\/t-elicious-calvia\/","og_locale":"de_DE","og_type":"article","og_title":"T-elicious Calvia - T Golf","og_url":"https:\/\/t-golf.club\/de\/t-elicious-calvia\/","og_site_name":"T Golf","article_modified_time":"2026-04-12T09:01:27+00:00","og_image":[{"width":2048,"height":1366,"url":"https:\/\/t-golf.club\/wp-content\/uploads\/2023\/05\/WhatsApp-Image-2023-05-10-at-15.22.45.jpeg","type":"image\/jpeg"}],"twitter_card":"summary_large_image","twitter_misc":{"Est. reading time":"4 minutes"},"schema":{"@context":"https:\/\/schema.org","@graph":[{"@type":"WebPage","@id":"https:\/\/t-golf.club\/de\/t-elicious-calvia\/","url":"https:\/\/t-golf.club\/de\/t-elicious-calvia\/","name":"T-elicious Calvia - T Golf","isPartOf":{"@id":"https:\/\/t-golf.club\/de\/#website"},"primaryImageOfPage":{"@id":"https:\/\/t-golf.club\/de\/t-elicious-calvia\/#primaryimage"},"image":{"@id":"https:\/\/t-golf.club\/de\/t-elicious-calvia\/#primaryimage"},"thumbnailUrl":"https:\/\/t-golf.club\/wp-content\/uploads\/2023\/05\/WhatsApp-Image-2023-05-10-at-15.22.45.jpeg","datePublished":"2023-08-24T18:53:49+00:00","dateModified":"2026-04-12T09:01:27+00:00","breadcrumb":{"@id":"https:\/\/t-golf.club\/de\/t-elicious-calvia\/#breadcrumb"},"inLanguage":"de-DE","potentialAction":[{"@type":"ReadAction","target":["https:\/\/t-golf.club\/de\/t-elicious-calvia\/"]}]},{"@type":"ImageObject","inLanguage":"de-DE","@id":"https:\/\/t-golf.club\/de\/t-elicious-calvia\/#primaryimage","url":"https:\/\/t-golf.club\/wp-content\/uploads\/2023\/05\/WhatsApp-Image-2023-05-10-at-15.22.45.jpeg","contentUrl":"https:\/\/t-golf.club\/wp-content\/uploads\/2023\/05\/WhatsApp-Image-2023-05-10-at-15.22.45.jpeg","width":2048,"height":1366},{"@type":"BreadcrumbList","@id":"https:\/\/t-golf.club\/de\/t-elicious-calvia\/#breadcrumb","itemListElement":[{"@type":"ListItem","position":1,"name":"Home","item":"https:\/\/t-golf.club\/de\/"},{"@type":"ListItem","position":2,"name":"T-elicious Calvia"}]},{"@type":"WebSite","@id":"https:\/\/t-golf.club\/de\/#website","url":"https:\/\/t-golf.club\/de\/","name":"T Golf","description":"","inLanguage":"de-DE"}]}},"_links":{"self":[{"href":"https:\/\/t-golf.club\/de\/wp-json\/wp\/v2\/pages\/30914","targetHints":{"allow":["GET"]}}],"collection":[{"href":"https:\/\/t-golf.club\/de\/wp-json\/wp\/v2\/pages"}],"about":[{"href":"https:\/\/t-golf.club\/de\/wp-json\/wp\/v2\/types\/page"}],"author":[{"embeddable":true,"href":"https:\/\/t-golf.club\/de\/wp-json\/wp\/v2\/users\/275"}],"replies":[{"embeddable":true,"href":"https:\/\/t-golf.club\/de\/wp-json\/wp\/v2\/comments?post=30914"}],"version-history":[{"count":6,"href":"https:\/\/t-golf.club\/de\/wp-json\/wp\/v2\/pages\/30914\/revisions"}],"predecessor-version":[{"id":69882,"href":"https:\/\/t-golf.club\/de\/wp-json\/wp\/v2\/pages\/30914\/revisions\/69882"}],"wp:featuredmedia":[{"embeddable":true,"href":"https:\/\/t-golf.club\/de\/wp-json\/wp\/v2\/media\/27508"}],"wp:attachment":[{"href":"https:\/\/t-golf.club\/de\/wp-json\/wp\/v2\/media?parent=30914"}],"curies":[{"name":"wp","href":"https:\/\/api.w.org\/{rel}","templated":true}]}}