{"id":1770,"date":"2020-05-11T13:00:54","date_gmt":"2020-05-11T13:00:54","guid":{"rendered":"http:\/\/t-golf.club\/sample-page\/"},"modified":"2026-03-21T08:15:01","modified_gmt":"2026-03-21T08:15:01","slug":"calvia","status":"publish","type":"page","link":"https:\/\/t-golf.club\/de\/calvia\/","title":{"rendered":"Home &#8211; Calvia"},"content":{"rendered":"","protected":false},"excerpt":{"rendered":"","protected":false},"author":1,"featured_media":1519,"parent":0,"menu_order":137,"comment_status":"closed","ping_status":"closed","template":"views\/home-page.blade.php","meta":{"_acf_changed":false,"footnotes":""},"class_list":["post-1770","page","type-page","status-publish","has-post-thumbnail","hentry"],"acf":{"video":"http:\/\/t-golf.club\/loop.mp4","navigation":[{"link":{"title":"Golfplatz","url":"http:\/\/t-golf.club\/de\/calvia\/golfplatz\/","target":""},"big_size":true},{"link":{"title":"Akademie","url":"http:\/\/t-golf.club\/de\/calvia\/akademie\/","target":""},"big_size":true},{"link":{"title":"Preise und Angebote","url":"https:\/\/t-golf.club\/de\/calvia\/angeboten\/","target":""},"big_size":true},{"link":{"title":"Loch f\u00fcr Loch","url":"https:\/\/t-golf.club\/de\/calvia\/holes\/","target":""},"big_size":true}],"featured":[{"title":"Gastronomie","text":"<p>Das internationale Team vom T-elicious l\u00e4dt Sie ein, eine einzigartige Mischung aus moderner und traditioneller K\u00fcche zu erleben, die frische, biologische Produkte in Kombination mit den neuesten kulinarischen Techniken hervorhebt.<\/p>\n<p>&nbsp;<\/p>\n","link":{"title":"Zeig mehr","url":"http:\/\/t-golf.club\/de\/gastronomie\/","target":""},"image":13677},{"title":"Clubhaus","text":"<p>Ein gro\u00dfartiger Golfclub braucht ein gro\u00dfartiges Clubhaus. Unseres befindet sich in einem typischen mallorquinischen Landhaus aus dem 19. Jahrhundert. Voller Charakter, Geschichte und Pers\u00f6nlichkeit bietet das Clubhaus unseren Mitgliedern und G\u00e4sten jeden modernen Komfort.<\/p>\n","link":{"title":"Zeig mehr","url":"https:\/\/t-golf.club\/de\/calvia\/clubhaus\/","target":""},"image":1662},{"title":"Veranstaltungen & Incentives","text":"<p>Es gibt keine bessere M\u00f6glichkeit, Ihre Mitarbeiter zu belohnen, Ihre Kunden zu beeindrucken oder Ihr Unternehmen vorzustellen, als einen Golfausflug zu veranstalten. Wir von T Golf haben das Umfeld und die Erfahrung, um es richtig zu machen.<\/p>\n","link":{"title":"Zeig mehr","url":"https:\/\/t-golf.club\/de\/calvia\/veranstaltungen-incentives\/","target":""},"image":16211}],"gallery":[{"text":"Finden Sie den perfekten Schwung im T Golf Calvia","image":1445},{"text":"Stellen Sie Ihre F\u00e4higkeiten auf die Probe und genie\u00dfen Sie das Beste","image":1478},{"text":"Ein mediterranes Meisterwerk","image":1508},{"text":"","image":1448},{"text":"","image":1487},{"text":"","image":1481},{"text":"","image":1460},{"text":"","image":1466}],"news_title":"Neuigkeiten","ti_title":"Entdecken Sie T Golf Palma","ti_text":"<p>Lust auf Abwechslung? Unser anderer Golfplatz, <strong>T Golf Palma<\/strong>, bietet ein einzigartiges Golferlebnis direkt vor den Toren der Inselhauptstadt. Erleben Sie einen anspruchsvollen 18-Loch-Platz, besten Service und dieselbe T Golf Qualit\u00e4t \u2013 inmitten der wundersch\u00f6nen mallorquinischen Landschaft.<\/p>\n","ti_link":{"title":"Mehr zeigen","url":"https:\/\/t-golf.club\/de\/palma\/","target":""},"ti_images":[{"ID":69169,"id":69169,"title":"Jugadores en el hoyo 18","filename":"Jugadores-en-el-hoyo-18.jpg","filesize":952937,"url":"https:\/\/t-golf.club\/wp-content\/uploads\/2026\/03\/Jugadores-en-el-hoyo-18.jpg","link":"https:\/\/t-golf.club\/de\/calvia\/jugadores-en-el-hoyo-18-2\/","alt":"","author":"268","description":"","caption":"","name":"jugadores-en-el-hoyo-18-2","status":"inherit","uploaded_to":1770,"date":"2026-03-14 11:33:59","modified":"2026-03-14 11:34:29","menu_order":0,"mime_type":"image\/jpeg","type":"image","subtype":"jpeg","icon":"https:\/\/t-golf.club\/wp-includes\/images\/media\/default.png","width":2000,"height":1109,"sizes":{"thumbnail":"https:\/\/t-golf.club\/wp-content\/uploads\/2026\/03\/Jugadores-en-el-hoyo-18-100x100.jpg","thumbnail-width":100,"thumbnail-height":100,"medium":"https:\/\/t-golf.club\/wp-content\/uploads\/2026\/03\/Jugadores-en-el-hoyo-18-1024x568.jpg","medium-width":1024,"medium-height":568,"medium_large":"https:\/\/t-golf.club\/wp-content\/uploads\/2026\/03\/Jugadores-en-el-hoyo-18-768x426.jpg","medium_large-width":768,"medium_large-height":426,"large":"https:\/\/t-golf.club\/wp-content\/uploads\/2026\/03\/Jugadores-en-el-hoyo-18.jpg","large-width":2000,"large-height":1109,"1536x1536":"https:\/\/t-golf.club\/wp-content\/uploads\/2026\/03\/Jugadores-en-el-hoyo-18-1536x852.jpg","1536x1536-width":1536,"1536x1536-height":852,"2048x2048":"https:\/\/t-golf.club\/wp-content\/uploads\/2026\/03\/Jugadores-en-el-hoyo-18.jpg","2048x2048-width":2000,"2048x2048-height":1109}},{"ID":69166,"id":69166,"title":"DSC09997","filename":"DSC09997.jpg","filesize":13967532,"url":"https:\/\/t-golf.club\/wp-content\/uploads\/2026\/03\/DSC09997.jpg","link":"https:\/\/t-golf.club\/de\/calvia\/dsc09997-2\/","alt":"","author":"268","description":"","caption":"","name":"dsc09997-2","status":"inherit","uploaded_to":1770,"date":"2026-03-14 11:33:27","modified":"2026-03-14 11:36:46","menu_order":0,"mime_type":"image\/jpeg","type":"image","subtype":"jpeg","icon":"https:\/\/t-golf.club\/wp-includes\/images\/media\/default.png","width":6000,"height":4000,"sizes":{"thumbnail":"https:\/\/t-golf.club\/wp-content\/uploads\/2026\/03\/DSC09997-100x100.jpg","thumbnail-width":100,"thumbnail-height":100,"medium":"https:\/\/t-golf.club\/wp-content\/uploads\/2026\/03\/DSC09997-1024x683.jpg","medium-width":1024,"medium-height":683,"medium_large":"https:\/\/t-golf.club\/wp-content\/uploads\/2026\/03\/DSC09997-768x512.jpg","medium_large-width":768,"medium_large-height":512,"large":"https:\/\/t-golf.club\/wp-content\/uploads\/2026\/03\/DSC09997-2000x1333.jpg","large-width":2000,"large-height":1333,"1536x1536":"https:\/\/t-golf.club\/wp-content\/uploads\/2026\/03\/DSC09997-1536x1024.jpg","1536x1536-width":1536,"1536x1536-height":1024,"2048x2048":"https:\/\/t-golf.club\/wp-content\/uploads\/2026\/03\/DSC09997-2048x1365.jpg","2048x2048-width":2048,"2048x2048-height":1365}},{"ID":52073,"id":52073,"title":"T Golf Palma_2","filename":"T-Golf-Palma_2.jpg","filesize":414678,"url":"https:\/\/t-golf.club\/wp-content\/uploads\/2024\/10\/T-Golf-Palma_2.jpg","link":"https:\/\/t-golf.club\/de\/member-news\/swing-der-80er-im-t-golf-palma-puntiro\/t-golf-palma_2\/","alt":"","author":"268","description":"","caption":"","name":"t-golf-palma_2","status":"inherit","uploaded_to":55044,"date":"2024-10-26 12:09:55","modified":"2025-02-17 14:39:00","menu_order":0,"mime_type":"image\/jpeg","type":"image","subtype":"jpeg","icon":"https:\/\/t-golf.club\/wp-includes\/images\/media\/default.png","width":2048,"height":1671,"sizes":{"thumbnail":"https:\/\/t-golf.club\/wp-content\/uploads\/2024\/10\/T-Golf-Palma_2-100x100.jpg","thumbnail-width":100,"thumbnail-height":100,"medium":"https:\/\/t-golf.club\/wp-content\/uploads\/2024\/10\/T-Golf-Palma_2-1024x836.jpg","medium-width":1024,"medium-height":836,"medium_large":"https:\/\/t-golf.club\/wp-content\/uploads\/2024\/10\/T-Golf-Palma_2-768x627.jpg","medium_large-width":768,"medium_large-height":627,"large":"https:\/\/t-golf.club\/wp-content\/uploads\/2024\/10\/T-Golf-Palma_2-2000x1632.jpg","large-width":2000,"large-height":1632,"1536x1536":"https:\/\/t-golf.club\/wp-content\/uploads\/2024\/10\/T-Golf-Palma_2-1536x1253.jpg","1536x1536-width":1536,"1536x1536-height":1253,"2048x2048":"https:\/\/t-golf.club\/wp-content\/uploads\/2024\/10\/T-Golf-Palma_2.jpg","2048x2048-width":2048,"2048x2048-height":1671}},{"ID":39220,"id":39220,"title":"T Golf Palma February 2024_8","filename":"T-Golf-Palma-February-2024_8.jpg","filesize":80970,"url":"https:\/\/t-golf.club\/wp-content\/uploads\/2024\/03\/T-Golf-Palma-February-2024_8.jpg","link":"https:\/\/t-golf.club\/de\/tournaments\/t-club-herbst-trophy-turnier-im-2er-team-nur-fuer-herren\/t-golf-palma-february-2024_8-2\/","alt":"","author":"268","description":"","caption":"","name":"t-golf-palma-february-2024_8-2","status":"inherit","uploaded_to":36798,"date":"2024-04-25 13:39:54","modified":"2024-04-25 13:39:54","menu_order":0,"mime_type":"image\/jpeg","type":"image","subtype":"jpeg","icon":"https:\/\/t-golf.club\/wp-includes\/images\/media\/default.png","width":800,"height":532,"sizes":{"thumbnail":"https:\/\/t-golf.club\/wp-content\/uploads\/2024\/03\/T-Golf-Palma-February-2024_8-100x100.jpg","thumbnail-width":100,"thumbnail-height":100,"medium":"https:\/\/t-golf.club\/wp-content\/uploads\/2024\/03\/T-Golf-Palma-February-2024_8.jpg","medium-width":800,"medium-height":532,"medium_large":"https:\/\/t-golf.club\/wp-content\/uploads\/2024\/03\/T-Golf-Palma-February-2024_8-768x511.jpg","medium_large-width":768,"medium_large-height":511,"large":"https:\/\/t-golf.club\/wp-content\/uploads\/2024\/03\/T-Golf-Palma-February-2024_8.jpg","large-width":800,"large-height":532,"1536x1536":"https:\/\/t-golf.club\/wp-content\/uploads\/2024\/03\/T-Golf-Palma-February-2024_8.jpg","1536x1536-width":800,"1536x1536-height":532,"2048x2048":"https:\/\/t-golf.club\/wp-content\/uploads\/2024\/03\/T-Golf-Palma-February-2024_8.jpg","2048x2048-width":800,"2048x2048-height":532}}],"cta":37461,"video_large":"http:\/\/t-golf.club\/tgolf.mp4","tournament":false,"tournament_text":"","tournament_image":false,"tournament_images":[{"image":false},{"image":false},{"image":false},{"image":false}],"tournament_background":false,"foundation_title":"Schutz unserer Tierwelt","foundation_text":"<p>Wir bei T Club glauben an das Sprichwort \u201eDem viel gegeben wird, von dem wird auch viel erwartet.\u201c Es ist ein edler Aufruf zum Handeln.<\/p>\n<p>Die T Foundation konzentriert ihre Bem\u00fchungen auf lokale Tierpflege.<\/p>\n<p>Zur Finanzierung der Stiftung spendet T Club einen Euro pro verkauftem Greenfee. Zus\u00e4tzlich organisieren wir ein Wohlt\u00e4tigkeitsturnier, um weitere Spenden zu sammeln. Wie Sie vielleicht wissen, f\u00fchrt T Yoga unsere Kurse gemeinn\u00fctzig durch und alle Spenden \u00a0der Teilnehmer gehen an die T Foundation.<\/p>\n","foundation_subtitle":"","foundation_subtext":"","foundation_link":{"title":"ZEIG MEHR","url":"https:\/\/t-golf.club\/de\/t-foundation\/","target":""},"foundation_images":18758,"tournament_date":"","wp_nav_image":false},"yoast_head":"<title>T Golf - Mallorca<\/title>\n<meta name=\"description\" content=\"Der T Golf &amp; Country Club liegt nur 12 km von der Stadt Palma entfernt, seine breiten Fairways und die gro\u00dfen Gr\u00fcns machen ihn zu einer Herausforderung f\u00fcr jeden Golfer. Die 18 L\u00f6cher, Par 72, messen 6.430 Meter und f\u00fchren durch eine wundersch\u00f6ne H\u00fcgellandschaft.\" \/>\n<meta name=\"robots\" content=\"index, follow, max-snippet:-1, max-image-preview:large, max-video-preview:-1\" \/>\n<link rel=\"canonical\" href=\"https:\/\/t-golf.club\/de\/calvia\/\" \/>\n<meta property=\"og:locale\" content=\"de_DE\" \/>\n<meta property=\"og:type\" content=\"article\" \/>\n<meta property=\"og:title\" content=\"T Golf - Mallorca\" \/>\n<meta property=\"og:description\" content=\"Der T Golf &amp; Country Club liegt nur 12 km von der Stadt Palma entfernt, seine breiten Fairways und die gro\u00dfen Gr\u00fcns machen ihn zu einer Herausforderung f\u00fcr jeden Golfer. Die 18 L\u00f6cher, Par 72, messen 6.430 Meter und f\u00fchren durch eine wundersch\u00f6ne H\u00fcgellandschaft.\" \/>\n<meta property=\"og:url\" content=\"https:\/\/t-golf.club\/de\/calvia\/\" \/>\n<meta property=\"og:site_name\" content=\"T Golf\" \/>\n<meta property=\"article:modified_time\" content=\"2026-03-21T08:15:01+00:00\" \/>\n<meta property=\"og:image\" content=\"https:\/\/t-golf.club\/wp-content\/uploads\/2020\/06\/t-golf-cover.jpg\" \/>\n\t<meta property=\"og:image:width\" content=\"1920\" \/>\n\t<meta property=\"og:image:height\" content=\"1080\" \/>\n\t<meta property=\"og:image:type\" content=\"image\/jpeg\" \/>\n<meta name=\"twitter:card\" content=\"summary_large_image\" \/>\n<meta name=\"twitter:label1\" content=\"Est. reading time\" \/>\n\t<meta name=\"twitter:data1\" content=\"5 minutes\" \/>\n<script type=\"application\/ld+json\" class=\"yoast-schema-graph\">{\"@context\":\"https:\\\/\\\/schema.org\",\"@graph\":[{\"@type\":\"WebPage\",\"@id\":\"https:\\\/\\\/t-golf.club\\\/de\\\/calvia\\\/\",\"url\":\"https:\\\/\\\/t-golf.club\\\/de\\\/calvia\\\/\",\"name\":\"T Golf - Mallorca\",\"isPartOf\":{\"@id\":\"https:\\\/\\\/t-golf.club\\\/de\\\/#website\"},\"primaryImageOfPage\":{\"@id\":\"https:\\\/\\\/t-golf.club\\\/de\\\/calvia\\\/#primaryimage\"},\"image\":{\"@id\":\"https:\\\/\\\/t-golf.club\\\/de\\\/calvia\\\/#primaryimage\"},\"thumbnailUrl\":\"https:\\\/\\\/t-golf.club\\\/wp-content\\\/uploads\\\/2020\\\/06\\\/t-golf-cover.jpg\",\"datePublished\":\"2020-05-11T13:00:54+00:00\",\"dateModified\":\"2026-03-21T08:15:01+00:00\",\"description\":\"Der T Golf & Country Club liegt nur 12 km von der Stadt Palma entfernt, seine breiten Fairways und die gro\u00dfen Gr\u00fcns machen ihn zu einer Herausforderung f\u00fcr jeden Golfer. Die 18 L\u00f6cher, Par 72, messen 6.430 Meter und f\u00fchren durch eine wundersch\u00f6ne H\u00fcgellandschaft.\",\"breadcrumb\":{\"@id\":\"https:\\\/\\\/t-golf.club\\\/de\\\/calvia\\\/#breadcrumb\"},\"inLanguage\":\"de-DE\",\"potentialAction\":[{\"@type\":\"ReadAction\",\"target\":[\"https:\\\/\\\/t-golf.club\\\/de\\\/calvia\\\/\"]}]},{\"@type\":\"ImageObject\",\"inLanguage\":\"de-DE\",\"@id\":\"https:\\\/\\\/t-golf.club\\\/de\\\/calvia\\\/#primaryimage\",\"url\":\"https:\\\/\\\/t-golf.club\\\/wp-content\\\/uploads\\\/2020\\\/06\\\/t-golf-cover.jpg\",\"contentUrl\":\"https:\\\/\\\/t-golf.club\\\/wp-content\\\/uploads\\\/2020\\\/06\\\/t-golf-cover.jpg\",\"width\":1920,\"height\":1080},{\"@type\":\"BreadcrumbList\",\"@id\":\"https:\\\/\\\/t-golf.club\\\/de\\\/calvia\\\/#breadcrumb\",\"itemListElement\":[{\"@type\":\"ListItem\",\"position\":1,\"name\":\"Home\",\"item\":\"https:\\\/\\\/t-golf.club\\\/de\\\/\"},{\"@type\":\"ListItem\",\"position\":2,\"name\":\"Home &#8211; Calvia\"}]},{\"@type\":\"WebSite\",\"@id\":\"https:\\\/\\\/t-golf.club\\\/de\\\/#website\",\"url\":\"https:\\\/\\\/t-golf.club\\\/de\\\/\",\"name\":\"T Golf\",\"description\":\"\",\"inLanguage\":\"de-DE\"}]}<\/script>","yoast_head_json":{"title":"T Golf - Mallorca","description":"Der T Golf & Country Club liegt nur 12 km von der Stadt Palma entfernt, seine breiten Fairways und die gro\u00dfen Gr\u00fcns machen ihn zu einer Herausforderung f\u00fcr jeden Golfer. Die 18 L\u00f6cher, Par 72, messen 6.430 Meter und f\u00fchren durch eine wundersch\u00f6ne H\u00fcgellandschaft.","robots":{"index":"index","follow":"follow","max-snippet":"max-snippet:-1","max-image-preview":"max-image-preview:large","max-video-preview":"max-video-preview:-1"},"canonical":"https:\/\/t-golf.club\/de\/calvia\/","og_locale":"de_DE","og_type":"article","og_title":"T Golf - Mallorca","og_description":"Der T Golf & Country Club liegt nur 12 km von der Stadt Palma entfernt, seine breiten Fairways und die gro\u00dfen Gr\u00fcns machen ihn zu einer Herausforderung f\u00fcr jeden Golfer. Die 18 L\u00f6cher, Par 72, messen 6.430 Meter und f\u00fchren durch eine wundersch\u00f6ne H\u00fcgellandschaft.","og_url":"https:\/\/t-golf.club\/de\/calvia\/","og_site_name":"T Golf","article_modified_time":"2026-03-21T08:15:01+00:00","og_image":[{"width":1920,"height":1080,"url":"https:\/\/t-golf.club\/wp-content\/uploads\/2020\/06\/t-golf-cover.jpg","type":"image\/jpeg"}],"twitter_card":"summary_large_image","twitter_misc":{"Est. reading time":"5 minutes"},"schema":{"@context":"https:\/\/schema.org","@graph":[{"@type":"WebPage","@id":"https:\/\/t-golf.club\/de\/calvia\/","url":"https:\/\/t-golf.club\/de\/calvia\/","name":"T Golf - Mallorca","isPartOf":{"@id":"https:\/\/t-golf.club\/de\/#website"},"primaryImageOfPage":{"@id":"https:\/\/t-golf.club\/de\/calvia\/#primaryimage"},"image":{"@id":"https:\/\/t-golf.club\/de\/calvia\/#primaryimage"},"thumbnailUrl":"https:\/\/t-golf.club\/wp-content\/uploads\/2020\/06\/t-golf-cover.jpg","datePublished":"2020-05-11T13:00:54+00:00","dateModified":"2026-03-21T08:15:01+00:00","description":"Der T Golf & Country Club liegt nur 12 km von der Stadt Palma entfernt, seine breiten Fairways und die gro\u00dfen Gr\u00fcns machen ihn zu einer Herausforderung f\u00fcr jeden Golfer. Die 18 L\u00f6cher, Par 72, messen 6.430 Meter und f\u00fchren durch eine wundersch\u00f6ne H\u00fcgellandschaft.","breadcrumb":{"@id":"https:\/\/t-golf.club\/de\/calvia\/#breadcrumb"},"inLanguage":"de-DE","potentialAction":[{"@type":"ReadAction","target":["https:\/\/t-golf.club\/de\/calvia\/"]}]},{"@type":"ImageObject","inLanguage":"de-DE","@id":"https:\/\/t-golf.club\/de\/calvia\/#primaryimage","url":"https:\/\/t-golf.club\/wp-content\/uploads\/2020\/06\/t-golf-cover.jpg","contentUrl":"https:\/\/t-golf.club\/wp-content\/uploads\/2020\/06\/t-golf-cover.jpg","width":1920,"height":1080},{"@type":"BreadcrumbList","@id":"https:\/\/t-golf.club\/de\/calvia\/#breadcrumb","itemListElement":[{"@type":"ListItem","position":1,"name":"Home","item":"https:\/\/t-golf.club\/de\/"},{"@type":"ListItem","position":2,"name":"Home &#8211; Calvia"}]},{"@type":"WebSite","@id":"https:\/\/t-golf.club\/de\/#website","url":"https:\/\/t-golf.club\/de\/","name":"T Golf","description":"","inLanguage":"de-DE"}]}},"_links":{"self":[{"href":"https:\/\/t-golf.club\/de\/wp-json\/wp\/v2\/pages\/1770","targetHints":{"allow":["GET"]}}],"collection":[{"href":"https:\/\/t-golf.club\/de\/wp-json\/wp\/v2\/pages"}],"about":[{"href":"https:\/\/t-golf.club\/de\/wp-json\/wp\/v2\/types\/page"}],"author":[{"embeddable":true,"href":"https:\/\/t-golf.club\/de\/wp-json\/wp\/v2\/users\/1"}],"replies":[{"embeddable":true,"href":"https:\/\/t-golf.club\/de\/wp-json\/wp\/v2\/comments?post=1770"}],"version-history":[{"count":7,"href":"https:\/\/t-golf.club\/de\/wp-json\/wp\/v2\/pages\/1770\/revisions"}],"predecessor-version":[{"id":69425,"href":"https:\/\/t-golf.club\/de\/wp-json\/wp\/v2\/pages\/1770\/revisions\/69425"}],"wp:featuredmedia":[{"embeddable":true,"href":"https:\/\/t-golf.club\/de\/wp-json\/wp\/v2\/media\/1519"}],"wp:attachment":[{"href":"https:\/\/t-golf.club\/de\/wp-json\/wp\/v2\/media?parent=1770"}],"curies":[{"name":"wp","href":"https:\/\/api.w.org\/{rel}","templated":true}]}}