{"id":1760,"date":"2020-06-04T09:13:31","date_gmt":"2020-06-04T09:13:31","guid":{"rendered":"http:\/\/t-golf.club\/legal-notice\/"},"modified":"2024-03-04T14:23:18","modified_gmt":"2024-03-04T14:23:18","slug":"rechtliche-hinweise","status":"publish","type":"page","link":"https:\/\/t-golf.club\/de\/rechtliche-hinweise\/","title":{"rendered":"RECHTLICHE HINWEISE"},"content":{"rendered":"<p>Gem\u00e4\u00df den Bestimmungen der Artikel 10 und 11 im Gesetz 34\/2002 vom 11. Juli \u00fcber Dienstleistungen der Informationsgesellschaft und des elektronischen Gesch\u00e4ftsverkehrs werden hiermit den Benutzern und Besuchern die rechtlichen Hinweise bez\u00fcglich des Inhabers der Website mit der URL https:\/\/t-golf.club\/es\/ zur Kenntnis gebracht.<\/p>\n<p><b>Inhaber der website<\/b><\/p>\n<p>Bezeichnung der Gesellschaft: T GOLF &amp; COUNTRY CLUB PONIENTE, S.A.U.<\/p>\n<p>Steueridentnummer (CIF): A07044050<\/p>\n<p>Gesellschaftssitz: CTRA CALA FIGUERA S\/N 07181 CALVIA, BALEARES<\/p>\n<p>E-Mail-Adresse: info@t-golf.club<\/p>\n<p>Telefon: 971130148<\/p>\n<p>EINGETRAGEN IM HANDELSREGISTER DER BALEARISCHEN INSELN UNTER BAND 1153, BOGEN 23,<\/p>\n<p>REGISTERBLATT 16292, ABSCHNITT 8<\/p>\n<p>Gesch\u00e4ftst\u00e4tigkeit: Golfclub<\/p>\n<p><b>Nutzungsbedingungen<\/b><\/p>\n<p>Um auf dieser Website als Besucher zu surfen oder um sich zu registrieren und auf die von https:\/\/t-golf.club\/es\/ angebotenen Dienste zuzugreifen, m\u00fcssen Sie Ihre Zustimmung zu den folgenden Dienstleistungs- und Nutzungsbedingungen f\u00fcr erteilen:<\/p>\n<ol>\n<li>Der Benutzer erkennt die vorliegenden allgemeinen Nutzungs- und Servicebedingungen der Website https:\/\/tgolf.club\/es\/ an.<\/li>\n<\/ol>\n<p>Wenn der Benutzer diese Bedingungen nicht akzeptiert, darf er die Dienste und Inhalte der Website https:\/\/t-golf. club\/es\/ nicht nutzen.<\/p>\n<ol start=\"2\">\n<li>Die vorliegenden Nutzungsbedingungen regeln den Zugang und die Nutzung der Website https:\/\/t-golf.club\/es\/. Durch die Nutzung dieser Website werden Sie von dem Moment an, in dem Sie auf die Website zugreifen und sie durchsuchen, zu einem Benutzer. Ab dem Zeitpunkt des Zugriffs auf beliebige Inhalte akzeptiert der Benutzer ausdr\u00fccklich die vorliegenden allgemeinen Bedingungen. Der Benutzer akzeptiert die besonderen Bedingungen, die f\u00fcr die verschiedenen, vom Unternehmen auf der von ihm besuchten Website angebotenen Dienste gelten.<\/li>\n<li>Die Website https:\/\/t-golf.club\/es\/ erm\u00f6glicht den Benutzern den Zugang zu und die Nutzung von verschiedenen Informationen und Dienstleistungen.<\/li>\n<li>Der Benutzer muss vollj\u00e4hrig sein, um die Dienste der Website https:\/\/t-golf.club\/es\/ nutzen zu k\u00f6nnen. Minderj\u00e4hrige unter 18 Jahren d\u00fcrfen die Dienste der Website https:\/\/t-golf.club\/es\/ nur unter der Aufsicht eines Elternteils oder Erziehungsberechtigten nutzen.<\/li>\n<li>Der Benutzer verpflichtet sich, die Inhalte und Dienste der Website https:\/\/t-golf.club\/es\/ angemessen zu nutzen. Diese Nutzung muss in \u00dcbereinstimmung mit dem Gesetz, den guten Sitten, der \u00f6ffentlichen Ordnung und den Bestimmungen dieser allgemeinen Bedingungen erfolgen.<\/li>\n<li>Die Bereitstellung von Diensten und der Zugang zu Informationen auf der Website erfordern im Allgemeinen keine vorherige Anmeldung oder Registrierung durch den Benutzer. Allerdings macht T GOLF &amp; COUNTRY CLUB PONIENTE, S.A.U. die Nutzung einiger der auf der Website angebotenen Dienste davon abh\u00e4ngig, dass der Benutzer zuvor das entsprechende Formular zur Registrierung oder Erfassung pers\u00f6nlicher Daten ausf\u00fcllt. Die vorgenannte Registrierung erfolgt auf die Art und Weise, die in dem Dienst selbst oder in den besonderen Bedingungen, die diesen gegebenenfalls regeln, ausdr\u00fccklich angegeben ist.<\/li>\n<li>Der Benutzer verpflichtet sich, keine Handlungen vorzunehmen, die den Inhalt, die Dienste und\/oder die normale Nutzung der Website https:\/\/t-golf.club\/es\/ durch andere Benutzer besch\u00e4digen, unbrauchbar machen, unzug\u00e4nglich machen oder verschlechtern k\u00f6nnen. Der Benutzer verpflichtet sich insbesondere und beispielhaft, aber nicht ausschlie\u00dflich:<\/li>\n<\/ol>\n<p>keine Handlungen vorzunehmen, die personenbezogene Daten, Programme oder elektronische Dokumente auf der Website beeintr\u00e4chtigen, zerst\u00f6ren, ver\u00e4ndern, unbrauchbar machen oder besch\u00e4digen k\u00f6nnen.<\/p>\n<p>keine Computerprogramme, Daten, Viren oder Codes einzuf\u00fchren, zu speichern oder zu verbreiten, die der Website, einem der Dienste oder einem der Ger\u00e4te, Systeme oder Netzwerke des Unternehmens, eines anderen Benutzers und\/oder eines Lieferanten des Unternehmens Schaden zuf\u00fcgen k\u00f6nnen.<\/p>\n<p><b>\u00c4nderungen<\/b><\/p>\n<p>Das Unternehmen beh\u00e4lt sich das Recht vor, diese Bedingungen jederzeit einseitig aufgrund neuer wirtschaftlicher und\/oder kommerzieller Umst\u00e4nde, die eine \u00c4nderung ratsam erscheinen lassen, zu \u00e4ndern oder wenn sich diese infolge einer Modifikation, Weiterentwicklung und Verk\u00fcndung von Gesetzen, Vorschriften und Anwendungsregeln, welche sich auf die Bereitstellung der Dienstleistung und\/oder damit verbundene Aspekte auswirken, ergeben. In diesen F\u00e4llen wird die \u00c4nderung so fr\u00fch wie m\u00f6glich ver\u00f6ffentlicht und mitgeteilt. Das Unternehmen beh\u00e4lt sich ebenfalls das Recht vor, die Darstellung und Konfiguration der Website jederzeit einseitig zu \u00e4ndern.<\/p>\n<p><b>Links zu drittanbietern<\/b><\/p>\n<p>Dieser rechtliche Hinweis bezieht sich nur auf die Website und gilt nicht f\u00fcr Links oder Websites Dritter, die \u00fcber die Website zug\u00e4nglich sind. Das Unternehmen ist weder f\u00fcr den Inhalt einer der Ziel-Websites eines Links noch f\u00fcr einen Link verantwortlich, der auf einer Website enthalten ist, die von der Website des Unternehmens aus erreicht wird.<\/p>\n<p><b>Geistiges und gewerbliches eigentum<\/b><\/p>\n<p>Der gesamte Inhalt der Website ist ausschlie\u00dfliches Eigentum des Unternehmens, einschlie\u00dflich, aber nicht beschr\u00e4nkt auf das grafische Design, den Quellcode, Logos, Texte, Grafiken, Illustrationen, Fotos und andere Elemente, die auf der Website erscheinen. Ebenso sind die auf der Website enthaltenen Handelsnamen, Marken oder Kennzeichen jeglicher Art durch das Recht des geistigen und gewerblichen Eigentums gesch\u00fctzt. Das Unternehmen hat das ausschlie\u00dfliche Recht, das oben genannte geistige Eigentum in jeder Form zu verwerten, insbesondere das Recht auf Vervielf\u00e4ltigung, Verbreitung und \u00f6ffentliche Wiedergabe.<\/p>\n<p>Dem Benutzer ist es untersagt, die Inhalte der Website, die das geistige oder gewerbliche Eigentum des Unternehmens an der Website und\/oder ihren Inhalten darstellen, ganz oder teilweise ohne Zustimmung zu nutzen.<\/p>\n<p>Das Unternehmen beh\u00e4lt sich das Recht vor, rechtliche Schritte jeglicher Art gegen jeden Benutzer zu unternehmen, der Handlungen unternimmt, die eine Vervielf\u00e4ltigung, Verbreitung, Vermarktung, Umwandlung und im Allgemeinen jede andere Form der gewerblichen Nutzung der Inhalte der Website, ganz oder teilweise, durch beliebige Verfahren darstellen, die gegen seine geistigen und\/oder gewerblichen Eigentumsrechte versto\u00dfen.<\/p>\n<p><b>Mitteilungen<\/b><\/p>\n<p>Im Sinne dieser Allgemeinen Bedingungen ist f\u00fcr alle Mitteilungen, die zwischen dem Unternehmen und dem Benutzer erforderlich werden, die E-Mail-Adresse info@t-golf.club zu verwenden. Die Kommunikation zwischen dem Unternehmen und dem Benutzer erfolgt im Einklang mit den personenbezogenen Daten, die der Benutzer bei der Registrierung auf der Website https:\/\/t-golf.club\/es\/ angegeben hat. Der Benutzer akzeptiert ausdr\u00fccklich f\u00fcr alle Mitteilungen im Zusammenhang mit der Nutzung der Website und\/oder der Inanspruchnahme der dort angebotenen Dienstleistungen die Verwendung von E-Mail als g\u00fcltiges Verfahren f\u00fcr den Versand solcher Mitteilungen.<\/p>\n<p><b>Geltende Gesetzgebung.<\/b><\/p>\n<p>Die Beziehungen zwischen dem Eigent\u00fcmer der Website und dem Nutzer unterliegen den geltenden spanischen Rechtsvorschriften, wobei die Beilegung etwaiger Streitigkeiten den zust\u00e4ndigen Gerichten unterliegt. Handelt es sich bei dem Nutzer um einen Verbraucher, so sind die entsprechenden Gerichte gem\u00e4\u00df dem geltenden Verbraucherrecht zust\u00e4ndig.<\/p>\n","protected":false},"excerpt":{"rendered":"<p>Gem\u00e4\u00df den Bestimmungen der Artikel 10 und 11 im Gesetz 34\/2002 vom 11. Juli \u00fcber Dienstleistungen der Informationsgesellschaft und des&#8230;<\/p>\n","protected":false},"author":1,"featured_media":1759,"parent":0,"menu_order":199,"comment_status":"closed","ping_status":"closed","template":"views\/legal.blade.php","meta":{"_acf_changed":false,"footnotes":""},"class_list":["post-1760","page","type-page","status-publish","has-post-thumbnail","hentry"],"acf":{"wp_nav_image":false},"yoast_head":"<title>RECHTLICHE HINWEISE - T Golf<\/title>\n<meta name=\"robots\" content=\"index, follow, max-snippet:-1, max-image-preview:large, max-video-preview:-1\" \/>\n<link rel=\"canonical\" href=\"https:\/\/t-golf.club\/de\/rechtliche-hinweise\/\" \/>\n<meta property=\"og:locale\" content=\"de_DE\" \/>\n<meta property=\"og:type\" content=\"article\" \/>\n<meta property=\"og:title\" content=\"RECHTLICHE HINWEISE - T Golf\" \/>\n<meta property=\"og:description\" content=\"Gem\u00e4\u00df den Bestimmungen der Artikel 10 und 11 im Gesetz 34\/2002 vom 11. Juli \u00fcber Dienstleistungen der Informationsgesellschaft und des...\" \/>\n<meta property=\"og:url\" content=\"https:\/\/t-golf.club\/de\/rechtliche-hinweise\/\" \/>\n<meta property=\"og:site_name\" content=\"T Golf\" \/>\n<meta property=\"article:modified_time\" content=\"2024-03-04T14:23:18+00:00\" \/>\n<meta property=\"og:image\" content=\"https:\/\/t-golf.club\/wp-content\/uploads\/2020\/06\/HEADER-GENERIC-SINGLE.jpg\" \/>\n\t<meta property=\"og:image:width\" content=\"1440\" \/>\n\t<meta property=\"og:image:height\" content=\"400\" \/>\n\t<meta property=\"og:image:type\" content=\"image\/jpeg\" \/>\n<meta name=\"twitter:card\" content=\"summary_large_image\" \/>\n<meta name=\"twitter:label1\" content=\"Est. reading time\" \/>\n\t<meta name=\"twitter:data1\" content=\"5 minutes\" \/>\n<script type=\"application\/ld+json\" class=\"yoast-schema-graph\">{\"@context\":\"https:\\\/\\\/schema.org\",\"@graph\":[{\"@type\":\"WebPage\",\"@id\":\"https:\\\/\\\/t-golf.club\\\/de\\\/rechtliche-hinweise\\\/\",\"url\":\"https:\\\/\\\/t-golf.club\\\/de\\\/rechtliche-hinweise\\\/\",\"name\":\"RECHTLICHE HINWEISE - T Golf\",\"isPartOf\":{\"@id\":\"https:\\\/\\\/t-golf.club\\\/de\\\/#website\"},\"primaryImageOfPage\":{\"@id\":\"https:\\\/\\\/t-golf.club\\\/de\\\/rechtliche-hinweise\\\/#primaryimage\"},\"image\":{\"@id\":\"https:\\\/\\\/t-golf.club\\\/de\\\/rechtliche-hinweise\\\/#primaryimage\"},\"thumbnailUrl\":\"https:\\\/\\\/t-golf.club\\\/wp-content\\\/uploads\\\/2020\\\/06\\\/HEADER-GENERIC-SINGLE.jpg\",\"datePublished\":\"2020-06-04T09:13:31+00:00\",\"dateModified\":\"2024-03-04T14:23:18+00:00\",\"breadcrumb\":{\"@id\":\"https:\\\/\\\/t-golf.club\\\/de\\\/rechtliche-hinweise\\\/#breadcrumb\"},\"inLanguage\":\"de-DE\",\"potentialAction\":[{\"@type\":\"ReadAction\",\"target\":[\"https:\\\/\\\/t-golf.club\\\/de\\\/rechtliche-hinweise\\\/\"]}]},{\"@type\":\"ImageObject\",\"inLanguage\":\"de-DE\",\"@id\":\"https:\\\/\\\/t-golf.club\\\/de\\\/rechtliche-hinweise\\\/#primaryimage\",\"url\":\"https:\\\/\\\/t-golf.club\\\/wp-content\\\/uploads\\\/2020\\\/06\\\/HEADER-GENERIC-SINGLE.jpg\",\"contentUrl\":\"https:\\\/\\\/t-golf.club\\\/wp-content\\\/uploads\\\/2020\\\/06\\\/HEADER-GENERIC-SINGLE.jpg\",\"width\":1440,\"height\":400},{\"@type\":\"BreadcrumbList\",\"@id\":\"https:\\\/\\\/t-golf.club\\\/de\\\/rechtliche-hinweise\\\/#breadcrumb\",\"itemListElement\":[{\"@type\":\"ListItem\",\"position\":1,\"name\":\"Home\",\"item\":\"https:\\\/\\\/t-golf.club\\\/de\\\/\"},{\"@type\":\"ListItem\",\"position\":2,\"name\":\"RECHTLICHE HINWEISE\"}]},{\"@type\":\"WebSite\",\"@id\":\"https:\\\/\\\/t-golf.club\\\/de\\\/#website\",\"url\":\"https:\\\/\\\/t-golf.club\\\/de\\\/\",\"name\":\"T Golf\",\"description\":\"\",\"inLanguage\":\"de-DE\"}]}<\/script>","yoast_head_json":{"title":"RECHTLICHE HINWEISE - T Golf","robots":{"index":"index","follow":"follow","max-snippet":"max-snippet:-1","max-image-preview":"max-image-preview:large","max-video-preview":"max-video-preview:-1"},"canonical":"https:\/\/t-golf.club\/de\/rechtliche-hinweise\/","og_locale":"de_DE","og_type":"article","og_title":"RECHTLICHE HINWEISE - T Golf","og_description":"Gem\u00e4\u00df den Bestimmungen der Artikel 10 und 11 im Gesetz 34\/2002 vom 11. Juli \u00fcber Dienstleistungen der Informationsgesellschaft und des...","og_url":"https:\/\/t-golf.club\/de\/rechtliche-hinweise\/","og_site_name":"T Golf","article_modified_time":"2024-03-04T14:23:18+00:00","og_image":[{"width":1440,"height":400,"url":"https:\/\/t-golf.club\/wp-content\/uploads\/2020\/06\/HEADER-GENERIC-SINGLE.jpg","type":"image\/jpeg"}],"twitter_card":"summary_large_image","twitter_misc":{"Est. reading time":"5 minutes"},"schema":{"@context":"https:\/\/schema.org","@graph":[{"@type":"WebPage","@id":"https:\/\/t-golf.club\/de\/rechtliche-hinweise\/","url":"https:\/\/t-golf.club\/de\/rechtliche-hinweise\/","name":"RECHTLICHE HINWEISE - T Golf","isPartOf":{"@id":"https:\/\/t-golf.club\/de\/#website"},"primaryImageOfPage":{"@id":"https:\/\/t-golf.club\/de\/rechtliche-hinweise\/#primaryimage"},"image":{"@id":"https:\/\/t-golf.club\/de\/rechtliche-hinweise\/#primaryimage"},"thumbnailUrl":"https:\/\/t-golf.club\/wp-content\/uploads\/2020\/06\/HEADER-GENERIC-SINGLE.jpg","datePublished":"2020-06-04T09:13:31+00:00","dateModified":"2024-03-04T14:23:18+00:00","breadcrumb":{"@id":"https:\/\/t-golf.club\/de\/rechtliche-hinweise\/#breadcrumb"},"inLanguage":"de-DE","potentialAction":[{"@type":"ReadAction","target":["https:\/\/t-golf.club\/de\/rechtliche-hinweise\/"]}]},{"@type":"ImageObject","inLanguage":"de-DE","@id":"https:\/\/t-golf.club\/de\/rechtliche-hinweise\/#primaryimage","url":"https:\/\/t-golf.club\/wp-content\/uploads\/2020\/06\/HEADER-GENERIC-SINGLE.jpg","contentUrl":"https:\/\/t-golf.club\/wp-content\/uploads\/2020\/06\/HEADER-GENERIC-SINGLE.jpg","width":1440,"height":400},{"@type":"BreadcrumbList","@id":"https:\/\/t-golf.club\/de\/rechtliche-hinweise\/#breadcrumb","itemListElement":[{"@type":"ListItem","position":1,"name":"Home","item":"https:\/\/t-golf.club\/de\/"},{"@type":"ListItem","position":2,"name":"RECHTLICHE HINWEISE"}]},{"@type":"WebSite","@id":"https:\/\/t-golf.club\/de\/#website","url":"https:\/\/t-golf.club\/de\/","name":"T Golf","description":"","inLanguage":"de-DE"}]}},"_links":{"self":[{"href":"https:\/\/t-golf.club\/de\/wp-json\/wp\/v2\/pages\/1760","targetHints":{"allow":["GET"]}}],"collection":[{"href":"https:\/\/t-golf.club\/de\/wp-json\/wp\/v2\/pages"}],"about":[{"href":"https:\/\/t-golf.club\/de\/wp-json\/wp\/v2\/types\/page"}],"author":[{"embeddable":true,"href":"https:\/\/t-golf.club\/de\/wp-json\/wp\/v2\/users\/1"}],"replies":[{"embeddable":true,"href":"https:\/\/t-golf.club\/de\/wp-json\/wp\/v2\/comments?post=1760"}],"version-history":[{"count":4,"href":"https:\/\/t-golf.club\/de\/wp-json\/wp\/v2\/pages\/1760\/revisions"}],"predecessor-version":[{"id":36863,"href":"https:\/\/t-golf.club\/de\/wp-json\/wp\/v2\/pages\/1760\/revisions\/36863"}],"wp:featuredmedia":[{"embeddable":true,"href":"https:\/\/t-golf.club\/de\/wp-json\/wp\/v2\/media\/1759"}],"wp:attachment":[{"href":"https:\/\/t-golf.club\/de\/wp-json\/wp\/v2\/media?parent=1760"}],"curies":[{"name":"wp","href":"https:\/\/api.w.org\/{rel}","templated":true}]}}