{"id":17140,"date":"2022-08-24T11:00:36","date_gmt":"2022-08-24T11:00:36","guid":{"rendered":"https:\/\/t-golf.club\/?page_id=17140"},"modified":"2024-08-13T07:08:29","modified_gmt":"2024-08-13T07:08:29","slug":"holes-calvia","status":"publish","type":"page","link":"https:\/\/t-golf.club\/de\/calvia\/holes-calvia\/","title":{"rendered":"Holes &#8211; T Golf Calvia"},"content":{"rendered":"","protected":false},"excerpt":{"rendered":"","protected":false},"author":275,"featured_media":0,"parent":1770,"menu_order":10,"comment_status":"closed","ping_status":"closed","template":"views\/holes.blade.php","meta":{"_acf_changed":false,"footnotes":""},"class_list":["post-17140","page","type-page","status-publish","hentry"],"acf":{"wp_nav_image":false,"holes_title":"Hole by Hole - Calvia","holes_subtitle":"Die gr\u00f6\u00dften Gr\u00fcns der Insel","holes_image":2182,"holes_link_back":{"title":"Home \u2013 Calvia","url":"https:\/\/t-golf.club\/de\/calvia\/","target":""},"holes_content":"<p><strong>\u201eDas Loch 10 ist meiner Meinung nach eines der besten Par 4 L\u00f6cher, das ich je gespielt habe. Dieses Loch ist der Star des gro\u00dfartigen Designers John Harris. F\u00fcr mich als Golfplatzarchitekt war es eine Lehrstunde, die 10 im T Club zu spielen\u201d. In Gancedos Augen sind die Bunker und Wasserhindernisse an den strategisch richtigen Stellen platziert, das Design des Fairways und des Gr\u00fcns ist optimal. \u201cWie oft man dieses Loch auch spielt, es ist immer wieder anders\u201c. (Pepe Gancedo)<\/strong><\/p>\n","holes_quote":"T Golf Calvia<br \/>\r\n<br \/>\r\nWhite 6450 m<br \/>\r\nYellow 6080 m<br \/>\r\nBlue 5620 m<br \/>\r\nRed 5195 m","holes_video":"<iframe title=\"T-Golf Club Mallorca: Welcome!\" width=\"640\" height=\"360\" src=\"https:\/\/www.youtube.com\/embed\/fE4uIaDM5s0?feature=oembed\" frameborder=\"0\" allow=\"accelerometer; autoplay; clipboard-write; encrypted-media; gyroscope; picture-in-picture; web-share\" referrerpolicy=\"strict-origin-when-cross-origin\" allowfullscreen><\/iframe>","holes_cta":{"ID":1264,"post_author":"1","post_date":"2020-05-26 09:52:53","post_date_gmt":"2020-05-26 09:52:53","post_content":"<a href=\"http:\/\/t-golf.club\/tournaments\/xv-residential-cup\/\">Click here for further details<\/a>","post_title":"BESUCHEN SIE UNSERE 18 L\u00d6CHER","post_excerpt":"","post_status":"publish","comment_status":"closed","ping_status":"closed","post_password":"","post_name":"besuchen-sie-unsere-18-loecher","to_ping":"","pinged":"","post_modified":"2020-06-09 08:32:30","post_modified_gmt":"2020-06-09 08:32:30","post_content_filtered":"","post_parent":0,"guid":"http:\/\/t-golf.club\/cta\/visit-our-18-holes\/","menu_order":17,"post_type":"cta","post_mime_type":"","comment_count":"0","filter":"raw"}},"yoast_head":"<title>Holes - T Golf Calvia - T Golf<\/title>\n<meta name=\"robots\" content=\"index, follow, max-snippet:-1, max-image-preview:large, max-video-preview:-1\" \/>\n<link rel=\"canonical\" href=\"https:\/\/t-golf.club\/de\/calvia\/holes-calvia\/\" \/>\n<meta property=\"og:locale\" content=\"de_DE\" \/>\n<meta property=\"og:type\" content=\"article\" \/>\n<meta property=\"og:title\" content=\"Holes - T Golf Calvia - T Golf\" \/>\n<meta property=\"og:url\" content=\"https:\/\/t-golf.club\/de\/calvia\/holes-calvia\/\" \/>\n<meta property=\"og:site_name\" content=\"T Golf\" \/>\n<meta property=\"article:modified_time\" content=\"2024-08-13T07:08:29+00:00\" \/>\n<meta name=\"twitter:card\" content=\"summary_large_image\" \/>\n<meta name=\"twitter:label1\" content=\"Est. reading time\" \/>\n\t<meta name=\"twitter:data1\" content=\"1 minute\" \/>\n<script type=\"application\/ld+json\" class=\"yoast-schema-graph\">{\"@context\":\"https:\\\/\\\/schema.org\",\"@graph\":[{\"@type\":\"WebPage\",\"@id\":\"https:\\\/\\\/t-golf.club\\\/de\\\/calvia\\\/holes-calvia\\\/\",\"url\":\"https:\\\/\\\/t-golf.club\\\/de\\\/calvia\\\/holes-calvia\\\/\",\"name\":\"Holes - T Golf Calvia - T Golf\",\"isPartOf\":{\"@id\":\"https:\\\/\\\/t-golf.club\\\/de\\\/#website\"},\"datePublished\":\"2022-08-24T11:00:36+00:00\",\"dateModified\":\"2024-08-13T07:08:29+00:00\",\"breadcrumb\":{\"@id\":\"https:\\\/\\\/t-golf.club\\\/de\\\/calvia\\\/holes-calvia\\\/#breadcrumb\"},\"inLanguage\":\"de-DE\",\"potentialAction\":[{\"@type\":\"ReadAction\",\"target\":[\"https:\\\/\\\/t-golf.club\\\/de\\\/calvia\\\/holes-calvia\\\/\"]}]},{\"@type\":\"BreadcrumbList\",\"@id\":\"https:\\\/\\\/t-golf.club\\\/de\\\/calvia\\\/holes-calvia\\\/#breadcrumb\",\"itemListElement\":[{\"@type\":\"ListItem\",\"position\":1,\"name\":\"Home\",\"item\":\"https:\\\/\\\/t-golf.club\\\/de\\\/\"},{\"@type\":\"ListItem\",\"position\":2,\"name\":\"Home &#8211; Calvia\",\"item\":\"https:\\\/\\\/t-golf.club\\\/de\\\/calvia\\\/\"},{\"@type\":\"ListItem\",\"position\":3,\"name\":\"Holes &#8211; T Golf Calvia\"}]},{\"@type\":\"WebSite\",\"@id\":\"https:\\\/\\\/t-golf.club\\\/de\\\/#website\",\"url\":\"https:\\\/\\\/t-golf.club\\\/de\\\/\",\"name\":\"T Golf\",\"description\":\"\",\"inLanguage\":\"de-DE\"}]}<\/script>","yoast_head_json":{"title":"Holes - T Golf Calvia - T Golf","robots":{"index":"index","follow":"follow","max-snippet":"max-snippet:-1","max-image-preview":"max-image-preview:large","max-video-preview":"max-video-preview:-1"},"canonical":"https:\/\/t-golf.club\/de\/calvia\/holes-calvia\/","og_locale":"de_DE","og_type":"article","og_title":"Holes - T Golf Calvia - T Golf","og_url":"https:\/\/t-golf.club\/de\/calvia\/holes-calvia\/","og_site_name":"T Golf","article_modified_time":"2024-08-13T07:08:29+00:00","twitter_card":"summary_large_image","twitter_misc":{"Est. reading time":"1 minute"},"schema":{"@context":"https:\/\/schema.org","@graph":[{"@type":"WebPage","@id":"https:\/\/t-golf.club\/de\/calvia\/holes-calvia\/","url":"https:\/\/t-golf.club\/de\/calvia\/holes-calvia\/","name":"Holes - T Golf Calvia - T Golf","isPartOf":{"@id":"https:\/\/t-golf.club\/de\/#website"},"datePublished":"2022-08-24T11:00:36+00:00","dateModified":"2024-08-13T07:08:29+00:00","breadcrumb":{"@id":"https:\/\/t-golf.club\/de\/calvia\/holes-calvia\/#breadcrumb"},"inLanguage":"de-DE","potentialAction":[{"@type":"ReadAction","target":["https:\/\/t-golf.club\/de\/calvia\/holes-calvia\/"]}]},{"@type":"BreadcrumbList","@id":"https:\/\/t-golf.club\/de\/calvia\/holes-calvia\/#breadcrumb","itemListElement":[{"@type":"ListItem","position":1,"name":"Home","item":"https:\/\/t-golf.club\/de\/"},{"@type":"ListItem","position":2,"name":"Home &#8211; Calvia","item":"https:\/\/t-golf.club\/de\/calvia\/"},{"@type":"ListItem","position":3,"name":"Holes &#8211; T Golf Calvia"}]},{"@type":"WebSite","@id":"https:\/\/t-golf.club\/de\/#website","url":"https:\/\/t-golf.club\/de\/","name":"T Golf","description":"","inLanguage":"de-DE"}]}},"_links":{"self":[{"href":"https:\/\/t-golf.club\/de\/wp-json\/wp\/v2\/pages\/17140","targetHints":{"allow":["GET"]}}],"collection":[{"href":"https:\/\/t-golf.club\/de\/wp-json\/wp\/v2\/pages"}],"about":[{"href":"https:\/\/t-golf.club\/de\/wp-json\/wp\/v2\/types\/page"}],"author":[{"embeddable":true,"href":"https:\/\/t-golf.club\/de\/wp-json\/wp\/v2\/users\/275"}],"replies":[{"embeddable":true,"href":"https:\/\/t-golf.club\/de\/wp-json\/wp\/v2\/comments?post=17140"}],"version-history":[{"count":4,"href":"https:\/\/t-golf.club\/de\/wp-json\/wp\/v2\/pages\/17140\/revisions"}],"predecessor-version":[{"id":50178,"href":"https:\/\/t-golf.club\/de\/wp-json\/wp\/v2\/pages\/17140\/revisions\/50178"}],"up":[{"embeddable":true,"href":"https:\/\/t-golf.club\/de\/wp-json\/wp\/v2\/pages\/1770"}],"wp:attachment":[{"href":"https:\/\/t-golf.club\/de\/wp-json\/wp\/v2\/media?parent=17140"}],"curies":[{"name":"wp","href":"https:\/\/api.w.org\/{rel}","templated":true}]}}