{"id":17014,"date":"2022-08-25T11:10:10","date_gmt":"2022-08-25T11:10:10","guid":{"rendered":"https:\/\/t-golf.club\/?page_id=17014"},"modified":"2025-08-24T09:34:19","modified_gmt":"2025-08-24T09:34:19","slug":"clubhaus-palma","status":"publish","type":"page","link":"https:\/\/t-golf.club\/de\/palma\/clubhaus-palma\/","title":{"rendered":"Clubhaus &#8211; T Golf Palma"},"content":{"rendered":"","protected":false},"excerpt":{"rendered":"","protected":false},"author":275,"featured_media":18296,"parent":16938,"menu_order":164,"comment_status":"closed","ping_status":"closed","template":"views\/casa-club.blade.php","meta":{"_acf_changed":false,"footnotes":""},"class_list":["post-17014","page","type-page","status-publish","has-post-thumbnail","hentry"],"acf":{"subtitle":"Die schlichte Eleganz und der moderne mallorquinische Charme unseres neu renovierten Clubhauses","content":"<p><strong>Das Clubhaus des T GOLF PALMA befindet sich in einem privilegierten Bereich der Anlage und bietet einen fantastischen Blick auf das 16., 17. und 18. Loch.<\/strong><\/p>\n<p>Im Clubhaus werden die Einrichtungen auf den neuesten Stand gebracht, um den T Club-Standard zu erreichen und den Komfort f\u00fcr die Golfer zu erh\u00f6hen. Das neue Design f\u00fcgt den bestehenden Einrichtungen Funktionalit\u00e4t hinzu, um ein fantastisches Ganztagserlebnis mit einem au\u00dfergew\u00f6hnlichen Golfplatz, Service und einem ausgezeichneten kulinarischen Erlebnis zu bieten.<\/p>\n","members_gallery":[{"ID":52391,"id":52391,"title":"DSC_0118_low web","filename":"DSC_0118_low-web.jpg","filesize":107483,"url":"https:\/\/t-golf.club\/wp-content\/uploads\/2024\/11\/DSC_0118_low-web.jpg","link":"https:\/\/t-golf.club\/de\/palma\/clubhaus-palma\/dsc_0118_low-web-2\/","alt":"","author":"268","description":"","caption":"","name":"dsc_0118_low-web-2","status":"inherit","uploaded_to":17014,"date":"2024-11-07 09:23:31","modified":"2024-11-07 09:23:31","menu_order":0,"mime_type":"image\/jpeg","type":"image","subtype":"jpeg","icon":"https:\/\/t-golf.club\/wp-includes\/images\/media\/default.png","width":700,"height":466,"sizes":{"thumbnail":"https:\/\/t-golf.club\/wp-content\/uploads\/2024\/11\/DSC_0118_low-web-100x100.jpg","thumbnail-width":100,"thumbnail-height":100,"medium":"https:\/\/t-golf.club\/wp-content\/uploads\/2024\/11\/DSC_0118_low-web.jpg","medium-width":700,"medium-height":466,"medium_large":"https:\/\/t-golf.club\/wp-content\/uploads\/2024\/11\/DSC_0118_low-web.jpg","medium_large-width":700,"medium_large-height":466,"large":"https:\/\/t-golf.club\/wp-content\/uploads\/2024\/11\/DSC_0118_low-web.jpg","large-width":700,"large-height":466,"1536x1536":"https:\/\/t-golf.club\/wp-content\/uploads\/2024\/11\/DSC_0118_low-web.jpg","1536x1536-width":700,"1536x1536-height":466,"2048x2048":"https:\/\/t-golf.club\/wp-content\/uploads\/2024\/11\/DSC_0118_low-web.jpg","2048x2048-width":700,"2048x2048-height":466}},{"ID":52376,"id":52376,"title":"DSC_0086_low web","filename":"DSC_0086_low-web.jpg","filesize":86863,"url":"https:\/\/t-golf.club\/wp-content\/uploads\/2024\/11\/DSC_0086_low-web.jpg","link":"https:\/\/t-golf.club\/de\/palma\/clubhaus-palma\/dsc_0086_low-web-2\/","alt":"","author":"268","description":"","caption":"","name":"dsc_0086_low-web-2","status":"inherit","uploaded_to":17014,"date":"2024-11-07 09:23:01","modified":"2024-11-07 09:23:37","menu_order":0,"mime_type":"image\/jpeg","type":"image","subtype":"jpeg","icon":"https:\/\/t-golf.club\/wp-includes\/images\/media\/default.png","width":700,"height":1050,"sizes":{"thumbnail":"https:\/\/t-golf.club\/wp-content\/uploads\/2024\/11\/DSC_0086_low-web-100x100.jpg","thumbnail-width":100,"thumbnail-height":100,"medium":"https:\/\/t-golf.club\/wp-content\/uploads\/2024\/11\/DSC_0086_low-web-683x1024.jpg","medium-width":683,"medium-height":1024,"medium_large":"https:\/\/t-golf.club\/wp-content\/uploads\/2024\/11\/DSC_0086_low-web.jpg","medium_large-width":700,"medium_large-height":1050,"large":"https:\/\/t-golf.club\/wp-content\/uploads\/2024\/11\/DSC_0086_low-web.jpg","large-width":700,"large-height":1050,"1536x1536":"https:\/\/t-golf.club\/wp-content\/uploads\/2024\/11\/DSC_0086_low-web.jpg","1536x1536-width":700,"1536x1536-height":1050,"2048x2048":"https:\/\/t-golf.club\/wp-content\/uploads\/2024\/11\/DSC_0086_low-web.jpg","2048x2048-width":700,"2048x2048-height":1050}},{"ID":52379,"id":52379,"title":"DSC_0091_low web","filename":"DSC_0091_low-web.jpg","filesize":136554,"url":"https:\/\/t-golf.club\/wp-content\/uploads\/2024\/11\/DSC_0091_low-web.jpg","link":"https:\/\/t-golf.club\/de\/palma\/clubhaus-palma\/dsc_0091_low-web-2\/","alt":"","author":"268","description":"","caption":"","name":"dsc_0091_low-web-2","status":"inherit","uploaded_to":17014,"date":"2024-11-07 09:23:07","modified":"2024-11-07 09:23:07","menu_order":0,"mime_type":"image\/jpeg","type":"image","subtype":"jpeg","icon":"https:\/\/t-golf.club\/wp-includes\/images\/media\/default.png","width":700,"height":977,"sizes":{"thumbnail":"https:\/\/t-golf.club\/wp-content\/uploads\/2024\/11\/DSC_0091_low-web-100x100.jpg","thumbnail-width":100,"thumbnail-height":100,"medium":"https:\/\/t-golf.club\/wp-content\/uploads\/2024\/11\/DSC_0091_low-web.jpg","medium-width":700,"medium-height":977,"medium_large":"https:\/\/t-golf.club\/wp-content\/uploads\/2024\/11\/DSC_0091_low-web.jpg","medium_large-width":700,"medium_large-height":977,"large":"https:\/\/t-golf.club\/wp-content\/uploads\/2024\/11\/DSC_0091_low-web.jpg","large-width":700,"large-height":977,"1536x1536":"https:\/\/t-golf.club\/wp-content\/uploads\/2024\/11\/DSC_0091_low-web.jpg","1536x1536-width":700,"1536x1536-height":977,"2048x2048":"https:\/\/t-golf.club\/wp-content\/uploads\/2024\/11\/DSC_0091_low-web.jpg","2048x2048-width":700,"2048x2048-height":977}},{"ID":52382,"id":52382,"title":"DSC_0101_low web","filename":"DSC_0101_low-web.jpg","filesize":125836,"url":"https:\/\/t-golf.club\/wp-content\/uploads\/2024\/11\/DSC_0101_low-web.jpg","link":"https:\/\/t-golf.club\/de\/palma\/clubhaus-palma\/dsc_0101_low-web-2\/","alt":"","author":"268","description":"","caption":"","name":"dsc_0101_low-web-2","status":"inherit","uploaded_to":17014,"date":"2024-11-07 09:23:12","modified":"2024-11-07 09:23:12","menu_order":0,"mime_type":"image\/jpeg","type":"image","subtype":"jpeg","icon":"https:\/\/t-golf.club\/wp-includes\/images\/media\/default.png","width":700,"height":466,"sizes":{"thumbnail":"https:\/\/t-golf.club\/wp-content\/uploads\/2024\/11\/DSC_0101_low-web-100x100.jpg","thumbnail-width":100,"thumbnail-height":100,"medium":"https:\/\/t-golf.club\/wp-content\/uploads\/2024\/11\/DSC_0101_low-web.jpg","medium-width":700,"medium-height":466,"medium_large":"https:\/\/t-golf.club\/wp-content\/uploads\/2024\/11\/DSC_0101_low-web.jpg","medium_large-width":700,"medium_large-height":466,"large":"https:\/\/t-golf.club\/wp-content\/uploads\/2024\/11\/DSC_0101_low-web.jpg","large-width":700,"large-height":466,"1536x1536":"https:\/\/t-golf.club\/wp-content\/uploads\/2024\/11\/DSC_0101_low-web.jpg","1536x1536-width":700,"1536x1536-height":466,"2048x2048":"https:\/\/t-golf.club\/wp-content\/uploads\/2024\/11\/DSC_0101_low-web.jpg","2048x2048-width":700,"2048x2048-height":466}},{"ID":52395,"id":52395,"title":"DSC_0121_low web","filename":"DSC_0121_low-web.jpg","filesize":107513,"url":"https:\/\/t-golf.club\/wp-content\/uploads\/2024\/11\/DSC_0121_low-web.jpg","link":"https:\/\/t-golf.club\/de\/palma\/clubhaus-palma\/dsc_0121_low-web-2\/","alt":"","author":"268","description":"","caption":"","name":"dsc_0121_low-web-2","status":"inherit","uploaded_to":17014,"date":"2024-11-07 09:24:30","modified":"2024-11-07 09:24:30","menu_order":0,"mime_type":"image\/jpeg","type":"image","subtype":"jpeg","icon":"https:\/\/t-golf.club\/wp-includes\/images\/media\/default.png","width":700,"height":466,"sizes":{"thumbnail":"https:\/\/t-golf.club\/wp-content\/uploads\/2024\/11\/DSC_0121_low-web-100x100.jpg","thumbnail-width":100,"thumbnail-height":100,"medium":"https:\/\/t-golf.club\/wp-content\/uploads\/2024\/11\/DSC_0121_low-web.jpg","medium-width":700,"medium-height":466,"medium_large":"https:\/\/t-golf.club\/wp-content\/uploads\/2024\/11\/DSC_0121_low-web.jpg","medium_large-width":700,"medium_large-height":466,"large":"https:\/\/t-golf.club\/wp-content\/uploads\/2024\/11\/DSC_0121_low-web.jpg","large-width":700,"large-height":466,"1536x1536":"https:\/\/t-golf.club\/wp-content\/uploads\/2024\/11\/DSC_0121_low-web.jpg","1536x1536-width":700,"1536x1536-height":466,"2048x2048":"https:\/\/t-golf.club\/wp-content\/uploads\/2024\/11\/DSC_0121_low-web.jpg","2048x2048-width":700,"2048x2048-height":466}},{"ID":52385,"id":52385,"title":"DSC_0108_low web","filename":"DSC_0108_low-web.jpg","filesize":290564,"url":"https:\/\/t-golf.club\/wp-content\/uploads\/2024\/11\/DSC_0108_low-web.jpg","link":"https:\/\/t-golf.club\/de\/palma\/clubhaus-palma\/dsc_0108_low-web-2\/","alt":"","author":"268","description":"","caption":"","name":"dsc_0108_low-web-2","status":"inherit","uploaded_to":17014,"date":"2024-11-07 09:23:16","modified":"2024-11-07 09:23:16","menu_order":0,"mime_type":"image\/jpeg","type":"image","subtype":"jpeg","icon":"https:\/\/t-golf.club\/wp-includes\/images\/media\/default.png","width":700,"height":1050,"sizes":{"thumbnail":"https:\/\/t-golf.club\/wp-content\/uploads\/2024\/11\/DSC_0108_low-web-100x100.jpg","thumbnail-width":100,"thumbnail-height":100,"medium":"https:\/\/t-golf.club\/wp-content\/uploads\/2024\/11\/DSC_0108_low-web-683x1024.jpg","medium-width":683,"medium-height":1024,"medium_large":"https:\/\/t-golf.club\/wp-content\/uploads\/2024\/11\/DSC_0108_low-web.jpg","medium_large-width":700,"medium_large-height":1050,"large":"https:\/\/t-golf.club\/wp-content\/uploads\/2024\/11\/DSC_0108_low-web.jpg","large-width":700,"large-height":1050,"1536x1536":"https:\/\/t-golf.club\/wp-content\/uploads\/2024\/11\/DSC_0108_low-web.jpg","1536x1536-width":700,"1536x1536-height":1050,"2048x2048":"https:\/\/t-golf.club\/wp-content\/uploads\/2024\/11\/DSC_0108_low-web.jpg","2048x2048-width":700,"2048x2048-height":1050}},{"ID":52388,"id":52388,"title":"DSC_0111_low web","filename":"DSC_0111_low-web.jpg","filesize":340974,"url":"https:\/\/t-golf.club\/wp-content\/uploads\/2024\/11\/DSC_0111_low-web.jpg","link":"https:\/\/t-golf.club\/de\/palma\/clubhaus-palma\/dsc_0111_low-web-2\/","alt":"","author":"268","description":"","caption":"","name":"dsc_0111_low-web-2","status":"inherit","uploaded_to":17014,"date":"2024-11-07 09:23:23","modified":"2024-11-07 09:23:23","menu_order":0,"mime_type":"image\/jpeg","type":"image","subtype":"jpeg","icon":"https:\/\/t-golf.club\/wp-includes\/images\/media\/default.png","width":700,"height":1050,"sizes":{"thumbnail":"https:\/\/t-golf.club\/wp-content\/uploads\/2024\/11\/DSC_0111_low-web-100x100.jpg","thumbnail-width":100,"thumbnail-height":100,"medium":"https:\/\/t-golf.club\/wp-content\/uploads\/2024\/11\/DSC_0111_low-web-683x1024.jpg","medium-width":683,"medium-height":1024,"medium_large":"https:\/\/t-golf.club\/wp-content\/uploads\/2024\/11\/DSC_0111_low-web.jpg","medium_large-width":700,"medium_large-height":1050,"large":"https:\/\/t-golf.club\/wp-content\/uploads\/2024\/11\/DSC_0111_low-web.jpg","large-width":700,"large-height":1050,"1536x1536":"https:\/\/t-golf.club\/wp-content\/uploads\/2024\/11\/DSC_0111_low-web.jpg","1536x1536-width":700,"1536x1536-height":1050,"2048x2048":"https:\/\/t-golf.club\/wp-content\/uploads\/2024\/11\/DSC_0111_low-web.jpg","2048x2048-width":700,"2048x2048-height":1050}}],"cta":{"ID":50437,"post_author":"268","post_date":"2024-08-24 09:56:36","post_date_gmt":"2024-08-24 09:56:36","post_content":"","post_title":"T Club - Angebot im Herbst","post_excerpt":"","post_status":"publish","comment_status":"closed","ping_status":"closed","post_password":"","post_name":"t-club-angebot-im-herbst","to_ping":"","pinged":"","post_modified":"2025-08-24 09:25:10","post_modified_gmt":"2025-08-24 09:25:10","post_content_filtered":"","post_parent":0,"guid":"https:\/\/t-golf.club\/?post_type=cta&#038;p=50437","menu_order":0,"post_type":"cta","post_mime_type":"","comment_count":"0","filter":"raw"},"wp_nav_image":false,"club_title":"","proshop_text":"<p>F\u00fcr alle Ihre Golf Bed\u00fcrfnisse und mehr bietet T Golf den Full-Service-Proshop mit der neuesten Ausr\u00fcstung.<\/p>\n","proshop_items":[{"image":18447,"title":"JuCad E-Trolleys","text":"<p>In unserem st\u00e4ndigen Streben, Ihnen das Beste zu bieten, hat T Golf jetzt den besten Trolley der Welt, um Ihre n\u00e4chste Runde noch spezieller zu gestalten. JuCad wird in Deutschland handgefertigt und ist bekannt f\u00fcr die Herstellung von Luxus-Golftrolleys der Spitzenklasse. K\u00fcrzlich wurde der Luxustrolley mit dem begehrten \u201cDeutschen Markenpreis\u201d ausgezeichnet und zur \u201cMarke des Jahres\u201d in der Produktkategorie Golfausr\u00fcstung gek\u00fcrt. Probieren Sie eines dieser elektrischen Wunder aus und geniessen Sie das Gehen auf dem Golfplatz mit der leichten Brise und einer wunderbaren Luft auf Ihrer n\u00e4chsten Runde.<\/p>\n","link":""},{"image":18451,"title":"Buggy's Flotte Club Car mit GPS","text":"<p>Im T Golf Palma Puntiro freuen wir uns nun 50 nagelneue, elektrische Club Carts anbieten zu k\u00f6nnen. Jede dieser hochmodernen Sch\u00f6nheiten ist mit einem solchen ausgestattet:<br \/>\n\u2022 GPS<br \/>\n\u2022 Sehr heller 10,2-Zoll-Touchscreen \u201cf\u00fcr den Einsatz im Freien konzipiert<br \/>\n\u2022 Mobilfunktechnologie (3G oder GPRS) zur Kommunikation zwischen Golfwagen und Clubhaus, um Getr\u00e4nke oder Snacks aus dem Wagen bestellen zu k\u00f6nnen!<br \/>\n\u2022 Wi-Fi-Hotspot in den Lade- und Bereitstellungsbereichen der Golfwagen.<br \/>\n\u2022 Zeigt die genaue Entfernung vom Golfwagen zum Loch an.<br \/>\n\u2022 Betrachten Sie das Loch in 3D, bevor Sie Ihren Schlag ausf\u00fchren, und um weitere Informationen zu erhalten.<br \/>\n\u2022 Der Marshall kann die genaue Position aller Spieler sehen, um ein perfektes Tempo und Spiel auf dem Platz zu gew\u00e4hrleisten.<\/p>\n","link":{"title":"","url":"Proshop","target":""}},{"image":18458,"title":"TaylorMade der letzten Generation","text":"<p>Diese Frage bekommen wir jedes Jahr: Ist das neue Zeug wirklich besser als das Zeug vom letzten Jahr? Die Antwort ist ein bedenkenloses \u201cJa\u201d.<br \/>\nTatsache ist, dass die Golfer immer besser werden und die Technik der Ausr\u00fcstung der Grund daf\u00fcr ist. Das kann sich in besseren Scores oder einem niedrigeren Handicap niederschlagen. Es k\u00f6nnte sich in Form von mehr Qualit\u00e4tsschl\u00e4gen \u00f6fter manifestieren. Oder es k\u00f6nnte daran liegen, dass ein weniger ge\u00fcbter Spieler mehr Freude am Spiel hat, weil er den Ball endlich in die Luft bekommt und ihn auf dem Fairway bewegt.<br \/>\nAus diesem Grund haben wir vom T-Club beschlossen, unseren Spielern die neuesten Schl\u00e4ger von Taylor Made anzubieten.<br \/>\nNach der M-Serie der letzten f\u00fcnf Jahre hat TaylorMade nun seine neue SIM (Shape-in-Motion) vorgestellt, bei der die Geometrie zur Erh\u00f6hung der Geschwindigkeit st\u00e4rker im Vordergrund steht.<\/p>\n","link":""},{"image":18464,"title":"Titleist","text":"<p>Wir bei T Golf sind stolz darauf, dass wir jetzt die neuesten Titleist-Schl\u00e4ger zum Verleih anbieten.<br \/>\nWir haben jetzt Titleist TSI1 Driver, H\u00f6lzer und Hybride. Die Eisen sind T300 mit Lady-, Regular- und Flex-Sets mit Stahlsch\u00e4ften erh\u00e4ltlich. Alle Wedges sind das neueste Vockey SM9 Modell und jedes Set wird mit einem Scotty Cameron Putter geliefert.<\/p>\n","link":""}],"proshop_title":"Proshop","members_title":"Umkleider\u00e4ume","members_text":"<p>G\u00f6nnen Sie sich vor oder nach Ihrer Runde die Annehmlichkeiten unserer hochmodernen Umkleidekabine. Beheizte Fu\u00dfb\u00f6den, Klimaanlage, ger\u00e4umige Duschen und Schlie\u00dff\u00e4cher &#8211; eine Oase der Ruhe, die Ihr Golferlebnis insgesamt verbessern soll.<\/p>\n","lockers_title":"","lockers_text":"","lockers_gallery":false},"yoast_head":"<title>Clubhaus - T Golf Palma - T Golf<\/title>\n<meta name=\"robots\" content=\"index, follow, max-snippet:-1, max-image-preview:large, max-video-preview:-1\" \/>\n<link rel=\"canonical\" href=\"https:\/\/t-golf.club\/de\/palma\/clubhaus-palma\/\" \/>\n<meta property=\"og:locale\" content=\"de_DE\" \/>\n<meta property=\"og:type\" content=\"article\" \/>\n<meta property=\"og:title\" content=\"Clubhaus - T Golf Palma - T Golf\" \/>\n<meta property=\"og:url\" content=\"https:\/\/t-golf.club\/de\/palma\/clubhaus-palma\/\" \/>\n<meta property=\"og:site_name\" content=\"T Golf\" \/>\n<meta property=\"article:modified_time\" content=\"2025-08-24T09:34:19+00:00\" \/>\n<meta property=\"og:image\" content=\"https:\/\/t-golf.club\/wp-content\/uploads\/2022\/09\/T-Golf-Palma-Render-4_Proshop.jpg\" \/>\n\t<meta property=\"og:image:width\" content=\"1100\" \/>\n\t<meta property=\"og:image:height\" content=\"617\" \/>\n\t<meta property=\"og:image:type\" content=\"image\/jpeg\" \/>\n<meta name=\"twitter:card\" content=\"summary_large_image\" \/>\n<meta name=\"twitter:label1\" content=\"Est. reading time\" \/>\n\t<meta name=\"twitter:data1\" content=\"5 minutes\" \/>\n<script type=\"application\/ld+json\" class=\"yoast-schema-graph\">{\"@context\":\"https:\/\/schema.org\",\"@graph\":[{\"@type\":\"WebPage\",\"@id\":\"https:\/\/t-golf.club\/de\/palma\/clubhaus-palma\/\",\"url\":\"https:\/\/t-golf.club\/de\/palma\/clubhaus-palma\/\",\"name\":\"Clubhaus - T Golf Palma - T Golf\",\"isPartOf\":{\"@id\":\"https:\/\/t-golf.club\/de\/#website\"},\"primaryImageOfPage\":{\"@id\":\"https:\/\/t-golf.club\/de\/palma\/clubhaus-palma\/#primaryimage\"},\"image\":{\"@id\":\"https:\/\/t-golf.club\/de\/palma\/clubhaus-palma\/#primaryimage\"},\"thumbnailUrl\":\"https:\/\/t-golf.club\/wp-content\/uploads\/2022\/09\/T-Golf-Palma-Render-4_Proshop.jpg\",\"datePublished\":\"2022-08-25T11:10:10+00:00\",\"dateModified\":\"2025-08-24T09:34:19+00:00\",\"breadcrumb\":{\"@id\":\"https:\/\/t-golf.club\/de\/palma\/clubhaus-palma\/#breadcrumb\"},\"inLanguage\":\"de-DE\",\"potentialAction\":[{\"@type\":\"ReadAction\",\"target\":[\"https:\/\/t-golf.club\/de\/palma\/clubhaus-palma\/\"]}]},{\"@type\":\"ImageObject\",\"inLanguage\":\"de-DE\",\"@id\":\"https:\/\/t-golf.club\/de\/palma\/clubhaus-palma\/#primaryimage\",\"url\":\"https:\/\/t-golf.club\/wp-content\/uploads\/2022\/09\/T-Golf-Palma-Render-4_Proshop.jpg\",\"contentUrl\":\"https:\/\/t-golf.club\/wp-content\/uploads\/2022\/09\/T-Golf-Palma-Render-4_Proshop.jpg\",\"width\":1100,\"height\":617},{\"@type\":\"BreadcrumbList\",\"@id\":\"https:\/\/t-golf.club\/de\/palma\/clubhaus-palma\/#breadcrumb\",\"itemListElement\":[{\"@type\":\"ListItem\",\"position\":1,\"name\":\"Home\",\"item\":\"https:\/\/t-golf.club\/de\/\"},{\"@type\":\"ListItem\",\"position\":2,\"name\":\"Home &#8211; Palma\",\"item\":\"https:\/\/t-golf.club\/de\/palma\/\"},{\"@type\":\"ListItem\",\"position\":3,\"name\":\"Clubhaus &#8211; T Golf Palma\"}]},{\"@type\":\"WebSite\",\"@id\":\"https:\/\/t-golf.club\/de\/#website\",\"url\":\"https:\/\/t-golf.club\/de\/\",\"name\":\"T Golf\",\"description\":\"\",\"inLanguage\":\"de-DE\"}]}<\/script>","yoast_head_json":{"title":"Clubhaus - T Golf Palma - T Golf","robots":{"index":"index","follow":"follow","max-snippet":"max-snippet:-1","max-image-preview":"max-image-preview:large","max-video-preview":"max-video-preview:-1"},"canonical":"https:\/\/t-golf.club\/de\/palma\/clubhaus-palma\/","og_locale":"de_DE","og_type":"article","og_title":"Clubhaus - T Golf Palma - T Golf","og_url":"https:\/\/t-golf.club\/de\/palma\/clubhaus-palma\/","og_site_name":"T Golf","article_modified_time":"2025-08-24T09:34:19+00:00","og_image":[{"width":1100,"height":617,"url":"https:\/\/t-golf.club\/wp-content\/uploads\/2022\/09\/T-Golf-Palma-Render-4_Proshop.jpg","type":"image\/jpeg"}],"twitter_card":"summary_large_image","twitter_misc":{"Est. reading time":"5 minutes"},"schema":{"@context":"https:\/\/schema.org","@graph":[{"@type":"WebPage","@id":"https:\/\/t-golf.club\/de\/palma\/clubhaus-palma\/","url":"https:\/\/t-golf.club\/de\/palma\/clubhaus-palma\/","name":"Clubhaus - T Golf Palma - T Golf","isPartOf":{"@id":"https:\/\/t-golf.club\/de\/#website"},"primaryImageOfPage":{"@id":"https:\/\/t-golf.club\/de\/palma\/clubhaus-palma\/#primaryimage"},"image":{"@id":"https:\/\/t-golf.club\/de\/palma\/clubhaus-palma\/#primaryimage"},"thumbnailUrl":"https:\/\/t-golf.club\/wp-content\/uploads\/2022\/09\/T-Golf-Palma-Render-4_Proshop.jpg","datePublished":"2022-08-25T11:10:10+00:00","dateModified":"2025-08-24T09:34:19+00:00","breadcrumb":{"@id":"https:\/\/t-golf.club\/de\/palma\/clubhaus-palma\/#breadcrumb"},"inLanguage":"de-DE","potentialAction":[{"@type":"ReadAction","target":["https:\/\/t-golf.club\/de\/palma\/clubhaus-palma\/"]}]},{"@type":"ImageObject","inLanguage":"de-DE","@id":"https:\/\/t-golf.club\/de\/palma\/clubhaus-palma\/#primaryimage","url":"https:\/\/t-golf.club\/wp-content\/uploads\/2022\/09\/T-Golf-Palma-Render-4_Proshop.jpg","contentUrl":"https:\/\/t-golf.club\/wp-content\/uploads\/2022\/09\/T-Golf-Palma-Render-4_Proshop.jpg","width":1100,"height":617},{"@type":"BreadcrumbList","@id":"https:\/\/t-golf.club\/de\/palma\/clubhaus-palma\/#breadcrumb","itemListElement":[{"@type":"ListItem","position":1,"name":"Home","item":"https:\/\/t-golf.club\/de\/"},{"@type":"ListItem","position":2,"name":"Home &#8211; Palma","item":"https:\/\/t-golf.club\/de\/palma\/"},{"@type":"ListItem","position":3,"name":"Clubhaus &#8211; T Golf Palma"}]},{"@type":"WebSite","@id":"https:\/\/t-golf.club\/de\/#website","url":"https:\/\/t-golf.club\/de\/","name":"T Golf","description":"","inLanguage":"de-DE"}]}},"_links":{"self":[{"href":"https:\/\/t-golf.club\/de\/wp-json\/wp\/v2\/pages\/17014","targetHints":{"allow":["GET"]}}],"collection":[{"href":"https:\/\/t-golf.club\/de\/wp-json\/wp\/v2\/pages"}],"about":[{"href":"https:\/\/t-golf.club\/de\/wp-json\/wp\/v2\/types\/page"}],"author":[{"embeddable":true,"href":"https:\/\/t-golf.club\/de\/wp-json\/wp\/v2\/users\/275"}],"replies":[{"embeddable":true,"href":"https:\/\/t-golf.club\/de\/wp-json\/wp\/v2\/comments?post=17014"}],"version-history":[{"count":5,"href":"https:\/\/t-golf.club\/de\/wp-json\/wp\/v2\/pages\/17014\/revisions"}],"predecessor-version":[{"id":61638,"href":"https:\/\/t-golf.club\/de\/wp-json\/wp\/v2\/pages\/17014\/revisions\/61638"}],"up":[{"embeddable":true,"href":"https:\/\/t-golf.club\/de\/wp-json\/wp\/v2\/pages\/16938"}],"wp:featuredmedia":[{"embeddable":true,"href":"https:\/\/t-golf.club\/de\/wp-json\/wp\/v2\/media\/18296"}],"wp:attachment":[{"href":"https:\/\/t-golf.club\/de\/wp-json\/wp\/v2\/media?parent=17014"}],"curies":[{"name":"wp","href":"https:\/\/api.w.org\/{rel}","templated":true}]}}