{"id":17009,"date":"2022-08-25T11:04:05","date_gmt":"2022-08-25T11:04:05","guid":{"rendered":"https:\/\/t-golf.club\/?page_id=17009"},"modified":"2025-04-26T08:43:44","modified_gmt":"2025-04-26T08:43:44","slug":"pros-golfunterricht-palma","status":"publish","type":"page","link":"https:\/\/t-golf.club\/de\/palma\/pros-golfunterricht-palma\/","title":{"rendered":"Pro&#8217;s Golfunterricht &#8211; T Golf Palma"},"content":{"rendered":"","protected":false},"excerpt":{"rendered":"","protected":false},"author":275,"featured_media":16977,"parent":16938,"menu_order":158,"comment_status":"closed","ping_status":"closed","template":"views\/golf-academy.blade.php","meta":{"_acf_changed":false,"footnotes":""},"class_list":["post-17009","page","type-page","status-publish","has-post-thumbnail","hentry"],"acf":{"subtitle":"Finden Sie den perfekten Schwung im T Golf Palma","content":"<p><strong>Von Anf\u00e4ngern bis hin zu Spielern mit niedrigem Handicap sind unsere Profis bestrebt, Ihr Spiel auf das n\u00e4chste Niveau zu bringen.<\/strong><\/p>\n<p>Unsere Leidenschaft f\u00fcr den Golfsport und unser Eifer, Ihnen zu helfen, beruhen auf der Philosophie unseres Head Pro Coque Insua. &#8220;Es gibt viele Wege, um zu lernen, wir wollen, dass unserer sich abhebt; basierend auf den richtigen Grundlagen und qualitativem Training, wollen wir, dass Sie vom ersten Tag an Spa\u00df haben und auf dem Platz spielen. Und was am wichtigsten ist: Es soll Spa\u00df machen&#8221;, sagt er.<br \/>\nAlle unsere T Lehrer sind PGA-zertifizierte Profis mit langj\u00e4hriger Erfahrung und folgen unserer bew\u00e4hrten Unterrichtsphilosophie: &#8220;Keep it simple and stick to the fundamentals&#8221;. Dies ist der beste Weg, um die Golftechnik zu verstehen, das Golfspiel zu genie\u00dfen und Ihr volles Potenzial zu erreichen. Wir bieten unsere Dienstleistungen auf Englisch, Deutsch und Spanisch an.<\/p>\n<p>Wir sind stolzer Partner, autorisierter Einzelh\u00e4ndler und zertifiziertes Fitting Center f\u00fcr Taylor Made Equipment<\/p>\n","quote":"Alle unsere T Golf Instruktoren sind zertifizierte PGA Profis","lesson":[{"title":"T Mitglieder","text":"","pax":[{"title":"PRIVATSTUNDEN<br \/>\r\n(50 Minuten)","prices":[{"price":"75\u20ac"},{"price":"85\u20ac"},{"price":"95\u20ac"},{"price":"105\u20ac"}]},{"title":"SPIEL MIT DEM PRO<br \/>\r\n(110 Minuten)","prices":[{"price":"150\u20ac"},{"price":"170\u20ac"},{"price":"190\u20ac"}]}],"link":""},{"title":"Nicht-Mitglieder","text":"","pax":[{"title":"PRIVATSTUNDEN<br \/>\r\n(50 Minuten)","prices":[{"price":"90\u20ac"},{"price":"100\u20ac"},{"price":"110\u20ac"},{"price":"120\u20ac"}]},{"title":"SPIEL MIT DEM PRO <br \/>\r\n(110 Minuten). 9 L\u00f6cher Greenfee nicht inbegriffen","prices":[{"price":"180\u20ac"},{"price":"200\u20ac"},{"price":"220\u20ac"}]}],"link":""},{"title":"Anf\u00e4ngerkurs","text":"<p>Wir haben die &#8220;perfekte Anleitung&#8221; f\u00fcr Sie vorbereitet. W\u00e4hrend 6 Stunden(*) lernen Sie die Grundlagen des Golfspiels und genie\u00dfen es, Ihre ersten L\u00f6cher auf dem Golfplatz zu spielen.<\/p>\n<p>(*) 3 x 110 Minuten \u00fcben.<\/p>\n<p>Max. 3 Pax. 9 L\u00f6cher Greenfee nicht inbegriffen.<\/p>\n","pax":[{"title":"","prices":[{"price":"540\u20ac"},{"price":"600\u20ac"},{"price":"660\u20ac"}]}],"link":""},{"title":"Platzreife","text":"<p>Sie werden alle grundlegenden F\u00e4higkeiten erlernen, die Sie ben\u00f6tigen, um zuversichtlich Golf spielen zu k\u00f6nnen, wenn Sie wieder zu Hause sind. Machen Sie sich mit der Golfausr\u00fcstung vertraut und experimentieren Sie aus erster Hand mit den verschiedenen Schl\u00e4gen (Putten, Chippen, Pitchen und das lange Spiel mit einem Fahrer), um Ihren eigenen Golfschwung zusammenzustellen. Am letzten Tag spielen Sie auf dem Golfplatz!<\/p>\n<p>Max 3 Pax. 9 L\u00f6cher Greenfee nicht inbegriffen<\/p>\n","pax":[{"title":"","prices":[{"price":"900\u20ac<br>(10x50Minuten)"},{"price":"1200\u20ac<br> (12x50Minuten)"},{"price":"1320\u20ac<br> (12x50Minuten)"}]}],"link":""},{"title":"Zielhandicap","text":"<p>Dieser Kurs ist ideal, um das Handicap zu erlangen, das Sie sich immer gew\u00fcnscht haben. W\u00e4hrend 6 Stunden(*). Sie werden die Schwachstellen Ihres Spiels verbessern, so dass Sie Ihr Handicap senken k\u00f6nnen, wenn Sie auf den Platz kommen.<\/p>\n<p>(*) 3 x 110 Minuten<\/p>\n<p>9 L\u00f6cher Greenfee nicht inbegriffen<\/p>\n","pax":[{"title":"","prices":[{"price":"540\u20ac"},{"price":"600\u20ac"},{"price":"660\u20ac"}]}],"link":""},{"title":"Paket 10 + 1 Unterrichtsstunde geschenkt","text":"<p>Buchen Sie 11 Stunden(*) Golfunterricht und zahlen Sie nur 10. Erreichen Sie Ihre Ziele mit diesem Angebot.<\/p>\n<p>(*) 550 Minuten<\/p>\n","pax":[{"title":"Mitglieder T Golf","prices":[{"price":"750\u20ac"},{"price":"850\u20ac"},{"price":"950\u20ac"},{"price":"1050\u20ac"}]},{"title":"Nicht-Mitglieder T Golf","prices":[{"price":"900\u20ac"},{"price":"1000\u20ac"},{"price":"1100\u20ac"},{"price":"1200\u20ac"}]}],"link":""}],"lesson_text":"<p><strong>Akademie f\u00fcr Erwachsene<br \/>\n<\/strong><\/p>\n<p>Verbessern Sie Ihr Spiel mit Hilfe unserer PGA Pros im T Golf Palma<\/p>\n<p>F\u00fcr die Buchung kontaktieren Sie uns bitte:<br \/>\nTelefon <a href=\"tel:+34971797330\">+34 971 797 330<\/a>.<br \/>\nEmail &lt;<a href=\"mailto:academy.palma@t-golf.club\">academy.palma@t-golf.club<\/a><\/p>\n","lesson_subtitle":"Jetzt k\u00f6nnen Sie online buchen","lesson_text_small":"<p>W\u00e4hrend der Unterrichtsstunden sind die Nutzung der Driving Range und die B\u00e4lle inkludiert.<\/p>\n","lesson_link":"","pgas_pro":[{"image":23504,"name":"Coque Insua","title":"Head Pro bei der T Golf Akademie","text":"<p><strong>Sprachen: Spanisch, Englisch, Deutsch, Katalanisch<\/strong><\/p>\n<p>PGA Player seit 2009<br \/>\nPGA Instructor seit 2010<br \/>\nAndere: TPI, Vision 54, Vector, Smart2move<\/p>\n<p>Nach langj\u00e4hriger Erfahrung und der Arbeit mit guten Golfspielern f\u00e4llt es mir leicht, einen Schwung zu analysieren und die Schwachstellen zu finden. In meinem Unterricht zeige ich Ihnen \u00dcbungen zur Verbesserung Ihres Spiels und gebe Ihnen individuelle Tipps.<\/p>\n<p>F\u00fcr weitere Informationen und Buchungen kontaktieren Sie uns bitte unter T Golf Palma.<br \/>\nTelefon <a href=\"tel:+34638918889\">+34\u00a0<\/a>638 918 889<br \/>\nEmail <a href=\"mailto:academy.palma@t-golf.club\">academy.palma@t-golf.club<\/a><\/p>\n","link":{"title":"Buchen Sie jetzt","url":"https:\/\/tgolfacademy.simplybook.it\/v2\/#book\/provider\/16","target":""}},{"image":23508,"name":"Borja Nieto","title":"PGA Pro","text":"<p><strong>Sprachen: Spanisch, Englisch<\/strong><\/p>\n<p>Borja Nieto ist ein professioneller Spieler und Golflehrer. Derzeit ist er Trainer der spanischen U16-Nationalmannschaften. Er unterrichtet seit mehr als 20 Jahren, sowohl individuell als auch kollektiv.<\/p>\n<p>Er ist von TPI in den Bereichen Junior Coach II und III, Fitness und Pro Golf qualifiziert und verf\u00fcgt \u00fcber eine zus\u00e4tzliche Ausbildung in Golf-Technologie-Tools wie Bioswing Dynamics, Smart2Move, Foresight, Trackman, SpL, SwingCatalyst, Capto und Vision 54.<\/p>\n<p>Er hat als Berater mit der Nationalen Schule f\u00fcr Sporttechniker und mit der RFEG in verschiedenen Projekten zusammengearbeitet.<\/p>\n<p>Er ist Spezialist f\u00fcr die Anpassung des Unterrichts an Spieler aller Spielst\u00e4rken, von Anf\u00e4ngern bis hin zu Hochleistungsgolfern, und findet den Trainingsweg, der am besten zum Kunden passt, um sein Golf auf das h\u00f6chste Niveau zu bringen.<\/p>\n<p>F\u00fcr weitere Informationen und Buchungen kontaktieren Sie uns bitte unter T Golf Palma.<br \/>\nTelefon <a href=\"tel:+34638918889\">+34\u00a0<\/a>638 918 889<br \/>\nEmail <a href=\"mailto:academy.palma@t-golf.club\">academy.palma@t-golf.club<\/a><\/p>\n","link":{"title":"Buchen Sie jetzt","url":"https:\/\/tgolfacademy.simplybook.it\/v2\/#book\/provider\/17","target":"_blank"}},{"image":25983,"name":"Mario Majchszak ","title":"PGA Pro","text":"<p><strong>Sprachen: Deutsch, Englisch<\/strong><\/p>\n<p>Golf soll Spa\u00df machen!<\/p>\n<p>Menschen mit Geduld, Ausdauer und Leidenschaft erfolgreich Neues zu vermitteln, bereitet mir sehr viel Freude.<\/p>\n<p>W\u00e4hrend meines Studiums an der Deutschen Sporthochschule in K\u00f6ln und in der Ausbildung zum Golfprofessional erwarb ich wesentliche theoretische und praktische Elemente der Didaktik und Methodik des Lehrens und Lernens. Dar\u00fcberhinaus hatte ich das Gl\u00fcck und die Gelegenheit von wirklich au\u00dfergew\u00f6hnlichen Pers\u00f6nlichkeiten zu lernen (u.a. Rainer Mund, G\u00fcnter Kessler).<\/p>\n<p>Ich unterst\u00fctze Dich dabei, Deine Technik zuk\u00fcnftig noch besser zu verstehen und gemeinsam passen wir Deine Bewegungsabl\u00e4ufe an Deine Bed\u00fcrfnisse an. \u00dcberraschend einfach.<\/p>\n<p>Wir finden Deinen Golfschwung! Gerne zeige ich Euch, wie einfach und unkompliziert das Golfspiel sein kann.<\/p>\n<p>F\u00fcr weitere Informationen und Buchungen kontaktieren Sie uns bitte unter T Golf Palma.<br \/>\nTelefon <a href=\"tel:+34638918889\">+34\u00a0<\/a>638 918 889<br \/>\nEmail <a href=\"mailto:academy.palma@t-golf.club\">academy.palma@t-golf.club<\/a><\/p>\n","link":{"title":"Buchen Sie jetzt","url":"https:\/\/tgolfacademy.simplybook.it\/v2\/#book\/provider\/18","target":"_blank"}},{"image":23520,"name":"Marc Urp\u00ed","title":"PGA Pro","text":"<p><strong>Sprachen: Spanisch, Englisch, Deutsch, Katalanisch.<\/strong><\/p>\n<p>PGA Professional seit 1998.<\/p>\n<p>Jeder Mensch hat einen einzigartigen Schwung oder pers\u00f6nlichen Stil, der nicht \u00fcbertragbar ist.<\/p>\n<p>Alle erfolgreiche Spieler haben jedoch eins gemeinsam, und zwar dass sie Schl\u00fcsselpositionen in ihrem Schwung einnehmen.<\/p>\n<p>Durch die Arbeit an diesen Schl\u00fcsselpositionen kann ich jeden Schwung verbessern, unabh\u00e4ngig vom Alter oder Spielniveau, wobei ich den pers\u00f6nlichen Stil und die k\u00f6rperlichen F\u00e4higkeiten jedes Spielers respektiere.<\/p>\n<p>Meine Arbeitsmethode basiert auf dem O&#8217;Grady P10 System.<\/p>\n<p>F\u00fcr weitere Informationen und Buchungen kontaktieren Sie uns bitte unter T Golf Calvia.<br \/>\nTelefon oder WhatsApp: <a href=\"tel:+34638918889\">+34 <\/a>638 918 889<br \/>\nE-Mail: <a href=\"mailto:academy.calvia@t-golf.club\">academy.calvia@t-golf.club<\/a><\/p>\n","link":{"title":"Buchen Sie jetzt","url":"https:\/\/tgolfacademy.simplybook.it\/v2\/#book\/location\/2\/category\/1\/service\/14\/count\/1\/provider\/20\/","target":""}},{"image":34438,"name":"Moritz Beyer","title":"Personal Trainer","text":"<p><strong>Sprachen: Spanisch, Englisch, Deutsch<\/strong><\/p>\n<p>Moritz Beyer ist ein leidenschaftlicher Personal Trainer, spezialisiert auf die Verbesserung der spezifischen Beweglichkeit f\u00fcr Golf. Sein einzigartiger und individueller Ansatz konzentriert sich darauf, Golfern dabei zu helfen, ihre Leistung durch \u00dcbungen und Techniken zu optimieren, die darauf abzielen, die Flexibilit\u00e4t zu erh\u00f6hen, spezifische Muskeln zu st\u00e4rken und Bewegungen zu korrigieren, die zu Verletzungen f\u00fchren k\u00f6nnten.<\/p>\n<p>Er bietet seine Dienste in T Golf Calvia und T Golf Palma an. An beiden Standorten k\u00f6nnen Sie eng mit ihm zusammenarbeiten, um ein auf Ihre individuellen Bed\u00fcrfnisse und spezifischen Ziele im Golf zugeschnittenes Trainingsprogramm zu entwickeln.<\/p>\n<p>Die neueste Erg\u00e4nzung in T Golf Palma ist das k\u00fcrzlich er\u00f6ffnete Fitnessstudio, ein Raum mit Einrichtungen, die die M\u00f6glichkeit bieten, die allgemeine k\u00f6rperliche Fitness zu verbessern. Dieses Fitnessstudio befindet sich auf der Driving Range, sodass Sie in derselben Sitzung an Ihrer k\u00f6rperlichen Fitness arbeiten und B\u00e4lle schlagen k\u00f6nnen, um die gew\u00fcnschte Bewegung in Ihren Schwung zu integrieren.<\/p>\n<p>F\u00fcr weitere Informationen und Buchungen kontaktieren Sie uns bitte unter T Golf &amp; Country Club.<br \/>\nTelefon +34 622 93 93 69<br \/>\nEmail academy@t-golf.club<\/p>\n","link":{"title":"Buchen Sie jetzt","url":"https:\/\/tgolfacademy.simplybook.it\/v2\/#book\/provider\/19","target":""}}],"wp_nav_image":false,"lesson_use_iframe":true,"lesson_iframe":"<p><script src=\"\/\/widget.simplybook.it\/v2\/widget\/widget.js\" type=\"text\/javascript\"><\/script><br \/>\n<script type=\"text\/javascript\">\n    var widget = new SimplybookWidget({\"widget_type\":\"iframe\",\"url\":\"https:\\\/\\\/tgolfacademy.simplybook.it\",\"theme\":\"default\",\"theme_settings\":{\"timeline_hide_unavailable\":\"1\",\"hide_past_days\":\"0\",\"timeline_show_end_time\":\"0\",\"timeline_modern_display\":\"as_slots\",\"sb_base_color\":\"#1bae70\",\"display_item_mode\":\"block\",\"booking_nav_bg_color\":\"#636952\",\"body_bg_color\":\"#f2f2f2\",\"sb_review_image\":\"3\",\"sb_review_image_preview\":\"\\\/uploads\\\/tgolfacademy\\\/image_files\\\/preview\\\/2922743d0bbddf19e2222a83a82f4c14.jpg\",\"dark_font_color\":\"#333333\",\"light_font_color\":\"#ffffff\",\"btn_color_1\":\"#1bae70\",\"sb_company_label_color\":\"#ffffff\",\"hide_img_mode\":\"0\",\"show_sidebar\":\"1\",\"sb_busy\":\"#d1a1a1\",\"sb_available\":\"#a0d6c0\"},\"timeline\":\"modern\",\"datepicker\":\"top_calendar\",\"is_rtl\":false,\"app_config\":{\"clear_session\":0,\"allow_switch_to_ada\":0,\"predefined\":[]}});\n<\/script><\/p>\n"},"yoast_head":"<title>Pro&#039;s Golfunterricht - T Golf Palma - T Golf<\/title>\n<meta name=\"robots\" content=\"index, follow, max-snippet:-1, max-image-preview:large, max-video-preview:-1\" \/>\n<link rel=\"canonical\" href=\"https:\/\/t-golf.club\/de\/palma\/pros-golfunterricht-palma\/\" \/>\n<meta property=\"og:locale\" content=\"de_DE\" \/>\n<meta property=\"og:type\" content=\"article\" \/>\n<meta property=\"og:title\" content=\"Pro&#039;s Golfunterricht - T Golf Palma - T Golf\" \/>\n<meta property=\"og:url\" content=\"https:\/\/t-golf.club\/de\/palma\/pros-golfunterricht-palma\/\" \/>\n<meta property=\"og:site_name\" content=\"T Golf\" \/>\n<meta property=\"article:modified_time\" content=\"2025-04-26T08:43:44+00:00\" \/>\n<meta property=\"og:image\" content=\"https:\/\/t-golf.club\/wp-content\/uploads\/2022\/08\/GOLF-PARK-MALLORCA-PUNTIRO-Hole-9-Green-Bunkers-MR-scaled.jpg\" \/>\n\t<meta property=\"og:image:width\" content=\"2560\" \/>\n\t<meta property=\"og:image:height\" content=\"1708\" \/>\n\t<meta property=\"og:image:type\" content=\"image\/jpeg\" \/>\n<meta name=\"twitter:card\" content=\"summary_large_image\" \/>\n<meta name=\"twitter:label1\" content=\"Est. reading time\" \/>\n\t<meta name=\"twitter:data1\" content=\"7 minutes\" \/>\n<script type=\"application\/ld+json\" class=\"yoast-schema-graph\">{\"@context\":\"https:\\\/\\\/schema.org\",\"@graph\":[{\"@type\":\"WebPage\",\"@id\":\"https:\\\/\\\/t-golf.club\\\/de\\\/palma\\\/pros-golfunterricht-palma\\\/\",\"url\":\"https:\\\/\\\/t-golf.club\\\/de\\\/palma\\\/pros-golfunterricht-palma\\\/\",\"name\":\"Pro's Golfunterricht - T Golf Palma - T Golf\",\"isPartOf\":{\"@id\":\"https:\\\/\\\/t-golf.club\\\/de\\\/#website\"},\"primaryImageOfPage\":{\"@id\":\"https:\\\/\\\/t-golf.club\\\/de\\\/palma\\\/pros-golfunterricht-palma\\\/#primaryimage\"},\"image\":{\"@id\":\"https:\\\/\\\/t-golf.club\\\/de\\\/palma\\\/pros-golfunterricht-palma\\\/#primaryimage\"},\"thumbnailUrl\":\"https:\\\/\\\/t-golf.club\\\/wp-content\\\/uploads\\\/2022\\\/08\\\/GOLF-PARK-MALLORCA-PUNTIRO-Hole-9-Green-Bunkers-MR-scaled.jpg\",\"datePublished\":\"2022-08-25T11:04:05+00:00\",\"dateModified\":\"2025-04-26T08:43:44+00:00\",\"breadcrumb\":{\"@id\":\"https:\\\/\\\/t-golf.club\\\/de\\\/palma\\\/pros-golfunterricht-palma\\\/#breadcrumb\"},\"inLanguage\":\"de-DE\",\"potentialAction\":[{\"@type\":\"ReadAction\",\"target\":[\"https:\\\/\\\/t-golf.club\\\/de\\\/palma\\\/pros-golfunterricht-palma\\\/\"]}]},{\"@type\":\"ImageObject\",\"inLanguage\":\"de-DE\",\"@id\":\"https:\\\/\\\/t-golf.club\\\/de\\\/palma\\\/pros-golfunterricht-palma\\\/#primaryimage\",\"url\":\"https:\\\/\\\/t-golf.club\\\/wp-content\\\/uploads\\\/2022\\\/08\\\/GOLF-PARK-MALLORCA-PUNTIRO-Hole-9-Green-Bunkers-MR-scaled.jpg\",\"contentUrl\":\"https:\\\/\\\/t-golf.club\\\/wp-content\\\/uploads\\\/2022\\\/08\\\/GOLF-PARK-MALLORCA-PUNTIRO-Hole-9-Green-Bunkers-MR-scaled.jpg\",\"width\":2560,\"height\":1708},{\"@type\":\"BreadcrumbList\",\"@id\":\"https:\\\/\\\/t-golf.club\\\/de\\\/palma\\\/pros-golfunterricht-palma\\\/#breadcrumb\",\"itemListElement\":[{\"@type\":\"ListItem\",\"position\":1,\"name\":\"Home\",\"item\":\"https:\\\/\\\/t-golf.club\\\/de\\\/\"},{\"@type\":\"ListItem\",\"position\":2,\"name\":\"Home &#8211; Palma\",\"item\":\"https:\\\/\\\/t-golf.club\\\/de\\\/palma\\\/\"},{\"@type\":\"ListItem\",\"position\":3,\"name\":\"Pro&#8217;s Golfunterricht &#8211; T Golf Palma\"}]},{\"@type\":\"WebSite\",\"@id\":\"https:\\\/\\\/t-golf.club\\\/de\\\/#website\",\"url\":\"https:\\\/\\\/t-golf.club\\\/de\\\/\",\"name\":\"T Golf\",\"description\":\"\",\"inLanguage\":\"de-DE\"}]}<\/script>","yoast_head_json":{"title":"Pro's Golfunterricht - T Golf Palma - T Golf","robots":{"index":"index","follow":"follow","max-snippet":"max-snippet:-1","max-image-preview":"max-image-preview:large","max-video-preview":"max-video-preview:-1"},"canonical":"https:\/\/t-golf.club\/de\/palma\/pros-golfunterricht-palma\/","og_locale":"de_DE","og_type":"article","og_title":"Pro's Golfunterricht - T Golf Palma - T Golf","og_url":"https:\/\/t-golf.club\/de\/palma\/pros-golfunterricht-palma\/","og_site_name":"T Golf","article_modified_time":"2025-04-26T08:43:44+00:00","og_image":[{"width":2560,"height":1708,"url":"https:\/\/t-golf.club\/wp-content\/uploads\/2022\/08\/GOLF-PARK-MALLORCA-PUNTIRO-Hole-9-Green-Bunkers-MR-scaled.jpg","type":"image\/jpeg"}],"twitter_card":"summary_large_image","twitter_misc":{"Est. reading time":"7 minutes"},"schema":{"@context":"https:\/\/schema.org","@graph":[{"@type":"WebPage","@id":"https:\/\/t-golf.club\/de\/palma\/pros-golfunterricht-palma\/","url":"https:\/\/t-golf.club\/de\/palma\/pros-golfunterricht-palma\/","name":"Pro's Golfunterricht - T Golf Palma - T Golf","isPartOf":{"@id":"https:\/\/t-golf.club\/de\/#website"},"primaryImageOfPage":{"@id":"https:\/\/t-golf.club\/de\/palma\/pros-golfunterricht-palma\/#primaryimage"},"image":{"@id":"https:\/\/t-golf.club\/de\/palma\/pros-golfunterricht-palma\/#primaryimage"},"thumbnailUrl":"https:\/\/t-golf.club\/wp-content\/uploads\/2022\/08\/GOLF-PARK-MALLORCA-PUNTIRO-Hole-9-Green-Bunkers-MR-scaled.jpg","datePublished":"2022-08-25T11:04:05+00:00","dateModified":"2025-04-26T08:43:44+00:00","breadcrumb":{"@id":"https:\/\/t-golf.club\/de\/palma\/pros-golfunterricht-palma\/#breadcrumb"},"inLanguage":"de-DE","potentialAction":[{"@type":"ReadAction","target":["https:\/\/t-golf.club\/de\/palma\/pros-golfunterricht-palma\/"]}]},{"@type":"ImageObject","inLanguage":"de-DE","@id":"https:\/\/t-golf.club\/de\/palma\/pros-golfunterricht-palma\/#primaryimage","url":"https:\/\/t-golf.club\/wp-content\/uploads\/2022\/08\/GOLF-PARK-MALLORCA-PUNTIRO-Hole-9-Green-Bunkers-MR-scaled.jpg","contentUrl":"https:\/\/t-golf.club\/wp-content\/uploads\/2022\/08\/GOLF-PARK-MALLORCA-PUNTIRO-Hole-9-Green-Bunkers-MR-scaled.jpg","width":2560,"height":1708},{"@type":"BreadcrumbList","@id":"https:\/\/t-golf.club\/de\/palma\/pros-golfunterricht-palma\/#breadcrumb","itemListElement":[{"@type":"ListItem","position":1,"name":"Home","item":"https:\/\/t-golf.club\/de\/"},{"@type":"ListItem","position":2,"name":"Home &#8211; Palma","item":"https:\/\/t-golf.club\/de\/palma\/"},{"@type":"ListItem","position":3,"name":"Pro&#8217;s Golfunterricht &#8211; T Golf Palma"}]},{"@type":"WebSite","@id":"https:\/\/t-golf.club\/de\/#website","url":"https:\/\/t-golf.club\/de\/","name":"T Golf","description":"","inLanguage":"de-DE"}]}},"_links":{"self":[{"href":"https:\/\/t-golf.club\/de\/wp-json\/wp\/v2\/pages\/17009","targetHints":{"allow":["GET"]}}],"collection":[{"href":"https:\/\/t-golf.club\/de\/wp-json\/wp\/v2\/pages"}],"about":[{"href":"https:\/\/t-golf.club\/de\/wp-json\/wp\/v2\/types\/page"}],"author":[{"embeddable":true,"href":"https:\/\/t-golf.club\/de\/wp-json\/wp\/v2\/users\/275"}],"replies":[{"embeddable":true,"href":"https:\/\/t-golf.club\/de\/wp-json\/wp\/v2\/comments?post=17009"}],"version-history":[{"count":5,"href":"https:\/\/t-golf.club\/de\/wp-json\/wp\/v2\/pages\/17009\/revisions"}],"predecessor-version":[{"id":57119,"href":"https:\/\/t-golf.club\/de\/wp-json\/wp\/v2\/pages\/17009\/revisions\/57119"}],"up":[{"embeddable":true,"href":"https:\/\/t-golf.club\/de\/wp-json\/wp\/v2\/pages\/16938"}],"wp:featuredmedia":[{"embeddable":true,"href":"https:\/\/t-golf.club\/de\/wp-json\/wp\/v2\/media\/16977"}],"wp:attachment":[{"href":"https:\/\/t-golf.club\/de\/wp-json\/wp\/v2\/media?parent=17009"}],"curies":[{"name":"wp","href":"https:\/\/api.w.org\/{rel}","templated":true}]}}