{"id":16995,"date":"2022-08-25T10:37:55","date_gmt":"2022-08-25T10:37:55","guid":{"rendered":"https:\/\/t-golf.club\/?page_id=16995"},"modified":"2025-12-27T14:27:19","modified_gmt":"2025-12-27T14:27:19","slug":"turniere-palma","status":"publish","type":"page","link":"https:\/\/t-golf.club\/de\/palma\/turniere-palma\/","title":{"rendered":"Turniere &#8211; T Golf Palma"},"content":{"rendered":"","protected":false},"excerpt":{"rendered":"","protected":false},"author":275,"featured_media":1219,"parent":16938,"menu_order":78,"comment_status":"closed","ping_status":"closed","template":"views\/tournament.blade.php","meta":{"_acf_changed":false,"footnotes":""},"class_list":["post-16995","page","type-page","status-publish","has-post-thumbnail","hentry"],"acf":{"size":"large","subtitle":"Stellen Sie Ihre F\u00e4higkeiten auf die Probe und genie\u00dfen Sie das Beste","link_back":"","hero":{"size":"large","subtitle":"Stellen Sie Ihre F\u00e4higkeiten auf die Probe und genie\u00dfen Sie das Beste","link_back":""},"content":[{"acf_fc_layout":"content","title":"","text_large":"<p>Der Platz ist in einem perfekten Zustand und die Gr\u00fcns sind makellos, um herausfordernde Turniere zu genie\u00dfen. Die Liste der 2022-Turniere im T Golf Calvia finden Sie hier.<\/p>\n","text":"","link":"","cards":false,"image":false,"sidebar":[{"acf_fc_layout":"contact","text_intro":"Um sich f\u00fcr ein Turnier anzumelden, wenden Sie sich bitte an:","image":2189,"title":"Xisca Tugores","text":"<p><a href=\"mailto:administration@t-golf.club\" target=\"_blank\" rel=\"noopener\">administration@t-golf.club<\/a><br \/>\n<a href=\"tel:+34971130148\" target=\"_blank\" rel=\"noopener\">+34 971 130 148<\/a><\/p>\n"}],"background_color":"brown-100"},{"acf_fc_layout":"current_tournaments","title":"Turniere 2022","background_color":"white"}],"wp_nav_image":false,"tournament_title":"Turniere - T Golf Palma","tournament_subtitle":"Stellen Sie Ihre F\u00e4higkeiten auf die Probe und genie\u00dfen Sie das Beste","tournament_image":1219,"tournament_content":"<p>Der Platz ist in perfektem Zustand und die Gr\u00fcns sind tadellos, um anspruchsvolle Turniere zu spielen. Hier finden Sie die Liste der Turniere, die 2026 im T Golf Palma stattfinden.<\/p>\n","tournament_contact_image":11267,"tournament_contact_name":"Xisca Tugores","tournament_contact_text":"<p>Um sich f\u00fcr ein Turnier anzumelden, wenden Sie sich bitte an:<\/p>\n<p><a href=\"mailto:administration@t-golf.club\" target=\"_blank\" rel=\"noopener\">administration@t-golf.club<\/a><br \/>\n<a href=\"tel:+34971797330\" target=\"_blank\" rel=\"noopener\">+34 971 797 330<\/a><\/p>\n","tournament_current_title":"Aktuelle Turniere","tournament_current":""},"yoast_head":"<title>Turniere - T Golf Palma - T Golf<\/title>\n<meta name=\"robots\" content=\"index, follow, max-snippet:-1, max-image-preview:large, max-video-preview:-1\" \/>\n<link rel=\"canonical\" href=\"https:\/\/t-golf.club\/de\/palma\/turniere-palma\/\" \/>\n<meta property=\"og:locale\" content=\"de_DE\" \/>\n<meta property=\"og:type\" content=\"article\" \/>\n<meta property=\"og:title\" content=\"Turniere - T Golf Palma - T Golf\" \/>\n<meta property=\"og:url\" content=\"https:\/\/t-golf.club\/de\/palma\/turniere-palma\/\" \/>\n<meta property=\"og:site_name\" content=\"T Golf\" \/>\n<meta property=\"article:modified_time\" content=\"2025-12-27T14:27:19+00:00\" \/>\n<meta property=\"og:image\" content=\"https:\/\/t-golf.club\/wp-content\/uploads\/2020\/06\/T-Golf_Events-4-2.jpg\" \/>\n\t<meta property=\"og:image:width\" content=\"1280\" \/>\n\t<meta property=\"og:image:height\" content=\"853\" \/>\n\t<meta property=\"og:image:type\" content=\"image\/jpeg\" \/>\n<meta name=\"twitter:card\" content=\"summary_large_image\" \/>\n<meta name=\"twitter:label1\" content=\"Est. reading time\" \/>\n\t<meta name=\"twitter:data1\" content=\"1 minute\" \/>\n<script type=\"application\/ld+json\" class=\"yoast-schema-graph\">{\"@context\":\"https:\\\/\\\/schema.org\",\"@graph\":[{\"@type\":\"WebPage\",\"@id\":\"https:\\\/\\\/t-golf.club\\\/de\\\/palma\\\/turniere-palma\\\/\",\"url\":\"https:\\\/\\\/t-golf.club\\\/de\\\/palma\\\/turniere-palma\\\/\",\"name\":\"Turniere - T Golf Palma - T Golf\",\"isPartOf\":{\"@id\":\"https:\\\/\\\/t-golf.club\\\/de\\\/#website\"},\"primaryImageOfPage\":{\"@id\":\"https:\\\/\\\/t-golf.club\\\/de\\\/palma\\\/turniere-palma\\\/#primaryimage\"},\"image\":{\"@id\":\"https:\\\/\\\/t-golf.club\\\/de\\\/palma\\\/turniere-palma\\\/#primaryimage\"},\"thumbnailUrl\":\"https:\\\/\\\/t-golf.club\\\/wp-content\\\/uploads\\\/2020\\\/06\\\/T-Golf_Events-4-2.jpg\",\"datePublished\":\"2022-08-25T10:37:55+00:00\",\"dateModified\":\"2025-12-27T14:27:19+00:00\",\"breadcrumb\":{\"@id\":\"https:\\\/\\\/t-golf.club\\\/de\\\/palma\\\/turniere-palma\\\/#breadcrumb\"},\"inLanguage\":\"de-DE\",\"potentialAction\":[{\"@type\":\"ReadAction\",\"target\":[\"https:\\\/\\\/t-golf.club\\\/de\\\/palma\\\/turniere-palma\\\/\"]}]},{\"@type\":\"ImageObject\",\"inLanguage\":\"de-DE\",\"@id\":\"https:\\\/\\\/t-golf.club\\\/de\\\/palma\\\/turniere-palma\\\/#primaryimage\",\"url\":\"https:\\\/\\\/t-golf.club\\\/wp-content\\\/uploads\\\/2020\\\/06\\\/T-Golf_Events-4-2.jpg\",\"contentUrl\":\"https:\\\/\\\/t-golf.club\\\/wp-content\\\/uploads\\\/2020\\\/06\\\/T-Golf_Events-4-2.jpg\",\"width\":1280,\"height\":853},{\"@type\":\"BreadcrumbList\",\"@id\":\"https:\\\/\\\/t-golf.club\\\/de\\\/palma\\\/turniere-palma\\\/#breadcrumb\",\"itemListElement\":[{\"@type\":\"ListItem\",\"position\":1,\"name\":\"Home\",\"item\":\"https:\\\/\\\/t-golf.club\\\/de\\\/\"},{\"@type\":\"ListItem\",\"position\":2,\"name\":\"Home &#8211; Palma\",\"item\":\"https:\\\/\\\/t-golf.club\\\/de\\\/palma\\\/\"},{\"@type\":\"ListItem\",\"position\":3,\"name\":\"Turniere &#8211; T Golf Palma\"}]},{\"@type\":\"WebSite\",\"@id\":\"https:\\\/\\\/t-golf.club\\\/de\\\/#website\",\"url\":\"https:\\\/\\\/t-golf.club\\\/de\\\/\",\"name\":\"T Golf\",\"description\":\"\",\"inLanguage\":\"de-DE\"}]}<\/script>","yoast_head_json":{"title":"Turniere - T Golf Palma - T Golf","robots":{"index":"index","follow":"follow","max-snippet":"max-snippet:-1","max-image-preview":"max-image-preview:large","max-video-preview":"max-video-preview:-1"},"canonical":"https:\/\/t-golf.club\/de\/palma\/turniere-palma\/","og_locale":"de_DE","og_type":"article","og_title":"Turniere - T Golf Palma - T Golf","og_url":"https:\/\/t-golf.club\/de\/palma\/turniere-palma\/","og_site_name":"T Golf","article_modified_time":"2025-12-27T14:27:19+00:00","og_image":[{"width":1280,"height":853,"url":"https:\/\/t-golf.club\/wp-content\/uploads\/2020\/06\/T-Golf_Events-4-2.jpg","type":"image\/jpeg"}],"twitter_card":"summary_large_image","twitter_misc":{"Est. reading time":"1 minute"},"schema":{"@context":"https:\/\/schema.org","@graph":[{"@type":"WebPage","@id":"https:\/\/t-golf.club\/de\/palma\/turniere-palma\/","url":"https:\/\/t-golf.club\/de\/palma\/turniere-palma\/","name":"Turniere - T Golf Palma - T Golf","isPartOf":{"@id":"https:\/\/t-golf.club\/de\/#website"},"primaryImageOfPage":{"@id":"https:\/\/t-golf.club\/de\/palma\/turniere-palma\/#primaryimage"},"image":{"@id":"https:\/\/t-golf.club\/de\/palma\/turniere-palma\/#primaryimage"},"thumbnailUrl":"https:\/\/t-golf.club\/wp-content\/uploads\/2020\/06\/T-Golf_Events-4-2.jpg","datePublished":"2022-08-25T10:37:55+00:00","dateModified":"2025-12-27T14:27:19+00:00","breadcrumb":{"@id":"https:\/\/t-golf.club\/de\/palma\/turniere-palma\/#breadcrumb"},"inLanguage":"de-DE","potentialAction":[{"@type":"ReadAction","target":["https:\/\/t-golf.club\/de\/palma\/turniere-palma\/"]}]},{"@type":"ImageObject","inLanguage":"de-DE","@id":"https:\/\/t-golf.club\/de\/palma\/turniere-palma\/#primaryimage","url":"https:\/\/t-golf.club\/wp-content\/uploads\/2020\/06\/T-Golf_Events-4-2.jpg","contentUrl":"https:\/\/t-golf.club\/wp-content\/uploads\/2020\/06\/T-Golf_Events-4-2.jpg","width":1280,"height":853},{"@type":"BreadcrumbList","@id":"https:\/\/t-golf.club\/de\/palma\/turniere-palma\/#breadcrumb","itemListElement":[{"@type":"ListItem","position":1,"name":"Home","item":"https:\/\/t-golf.club\/de\/"},{"@type":"ListItem","position":2,"name":"Home &#8211; Palma","item":"https:\/\/t-golf.club\/de\/palma\/"},{"@type":"ListItem","position":3,"name":"Turniere &#8211; T Golf Palma"}]},{"@type":"WebSite","@id":"https:\/\/t-golf.club\/de\/#website","url":"https:\/\/t-golf.club\/de\/","name":"T Golf","description":"","inLanguage":"de-DE"}]}},"_links":{"self":[{"href":"https:\/\/t-golf.club\/de\/wp-json\/wp\/v2\/pages\/16995","targetHints":{"allow":["GET"]}}],"collection":[{"href":"https:\/\/t-golf.club\/de\/wp-json\/wp\/v2\/pages"}],"about":[{"href":"https:\/\/t-golf.club\/de\/wp-json\/wp\/v2\/types\/page"}],"author":[{"embeddable":true,"href":"https:\/\/t-golf.club\/de\/wp-json\/wp\/v2\/users\/275"}],"replies":[{"embeddable":true,"href":"https:\/\/t-golf.club\/de\/wp-json\/wp\/v2\/comments?post=16995"}],"version-history":[{"count":5,"href":"https:\/\/t-golf.club\/de\/wp-json\/wp\/v2\/pages\/16995\/revisions"}],"predecessor-version":[{"id":65314,"href":"https:\/\/t-golf.club\/de\/wp-json\/wp\/v2\/pages\/16995\/revisions\/65314"}],"up":[{"embeddable":true,"href":"https:\/\/t-golf.club\/de\/wp-json\/wp\/v2\/pages\/16938"}],"wp:featuredmedia":[{"embeddable":true,"href":"https:\/\/t-golf.club\/de\/wp-json\/wp\/v2\/media\/1219"}],"wp:attachment":[{"href":"https:\/\/t-golf.club\/de\/wp-json\/wp\/v2\/media?parent=16995"}],"curies":[{"name":"wp","href":"https:\/\/api.w.org\/{rel}","templated":true}]}}