{"id":16938,"date":"2022-08-24T12:18:32","date_gmt":"2022-08-24T12:18:32","guid":{"rendered":"https:\/\/t-golf.club\/?page_id=16938"},"modified":"2026-03-21T08:13:43","modified_gmt":"2026-03-21T08:13:43","slug":"palma","status":"publish","type":"page","link":"https:\/\/t-golf.club\/de\/palma\/","title":{"rendered":"Home &#8211; Palma"},"content":{"rendered":"","protected":false},"excerpt":{"rendered":"","protected":false},"author":1,"featured_media":16977,"parent":0,"menu_order":134,"comment_status":"closed","ping_status":"closed","template":"views\/home-page.blade.php","meta":{"_acf_changed":false,"footnotes":""},"class_list":["post-16938","page","type-page","status-publish","has-post-thumbnail","hentry"],"acf":{"video":"","navigation":[{"link":{"title":"Golfplatz","url":"https:\/\/t-golf.club\/de\/palma\/golfplatz\/","target":""},"big_size":true},{"link":{"title":"Akademie","url":"https:\/\/t-golf.club\/de\/palma\/pros-golfunterricht-palma\/","target":""},"big_size":true},{"link":{"title":"Preise und Angebote","url":"https:\/\/t-golf.club\/de\/palma\/angeboten\/","target":""},"big_size":true}],"featured":[{"title":"Gastronomie","text":"<p><span style=\"font-weight: 400;\">Das internationale Team vom T-elicious l\u00e4dt Sie ein, eine einzigartige Mischung aus moderner und traditioneller K\u00fcche zu erleben, die frische, biologische Produkte in Kombination mit den neuesten kulinarischen Techniken hervorhebt.<\/span><\/p>\n<p>&nbsp;<\/p>\n","link":{"title":"Mehr zeigen","url":"https:\/\/t-golf.club\/de\/palma\/gastronomie\/","target":""},"image":13677},{"title":"Clubhaus","text":"<p>Ein gro\u00dfartiger Golfclub braucht ein gro\u00dfartiges Clubhaus. Unseres befindet sich in einem typischen mallorquinischen Landhaus aus dem 19. Jahrhundert. Voller Charakter, Geschichte und Pers\u00f6nlichkeit bietet das Clubhaus unseren Mitgliedern und G\u00e4sten jeden modernen Komfort.<\/p>\n","link":{"title":"Mehr zeigen","url":"http:\/\/t-golf.club\/de\/clubhaus\/","target":""},"image":17836},{"title":"Veranstaltungen & Incentives","text":"<p>There is no better way to reward your employees, impress your clients or introduce your company than by organizing a golf outing. At T Golf we have the setting and experience to do it right.<\/p>\n","link":{"title":"Mehr zeigen","url":"http:\/\/t-golf.club\/de\/veranstaltungen-incentives\/","target":""},"image":17544}],"gallery":[{"text":"Finden Sie den perfekten Schwung im T Golf Palma","image":13606},{"text":"","image":52073},{"text":"","image":66676},{"text":"","image":39220}],"news_title":"Neuigkeiten","ti_title":"Entdecken Sie T Golf Calvia","ti_text":"<p><span style=\"font-weight: 400;\">Lust auf Abwechslung? Unser anderer Golfplatz, <a href=\"https:\/\/t-golf.club\/de\/calvia\/\"><strong>T Golf Calvia<\/strong><\/a>, bietet ein au\u00dfergew\u00f6hnliches Golferlebnis an der S\u00fcdwestk\u00fcste Mallorcas. Erleben Sie erstklassige Fairways, besten Service und dieselbe T Golf Qualit\u00e4t \u2013 in einer atemberaubenden Kulisse.<\/span><\/p>\n","ti_link":{"title":"Mehr zeigen","url":"https:\/\/t-golf.club\/de\/calvia\/","target":""},"ti_images":[{"ID":65665,"id":65665,"title":"Lavanada T Golf Calvia","filename":"Lavanada-T-Golf-Calvia.jpg","filesize":105058,"url":"https:\/\/t-golf.club\/wp-content\/uploads\/2026\/01\/Lavanada-T-Golf-Calvia.jpg","link":"https:\/\/t-golf.club\/de\/pfingstsonntagsbrunch-im-t-elicious-calvia\/lavanada-t-golf-calvia\/","alt":"","author":"268","description":"","caption":"","name":"lavanada-t-golf-calvia","status":"inherit","uploaded_to":65668,"date":"2026-01-10 10:53:15","modified":"2026-03-14 11:30:39","menu_order":0,"mime_type":"image\/jpeg","type":"image","subtype":"jpeg","icon":"https:\/\/t-golf.club\/wp-includes\/images\/media\/default.png","width":1080,"height":1080,"sizes":{"thumbnail":"https:\/\/t-golf.club\/wp-content\/uploads\/2026\/01\/Lavanada-T-Golf-Calvia-100x100.jpg","thumbnail-width":100,"thumbnail-height":100,"medium":"https:\/\/t-golf.club\/wp-content\/uploads\/2026\/01\/Lavanada-T-Golf-Calvia-1024x1024.jpg","medium-width":1024,"medium-height":1024,"medium_large":"https:\/\/t-golf.club\/wp-content\/uploads\/2026\/01\/Lavanada-T-Golf-Calvia-768x768.jpg","medium_large-width":768,"medium_large-height":768,"large":"https:\/\/t-golf.club\/wp-content\/uploads\/2026\/01\/Lavanada-T-Golf-Calvia.jpg","large-width":1080,"large-height":1080,"1536x1536":"https:\/\/t-golf.club\/wp-content\/uploads\/2026\/01\/Lavanada-T-Golf-Calvia.jpg","1536x1536-width":1080,"1536x1536-height":1080,"2048x2048":"https:\/\/t-golf.club\/wp-content\/uploads\/2026\/01\/Lavanada-T-Golf-Calvia.jpg","2048x2048-width":1080,"2048x2048-height":1080}},{"ID":63279,"id":63279,"title":"Banca March y Engel &amp; V\u00f6lkers Torneo de Golf","filename":"0413-thePomposo.com-Torneo-Golf-Banca-March-Engel-Volkers-en-T-Golf.jpg","filesize":1722755,"url":"https:\/\/t-golf.club\/wp-content\/uploads\/2025\/10\/0413-thePomposo.com-Torneo-Golf-Banca-March-Engel-Volkers-en-T-Golf.jpg","link":"https:\/\/t-golf.club\/de\/member-news\/ergebnisse-des-ryder-cups-europa-vs-schweiz\/banca-march-y-engel-volkers-torneo-de-golf-2-2\/","alt":"","author":"268","description":"","caption":"Celebrado en T Golf de  Calvia","name":"banca-march-y-engel-volkers-torneo-de-golf-2-2","status":"inherit","uploaded_to":63281,"date":"2025-10-11 07:34:33","modified":"2026-03-14 11:30:48","menu_order":0,"mime_type":"image\/jpeg","type":"image","subtype":"jpeg","icon":"https:\/\/t-golf.club\/wp-includes\/images\/media\/default.png","width":1920,"height":1280,"sizes":{"thumbnail":"https:\/\/t-golf.club\/wp-content\/uploads\/2025\/10\/0413-thePomposo.com-Torneo-Golf-Banca-March-Engel-Volkers-en-T-Golf-100x100.jpg","thumbnail-width":100,"thumbnail-height":100,"medium":"https:\/\/t-golf.club\/wp-content\/uploads\/2025\/10\/0413-thePomposo.com-Torneo-Golf-Banca-March-Engel-Volkers-en-T-Golf-1024x683.jpg","medium-width":1024,"medium-height":683,"medium_large":"https:\/\/t-golf.club\/wp-content\/uploads\/2025\/10\/0413-thePomposo.com-Torneo-Golf-Banca-March-Engel-Volkers-en-T-Golf-768x512.jpg","medium_large-width":768,"medium_large-height":512,"large":"https:\/\/t-golf.club\/wp-content\/uploads\/2025\/10\/0413-thePomposo.com-Torneo-Golf-Banca-March-Engel-Volkers-en-T-Golf.jpg","large-width":1920,"large-height":1280,"1536x1536":"https:\/\/t-golf.club\/wp-content\/uploads\/2025\/10\/0413-thePomposo.com-Torneo-Golf-Banca-March-Engel-Volkers-en-T-Golf-1536x1024.jpg","1536x1536-width":1536,"1536x1536-height":1024,"2048x2048":"https:\/\/t-golf.club\/wp-content\/uploads\/2025\/10\/0413-thePomposo.com-Torneo-Golf-Banca-March-Engel-Volkers-en-T-Golf.jpg","2048x2048-width":1920,"2048x2048-height":1280}},{"ID":67095,"id":67095,"title":"2602 TGC Hoyo 8 9 llaut","filename":"2602-TGC-Hoyo-8-9-llaut.jpg","filesize":276776,"url":"https:\/\/t-golf.club\/wp-content\/uploads\/2026\/02\/2602-TGC-Hoyo-8-9-llaut.jpg","link":"https:\/\/t-golf.club\/de\/offers\/fruehlingsangebot-im-t-golf-palma\/2602-tgc-hoyo-8-9-llaut\/","alt":"","author":"268","description":"","caption":"","name":"2602-tgc-hoyo-8-9-llaut","status":"inherit","uploaded_to":67092,"date":"2026-02-26 10:51:35","modified":"2026-02-26 10:51:35","menu_order":0,"mime_type":"image\/jpeg","type":"image","subtype":"jpeg","icon":"https:\/\/t-golf.club\/wp-includes\/images\/media\/default.png","width":1000,"height":562,"sizes":{"thumbnail":"https:\/\/t-golf.club\/wp-content\/uploads\/2026\/02\/2602-TGC-Hoyo-8-9-llaut-100x100.jpg","thumbnail-width":100,"thumbnail-height":100,"medium":"https:\/\/t-golf.club\/wp-content\/uploads\/2026\/02\/2602-TGC-Hoyo-8-9-llaut.jpg","medium-width":1000,"medium-height":562,"medium_large":"https:\/\/t-golf.club\/wp-content\/uploads\/2026\/02\/2602-TGC-Hoyo-8-9-llaut-768x432.jpg","medium_large-width":768,"medium_large-height":432,"large":"https:\/\/t-golf.club\/wp-content\/uploads\/2026\/02\/2602-TGC-Hoyo-8-9-llaut.jpg","large-width":1000,"large-height":562,"1536x1536":"https:\/\/t-golf.club\/wp-content\/uploads\/2026\/02\/2602-TGC-Hoyo-8-9-llaut.jpg","1536x1536-width":1000,"1536x1536-height":562,"2048x2048":"https:\/\/t-golf.club\/wp-content\/uploads\/2026\/02\/2602-TGC-Hoyo-8-9-llaut.jpg","2048x2048-width":1000,"2048x2048-height":562}},{"ID":69159,"id":69159,"title":"Foto molino T Calvia","filename":"Foto-molino-T-Calvia.jpg","filesize":1145024,"url":"https:\/\/t-golf.club\/wp-content\/uploads\/2026\/03\/Foto-molino-T-Calvia.jpg","link":"https:\/\/t-golf.club\/de\/palma\/foto-molino-t-calvia-2\/","alt":"","author":"268","description":"","caption":"","name":"foto-molino-t-calvia-2","status":"inherit","uploaded_to":16938,"date":"2026-03-14 11:27:04","modified":"2026-03-14 11:30:54","menu_order":0,"mime_type":"image\/jpeg","type":"image","subtype":"jpeg","icon":"https:\/\/t-golf.club\/wp-includes\/images\/media\/default.png","width":1184,"height":2048,"sizes":{"thumbnail":"https:\/\/t-golf.club\/wp-content\/uploads\/2026\/03\/Foto-molino-T-Calvia-100x100.jpg","thumbnail-width":100,"thumbnail-height":100,"medium":"https:\/\/t-golf.club\/wp-content\/uploads\/2026\/03\/Foto-molino-T-Calvia-592x1024.jpg","medium-width":592,"medium-height":1024,"medium_large":"https:\/\/t-golf.club\/wp-content\/uploads\/2026\/03\/Foto-molino-T-Calvia-768x1328.jpg","medium_large-width":768,"medium_large-height":1328,"large":"https:\/\/t-golf.club\/wp-content\/uploads\/2026\/03\/Foto-molino-T-Calvia-1156x2000.jpg","large-width":1156,"large-height":2000,"1536x1536":"https:\/\/t-golf.club\/wp-content\/uploads\/2026\/03\/Foto-molino-T-Calvia-888x1536.jpg","1536x1536-width":888,"1536x1536-height":1536,"2048x2048":"https:\/\/t-golf.club\/wp-content\/uploads\/2026\/03\/Foto-molino-T-Calvia.jpg","2048x2048-width":1184,"2048x2048-height":2048}}],"cta":37461,"video_large":"","tournament":false,"tournament_text":"","tournament_date":"","tournament_image":false,"tournament_images":[{"image":false},{"image":false},{"image":false},{"image":false}],"tournament_background":false,"foundation_title":"Schutz unserer Tierwelt","foundation_text":"<p>Wir bei T Club glauben an das Sprichwort \u201eDem viel gegeben wird, von dem wird auch viel erwartet.\u201c Es ist ein edler Aufruf zum Handeln.<\/p>\n<p>Die T Foundation konzentriert ihre Bem\u00fchungen auf lokale Tierpflege.<\/p>\n<p>Zur Finanzierung der Stiftung spendet T Club einen Euro pro verkauftem Greenfee. Zus\u00e4tzlich organisieren wir ein Wohlt\u00e4tigkeitsturnier, um weitere Spenden zu sammeln. Wie Sie vielleicht wissen, f\u00fchrt T Yoga unsere Kurse gemeinn\u00fctzig durch und alle Spenden \u00a0der Teilnehmer gehen an die T Foundation.<\/p>\n","foundation_subtitle":"","foundation_subtext":"","foundation_link":{"title":"Mehr zeigen","url":"https:\/\/t-golf.club\/de\/t-foundation\/","target":""},"foundation_images":18758,"wp_nav_image":false},"yoast_head":"<title>T Golf Palma Puntiro<\/title>\n<meta name=\"description\" content=\"Der T Golf &amp; Country Club liegt nur 12 km von der Stadt Palma entfernt, seine breiten Fairways und die gro\u00dfen Gr\u00fcns machen ihn zu einer Herausforderung f\u00fcr jeden Golfer. Die 18 L\u00f6cher, Par 72, messen 6.430 Meter und f\u00fchren durch eine wundersch\u00f6ne H\u00fcgellandschaft.\" \/>\n<meta name=\"robots\" content=\"index, follow, max-snippet:-1, max-image-preview:large, max-video-preview:-1\" \/>\n<link rel=\"canonical\" href=\"https:\/\/t-golf.club\/de\/palma\/\" \/>\n<meta property=\"og:locale\" content=\"de_DE\" \/>\n<meta property=\"og:type\" content=\"article\" \/>\n<meta property=\"og:title\" content=\"T Golf Palma Puntiro\" \/>\n<meta property=\"og:description\" content=\"Der T Golf &amp; Country Club liegt nur 12 km von der Stadt Palma entfernt, seine breiten Fairways und die gro\u00dfen Gr\u00fcns machen ihn zu einer Herausforderung f\u00fcr jeden Golfer. Die 18 L\u00f6cher, Par 72, messen 6.430 Meter und f\u00fchren durch eine wundersch\u00f6ne H\u00fcgellandschaft.\" \/>\n<meta property=\"og:url\" content=\"https:\/\/t-golf.club\/de\/palma\/\" \/>\n<meta property=\"og:site_name\" content=\"T Golf\" \/>\n<meta property=\"article:modified_time\" content=\"2026-03-21T08:13:43+00:00\" \/>\n<meta property=\"og:image\" content=\"https:\/\/t-golf.club\/wp-content\/uploads\/2022\/08\/GOLF-PARK-MALLORCA-PUNTIRO-Hole-9-Green-Bunkers-MR-scaled.jpg\" \/>\n\t<meta property=\"og:image:width\" content=\"2560\" \/>\n\t<meta property=\"og:image:height\" content=\"1708\" \/>\n\t<meta property=\"og:image:type\" content=\"image\/jpeg\" \/>\n<meta name=\"twitter:card\" content=\"summary_large_image\" \/>\n<meta name=\"twitter:label1\" content=\"Est. reading time\" \/>\n\t<meta name=\"twitter:data1\" content=\"4 minutes\" \/>\n<script type=\"application\/ld+json\" class=\"yoast-schema-graph\">{\"@context\":\"https:\\\/\\\/schema.org\",\"@graph\":[{\"@type\":\"WebPage\",\"@id\":\"https:\\\/\\\/t-golf.club\\\/de\\\/palma\\\/\",\"url\":\"https:\\\/\\\/t-golf.club\\\/de\\\/palma\\\/\",\"name\":\"T Golf Palma Puntiro\",\"isPartOf\":{\"@id\":\"https:\\\/\\\/t-golf.club\\\/de\\\/#website\"},\"primaryImageOfPage\":{\"@id\":\"https:\\\/\\\/t-golf.club\\\/de\\\/palma\\\/#primaryimage\"},\"image\":{\"@id\":\"https:\\\/\\\/t-golf.club\\\/de\\\/palma\\\/#primaryimage\"},\"thumbnailUrl\":\"https:\\\/\\\/t-golf.club\\\/wp-content\\\/uploads\\\/2022\\\/08\\\/GOLF-PARK-MALLORCA-PUNTIRO-Hole-9-Green-Bunkers-MR-scaled.jpg\",\"datePublished\":\"2022-08-24T12:18:32+00:00\",\"dateModified\":\"2026-03-21T08:13:43+00:00\",\"description\":\"Der T Golf & Country Club liegt nur 12 km von der Stadt Palma entfernt, seine breiten Fairways und die gro\u00dfen Gr\u00fcns machen ihn zu einer Herausforderung f\u00fcr jeden Golfer. Die 18 L\u00f6cher, Par 72, messen 6.430 Meter und f\u00fchren durch eine wundersch\u00f6ne H\u00fcgellandschaft.\",\"breadcrumb\":{\"@id\":\"https:\\\/\\\/t-golf.club\\\/de\\\/palma\\\/#breadcrumb\"},\"inLanguage\":\"de-DE\",\"potentialAction\":[{\"@type\":\"ReadAction\",\"target\":[\"https:\\\/\\\/t-golf.club\\\/de\\\/palma\\\/\"]}]},{\"@type\":\"ImageObject\",\"inLanguage\":\"de-DE\",\"@id\":\"https:\\\/\\\/t-golf.club\\\/de\\\/palma\\\/#primaryimage\",\"url\":\"https:\\\/\\\/t-golf.club\\\/wp-content\\\/uploads\\\/2022\\\/08\\\/GOLF-PARK-MALLORCA-PUNTIRO-Hole-9-Green-Bunkers-MR-scaled.jpg\",\"contentUrl\":\"https:\\\/\\\/t-golf.club\\\/wp-content\\\/uploads\\\/2022\\\/08\\\/GOLF-PARK-MALLORCA-PUNTIRO-Hole-9-Green-Bunkers-MR-scaled.jpg\",\"width\":2560,\"height\":1708},{\"@type\":\"BreadcrumbList\",\"@id\":\"https:\\\/\\\/t-golf.club\\\/de\\\/palma\\\/#breadcrumb\",\"itemListElement\":[{\"@type\":\"ListItem\",\"position\":1,\"name\":\"Home\",\"item\":\"https:\\\/\\\/t-golf.club\\\/de\\\/\"},{\"@type\":\"ListItem\",\"position\":2,\"name\":\"Home &#8211; Palma\"}]},{\"@type\":\"WebSite\",\"@id\":\"https:\\\/\\\/t-golf.club\\\/de\\\/#website\",\"url\":\"https:\\\/\\\/t-golf.club\\\/de\\\/\",\"name\":\"T Golf\",\"description\":\"\",\"inLanguage\":\"de-DE\"}]}<\/script>","yoast_head_json":{"title":"T Golf Palma Puntiro","description":"Der T Golf & Country Club liegt nur 12 km von der Stadt Palma entfernt, seine breiten Fairways und die gro\u00dfen Gr\u00fcns machen ihn zu einer Herausforderung f\u00fcr jeden Golfer. Die 18 L\u00f6cher, Par 72, messen 6.430 Meter und f\u00fchren durch eine wundersch\u00f6ne H\u00fcgellandschaft.","robots":{"index":"index","follow":"follow","max-snippet":"max-snippet:-1","max-image-preview":"max-image-preview:large","max-video-preview":"max-video-preview:-1"},"canonical":"https:\/\/t-golf.club\/de\/palma\/","og_locale":"de_DE","og_type":"article","og_title":"T Golf Palma Puntiro","og_description":"Der T Golf & Country Club liegt nur 12 km von der Stadt Palma entfernt, seine breiten Fairways und die gro\u00dfen Gr\u00fcns machen ihn zu einer Herausforderung f\u00fcr jeden Golfer. Die 18 L\u00f6cher, Par 72, messen 6.430 Meter und f\u00fchren durch eine wundersch\u00f6ne H\u00fcgellandschaft.","og_url":"https:\/\/t-golf.club\/de\/palma\/","og_site_name":"T Golf","article_modified_time":"2026-03-21T08:13:43+00:00","og_image":[{"width":2560,"height":1708,"url":"https:\/\/t-golf.club\/wp-content\/uploads\/2022\/08\/GOLF-PARK-MALLORCA-PUNTIRO-Hole-9-Green-Bunkers-MR-scaled.jpg","type":"image\/jpeg"}],"twitter_card":"summary_large_image","twitter_misc":{"Est. reading time":"4 minutes"},"schema":{"@context":"https:\/\/schema.org","@graph":[{"@type":"WebPage","@id":"https:\/\/t-golf.club\/de\/palma\/","url":"https:\/\/t-golf.club\/de\/palma\/","name":"T Golf Palma Puntiro","isPartOf":{"@id":"https:\/\/t-golf.club\/de\/#website"},"primaryImageOfPage":{"@id":"https:\/\/t-golf.club\/de\/palma\/#primaryimage"},"image":{"@id":"https:\/\/t-golf.club\/de\/palma\/#primaryimage"},"thumbnailUrl":"https:\/\/t-golf.club\/wp-content\/uploads\/2022\/08\/GOLF-PARK-MALLORCA-PUNTIRO-Hole-9-Green-Bunkers-MR-scaled.jpg","datePublished":"2022-08-24T12:18:32+00:00","dateModified":"2026-03-21T08:13:43+00:00","description":"Der T Golf & Country Club liegt nur 12 km von der Stadt Palma entfernt, seine breiten Fairways und die gro\u00dfen Gr\u00fcns machen ihn zu einer Herausforderung f\u00fcr jeden Golfer. Die 18 L\u00f6cher, Par 72, messen 6.430 Meter und f\u00fchren durch eine wundersch\u00f6ne H\u00fcgellandschaft.","breadcrumb":{"@id":"https:\/\/t-golf.club\/de\/palma\/#breadcrumb"},"inLanguage":"de-DE","potentialAction":[{"@type":"ReadAction","target":["https:\/\/t-golf.club\/de\/palma\/"]}]},{"@type":"ImageObject","inLanguage":"de-DE","@id":"https:\/\/t-golf.club\/de\/palma\/#primaryimage","url":"https:\/\/t-golf.club\/wp-content\/uploads\/2022\/08\/GOLF-PARK-MALLORCA-PUNTIRO-Hole-9-Green-Bunkers-MR-scaled.jpg","contentUrl":"https:\/\/t-golf.club\/wp-content\/uploads\/2022\/08\/GOLF-PARK-MALLORCA-PUNTIRO-Hole-9-Green-Bunkers-MR-scaled.jpg","width":2560,"height":1708},{"@type":"BreadcrumbList","@id":"https:\/\/t-golf.club\/de\/palma\/#breadcrumb","itemListElement":[{"@type":"ListItem","position":1,"name":"Home","item":"https:\/\/t-golf.club\/de\/"},{"@type":"ListItem","position":2,"name":"Home &#8211; Palma"}]},{"@type":"WebSite","@id":"https:\/\/t-golf.club\/de\/#website","url":"https:\/\/t-golf.club\/de\/","name":"T Golf","description":"","inLanguage":"de-DE"}]}},"_links":{"self":[{"href":"https:\/\/t-golf.club\/de\/wp-json\/wp\/v2\/pages\/16938","targetHints":{"allow":["GET"]}}],"collection":[{"href":"https:\/\/t-golf.club\/de\/wp-json\/wp\/v2\/pages"}],"about":[{"href":"https:\/\/t-golf.club\/de\/wp-json\/wp\/v2\/types\/page"}],"author":[{"embeddable":true,"href":"https:\/\/t-golf.club\/de\/wp-json\/wp\/v2\/users\/1"}],"replies":[{"embeddable":true,"href":"https:\/\/t-golf.club\/de\/wp-json\/wp\/v2\/comments?post=16938"}],"version-history":[{"count":13,"href":"https:\/\/t-golf.club\/de\/wp-json\/wp\/v2\/pages\/16938\/revisions"}],"predecessor-version":[{"id":69422,"href":"https:\/\/t-golf.club\/de\/wp-json\/wp\/v2\/pages\/16938\/revisions\/69422"}],"wp:featuredmedia":[{"embeddable":true,"href":"https:\/\/t-golf.club\/de\/wp-json\/wp\/v2\/media\/16977"}],"wp:attachment":[{"href":"https:\/\/t-golf.club\/de\/wp-json\/wp\/v2\/media?parent=16938"}],"curies":[{"name":"wp","href":"https:\/\/api.w.org\/{rel}","templated":true}]}}