{"id":1649,"date":"2020-05-18T09:08:52","date_gmt":"2020-05-18T09:08:52","guid":{"rendered":"http:\/\/t-golf.club\/golf-academy\/"},"modified":"2025-07-06T06:28:15","modified_gmt":"2025-07-06T06:28:15","slug":"akademie","status":"publish","type":"page","link":"https:\/\/t-golf.club\/de\/calvia\/akademie\/","title":{"rendered":"Pro&#8217;s Golfunterricht &#8211; T Golf Calvia"},"content":{"rendered":"","protected":false},"excerpt":{"rendered":"","protected":false},"author":1,"featured_media":1226,"parent":1770,"menu_order":161,"comment_status":"closed","ping_status":"closed","template":"views\/golf-academy.blade.php","meta":{"_acf_changed":false,"footnotes":""},"class_list":["post-1649","page","type-page","status-publish","has-post-thumbnail","hentry"],"acf":{"subtitle":"Finden Sie den perfekten Schwung im T Golf Calvia","content":"<p><strong>Unabh\u00e4ngig davon, ob Sie ein Anf\u00e4nger oder ein Spieler mit niedrigem Handicap sind, unsere Pros sind bestrebt Ihr Spiel auf die n\u00e4chste Stufe zu bringen.<\/strong><\/p>\n<p>Unsere Leidenschaft f\u00fcr Golf und der Wunsch zu helfen entspringen der Philosophie unseres Head Pro Coque Insua. &#8221; Es gibt viele M\u00f6glichkeiten zu lernen. Wir m\u00f6chten uns von den \u00fcblichen Grundlagen und der Qualit\u00e4tspraxis abheben, damit Sie vom ersten Tag an Spa\u00df haben und auf dem Platz spielen&#8221;, sagt er.<\/p>\n<p>Alle unsere T Golf Instruktoren sind zertifizierte PGA Profis mit langj\u00e4hriger Erfahrung und folgender Unterrichtsphilosophie: &#8221; Halten Sie es einfach und konzentrieren Sie sich auf die Grundlagen&#8221;. Dies ist der beste Weg, um die Technik des Golfsport zu verstehen, Spa\u00df am Golfspielen zu haben und Ihr volles Potenzial auszusch\u00f6pfen. Wir bieten unsere Dienstleistungen in Englisch, Deutsch und Spanisch an. Wir sind autorisierte Partner und Fitting Center von Taylor Made.<\/p>\n","quote":"Alle unsere T Golf Instruktoren sind zertifizierte PGA Profis","lesson":[{"title":"T Mitglieder","text":"","pax":[{"title":"Privatstunden<br \/>\r\n(50 Minuten)","prices":[{"price":"90\u20ac"},{"price":"105\u20ac"},{"price":"120\u20ac"},{"price":"135\u20ac"}]},{"title":"Spiel mit dem Pro<br \/>\r\n(110 Minuten)","prices":[{"price":"180\u20ac"},{"price":"210\u20ac"},{"price":"240\u20ac"}]}],"link":""},{"title":"Nicht-Mitglieder","text":"<p>Greenfee 9 L\u00f6cher nicht inbegriffen<\/p>\n","pax":[{"title":"Privatstunden<br \/>\r\n(50 Minuten)","prices":[{"price":"125\u20ac"},{"price":"145\u20ac"},{"price":"165\u20ac"},{"price":"185\u20ac"}]},{"title":"Spiel mit dem Pro<br \/>\r\n(110 Minuten)","prices":[{"price":"250\u20ac"},{"price":"290\u20ac"},{"price":"330\u20ac"}]}],"link":""},{"title":"Anf\u00e4ngerkurs","text":"<p>Wir haben die &#8220;perfekte Anleitung&#8221; f\u00fcr Sie vorbereitet. W\u00e4hrend 6 Stunden lernen Sie die Grundlagen des Golfspiels und genie\u00dfen es, Ihre ersten L\u00f6cher auf dem Golfplatz zu spielen.<\/p>\n<p>3 x 110 Minuten \u00fcben.<\/p>\n<p>Max. 3 Pax.<\/p>\n<p>Greenfee 9 L\u00f6cher nicht inbegriffen.<\/p>\n","pax":[{"title":"","prices":[{"price":"750\u20ac"},{"price":"870\u20ac"},{"price":"990\u20ac"}]}],"link":""},{"title":"Platzreife","text":"<p>Sie werden alle grundlegenden F\u00e4higkeiten erlernen, die Sie ben\u00f6tigen, um zuversichtlich Golf spielen zu k\u00f6nnen, wenn Sie wieder zu Hause sind. Machen Sie sich mit der Golfausr\u00fcstung vertraut und experimentieren Sie aus erster Hand mit den verschiedenen Schl\u00e4gen (Putten, Chippen, Pitchen und das lange Spiel mit einem Fahrer), um Ihren eigenen Golfschwung zusammenzustellen. Am letzten Tag spielen Sie auf dem Golfplatz!<br \/>\nMax 3 Pax. Greenfee 9 L\u00f6cher nicht inbegriffen<\/p>\n","pax":[{"title":"","prices":[{"price":"1250\u20ac<br>(10x50Minuten)"},{"price":"1740\u20ac<br> (12x50Minuten)"},{"price":"1980\u20ac<br> (12x50Minuten)"}]}],"link":""},{"title":"Zielhandicap","text":"<p>Dieser Kurs ist ideal, um das Handicap zu erlangen, das Sie sich immer gew\u00fcnscht haben. W\u00e4hrend 6 Stunden. Sie werden die Schwachstellen Ihres Spiels verbessern, so dass Sie Ihr Handicap senken k\u00f6nnen, wenn Sie auf den Platz kommen.<\/p>\n<p>Greenfee 9 L\u00f6cher nicht inbegriffen<\/p>\n<p>&nbsp;<\/p>\n","pax":[{"title":"","prices":[{"price":"750\u20ac"},{"price":"870\u20ac"},{"price":"990\u20ac"}]}],"link":""},{"title":"Fitting & Club Maker","text":"<p>Wir verf\u00fcgen \u00fcber die Werkzeuge, um die individuellen k\u00f6rperlichen Merkmale, die Schwungtechnik und den Spielstil eines Golfspielers zu analysieren und daraus die optimalen Spezifikationen f\u00fcr die Golfschl\u00e4ger abzuleiten. Ziel ist es, sicherzustellen, dass die Ausr\u00fcstung des Golfspielers individuell angepasst wird, um Leistung, Konstanz und Komfort zu maximieren. Wir sind stolzer Partner von Ping, Titleist und Taylormade. Wenn Sie Ihre Schl\u00e4ger (Loft &amp; Lie) anpassen, Ihre Sch\u00e4fte oder Griffe wechseln oder Ihre Schl\u00e4ger individuell gestalten m\u00f6chten, bieten wir diese Dienstleistungen ebenfalls in unserer Schl\u00e4gerbau-Werkstatt an.<br data-start=\"711\" data-end=\"714\" \/>Dauer: 1 x 50 Minuten<\/p>\n","pax":[{"title":"","prices":[{"price":"125\u20ac"}]}],"link":""}],"lesson_text":"<p><strong>Akademie f\u00fcr Erwachsene<\/strong><\/p>\n<p>Verbessern Sie Ihr Spiel mit Hilfe unserer PGA Pros im T Golf Calvia.<\/p>\n<p>F\u00fcr die Buchung kontaktieren Sie uns bitte:<br \/>\nTelefon oder WhatsApp: <a href=\"tel:+34638918889\">+34 <\/a>638 918 889<br \/>\nE-Mail: <a href=\"mailto:academy.calvia@t-golf.club\">academy.calvia@t-golf.club<\/a><\/p>\n","lesson_subtitle":"Jetzt k\u00f6nnen Sie online buchen","lesson_text_small":"<p>Alle Klassen der T Golf Calvia-Akademie unterliegen einem Greenfee von 30 \u20ac pro Person und Tag f\u00fcr die Nutzung des \u00dcbungsgel\u00e4ndes. Dieser Betrag ist zus\u00e4tzlich zur Reservierung der Klasse zu zahlen. Das Greenfee muss an der Rezeption des Clubs vor der Klasse bezahlt werden.<\/p>\n","lesson_link":"","pgas_pro":[{"image":23504,"name":"Coque Insua","title":"Head Pro bei der T Golf Akademie","text":"<p><strong>Sprachen: Spanisch, Englisch, Deutsch, Katalanisch.<\/strong><\/p>\n<p>PGA Player seit 2009<br \/>\nPGA Instructor seit 2010<br \/>\nAndere: TPI, Vision 54, Vector, Smart2move<\/p>\n<p>Nach langj\u00e4hriger Erfahrung und der Arbeit mit guten Golfspielern f\u00e4llt es mir leicht, einen Schwung zu analysieren und die Schwachstellen zu finden. In meinem Unterricht zeige ich Ihnen \u00dcbungen zur Verbesserung Ihres Spiels und gebe Ihnen individuelle Tipps.<\/p>\n<p>F\u00fcr weitere Informationen und Buchungen kontaktieren Sie uns bitte unter T Golf Calvia.<br \/>\nTelefon oder WhatsApp: <a href=\"tel:+34638918889\">+34 <\/a>638 918 889<br \/>\nE-Mail: <a href=\"mailto:academy.calvia@t-golf.club\">academy.calvia@t-golf.club<\/a><\/p>\n","link":{"title":"Buchen Sie jetzt","url":"mailto:academy.calvia@t-golf.club","target":"_blank"}},{"image":23520,"name":"Marc Urp\u00ed","title":"PGA Pro","text":"<p><strong>Sprachen: Spanisch, Englisch, Deutsch, Katalanisch.<\/strong><\/p>\n<p>PGA Professional seit 1998.<\/p>\n<p>Jeder Mensch hat einen einzigartigen Schwung oder pers\u00f6nlichen Stil, der nicht \u00fcbertragbar ist.<\/p>\n<p>Alle erfolgreiche Spieler haben jedoch eins gemeinsam, und zwar dass sie Schl\u00fcsselpositionen in ihrem Schwung einnehmen.<\/p>\n<p>Durch die Arbeit an diesen Schl\u00fcsselpositionen kann ich jeden Schwung verbessern, unabh\u00e4ngig vom Alter oder Spielniveau, wobei ich den pers\u00f6nlichen Stil und die k\u00f6rperlichen F\u00e4higkeiten jedes Spielers respektiere.<\/p>\n<p>Meine Arbeitsmethode basiert auf dem O&#8217;Grady P10 System.<\/p>\n<p>F\u00fcr weitere Informationen und Buchungen kontaktieren Sie uns bitte unter T Golf Calvia.<br \/>\nTelefon oder WhatsApp: <a href=\"tel:+34638918889\">+34 <\/a>638 918 889<br \/>\nE-Mail: <a href=\"mailto:academy.calvia@t-golf.club\">academy.calvia@t-golf.club<\/a><\/p>\n","link":{"title":"Buchen Sie jetzt","url":"mailto:academy.calvia@t-golf.club","target":"_blank"}},{"image":34438,"name":"Moritz Beyer","title":"Personal Trainer","text":"<p><strong>Sprachen: Spanisch, Englisch, Deutsch<\/strong><\/p>\n<p>Moritz Beyer ist ein leidenschaftlicher Personal Trainer, spezialisiert auf die Verbesserung der spezifischen Beweglichkeit f\u00fcr Golf. Sein einzigartiger und individueller Ansatz konzentriert sich darauf, Golfern dabei zu helfen, ihre Leistung durch \u00dcbungen und Techniken zu optimieren, die darauf abzielen, die Flexibilit\u00e4t zu erh\u00f6hen, spezifische Muskeln zu st\u00e4rken und Bewegungen zu korrigieren, die zu Verletzungen f\u00fchren k\u00f6nnten.<\/p>\n<p>Er bietet seine Dienste in T Golf Calvia und T Golf Palma an. An beiden Standorten k\u00f6nnen Sie eng mit ihm zusammenarbeiten, um ein auf Ihre individuellen Bed\u00fcrfnisse und spezifischen Ziele im Golf zugeschnittenes Trainingsprogramm zu entwickeln.<\/p>\n<p>Die neueste Erg\u00e4nzung in T Golf Palma ist das k\u00fcrzlich er\u00f6ffnete Fitnessstudio, ein Raum mit Einrichtungen, die die M\u00f6glichkeit bieten, die allgemeine k\u00f6rperliche Fitness zu verbessern. Dieses Fitnessstudio befindet sich auf der Driving Range, sodass Sie in derselben Sitzung an Ihrer k\u00f6rperlichen Fitness arbeiten und B\u00e4lle schlagen k\u00f6nnen, um die gew\u00fcnschte Bewegung in Ihren Schwung zu integrieren.<\/p>\n<p>F\u00fcr weitere Informationen und Buchungen kontaktieren Sie ihm bitte direkt \u00fcber WhatsApp:<br \/>\nTelefon: <a href=\"tel:+3622939369\">+34 622 93 93 69<\/a><\/p>\n","link":""}],"wp_nav_image":false,"lesson_use_iframe":false},"yoast_head":"<title>Pro&#039;s Golfunterricht - T Golf Calvia - T Golf<\/title>\n<meta name=\"robots\" content=\"index, follow, max-snippet:-1, max-image-preview:large, max-video-preview:-1\" \/>\n<link rel=\"canonical\" href=\"https:\/\/t-golf.club\/de\/calvia\/akademie\/\" \/>\n<meta property=\"og:locale\" content=\"de_DE\" \/>\n<meta property=\"og:type\" content=\"article\" \/>\n<meta property=\"og:title\" content=\"Pro&#039;s Golfunterricht - T Golf Calvia - T Golf\" \/>\n<meta property=\"og:url\" content=\"https:\/\/t-golf.club\/de\/calvia\/akademie\/\" \/>\n<meta property=\"og:site_name\" content=\"T Golf\" \/>\n<meta property=\"article:modified_time\" content=\"2025-07-06T06:28:15+00:00\" \/>\n<meta property=\"og:image\" content=\"https:\/\/t-golf.club\/wp-content\/uploads\/2020\/06\/T-Golf-7th-Hole.jpg\" \/>\n\t<meta property=\"og:image:width\" content=\"2560\" \/>\n\t<meta property=\"og:image:height\" content=\"1920\" \/>\n\t<meta property=\"og:image:type\" content=\"image\/jpeg\" \/>\n<meta name=\"twitter:card\" content=\"summary_large_image\" \/>\n<meta name=\"twitter:label1\" content=\"Est. reading time\" \/>\n\t<meta name=\"twitter:data1\" content=\"5 minutes\" \/>\n<script type=\"application\/ld+json\" class=\"yoast-schema-graph\">{\"@context\":\"https:\\\/\\\/schema.org\",\"@graph\":[{\"@type\":\"WebPage\",\"@id\":\"https:\\\/\\\/t-golf.club\\\/de\\\/calvia\\\/akademie\\\/\",\"url\":\"https:\\\/\\\/t-golf.club\\\/de\\\/calvia\\\/akademie\\\/\",\"name\":\"Pro's Golfunterricht - T Golf Calvia - T Golf\",\"isPartOf\":{\"@id\":\"https:\\\/\\\/t-golf.club\\\/de\\\/#website\"},\"primaryImageOfPage\":{\"@id\":\"https:\\\/\\\/t-golf.club\\\/de\\\/calvia\\\/akademie\\\/#primaryimage\"},\"image\":{\"@id\":\"https:\\\/\\\/t-golf.club\\\/de\\\/calvia\\\/akademie\\\/#primaryimage\"},\"thumbnailUrl\":\"https:\\\/\\\/t-golf.club\\\/wp-content\\\/uploads\\\/2020\\\/06\\\/T-Golf-7th-Hole.jpg\",\"datePublished\":\"2020-05-18T09:08:52+00:00\",\"dateModified\":\"2025-07-06T06:28:15+00:00\",\"breadcrumb\":{\"@id\":\"https:\\\/\\\/t-golf.club\\\/de\\\/calvia\\\/akademie\\\/#breadcrumb\"},\"inLanguage\":\"de-DE\",\"potentialAction\":[{\"@type\":\"ReadAction\",\"target\":[\"https:\\\/\\\/t-golf.club\\\/de\\\/calvia\\\/akademie\\\/\"]}]},{\"@type\":\"ImageObject\",\"inLanguage\":\"de-DE\",\"@id\":\"https:\\\/\\\/t-golf.club\\\/de\\\/calvia\\\/akademie\\\/#primaryimage\",\"url\":\"https:\\\/\\\/t-golf.club\\\/wp-content\\\/uploads\\\/2020\\\/06\\\/T-Golf-7th-Hole.jpg\",\"contentUrl\":\"https:\\\/\\\/t-golf.club\\\/wp-content\\\/uploads\\\/2020\\\/06\\\/T-Golf-7th-Hole.jpg\",\"width\":2560,\"height\":1920},{\"@type\":\"BreadcrumbList\",\"@id\":\"https:\\\/\\\/t-golf.club\\\/de\\\/calvia\\\/akademie\\\/#breadcrumb\",\"itemListElement\":[{\"@type\":\"ListItem\",\"position\":1,\"name\":\"Home\",\"item\":\"https:\\\/\\\/t-golf.club\\\/de\\\/\"},{\"@type\":\"ListItem\",\"position\":2,\"name\":\"Home &#8211; Calvia\",\"item\":\"https:\\\/\\\/t-golf.club\\\/de\\\/calvia\\\/\"},{\"@type\":\"ListItem\",\"position\":3,\"name\":\"Pro&#8217;s Golfunterricht &#8211; T Golf Calvia\"}]},{\"@type\":\"WebSite\",\"@id\":\"https:\\\/\\\/t-golf.club\\\/de\\\/#website\",\"url\":\"https:\\\/\\\/t-golf.club\\\/de\\\/\",\"name\":\"T Golf\",\"description\":\"\",\"inLanguage\":\"de-DE\"}]}<\/script>","yoast_head_json":{"title":"Pro's Golfunterricht - T Golf Calvia - T Golf","robots":{"index":"index","follow":"follow","max-snippet":"max-snippet:-1","max-image-preview":"max-image-preview:large","max-video-preview":"max-video-preview:-1"},"canonical":"https:\/\/t-golf.club\/de\/calvia\/akademie\/","og_locale":"de_DE","og_type":"article","og_title":"Pro's Golfunterricht - T Golf Calvia - T Golf","og_url":"https:\/\/t-golf.club\/de\/calvia\/akademie\/","og_site_name":"T Golf","article_modified_time":"2025-07-06T06:28:15+00:00","og_image":[{"width":2560,"height":1920,"url":"https:\/\/t-golf.club\/wp-content\/uploads\/2020\/06\/T-Golf-7th-Hole.jpg","type":"image\/jpeg"}],"twitter_card":"summary_large_image","twitter_misc":{"Est. reading time":"5 minutes"},"schema":{"@context":"https:\/\/schema.org","@graph":[{"@type":"WebPage","@id":"https:\/\/t-golf.club\/de\/calvia\/akademie\/","url":"https:\/\/t-golf.club\/de\/calvia\/akademie\/","name":"Pro's Golfunterricht - T Golf Calvia - T Golf","isPartOf":{"@id":"https:\/\/t-golf.club\/de\/#website"},"primaryImageOfPage":{"@id":"https:\/\/t-golf.club\/de\/calvia\/akademie\/#primaryimage"},"image":{"@id":"https:\/\/t-golf.club\/de\/calvia\/akademie\/#primaryimage"},"thumbnailUrl":"https:\/\/t-golf.club\/wp-content\/uploads\/2020\/06\/T-Golf-7th-Hole.jpg","datePublished":"2020-05-18T09:08:52+00:00","dateModified":"2025-07-06T06:28:15+00:00","breadcrumb":{"@id":"https:\/\/t-golf.club\/de\/calvia\/akademie\/#breadcrumb"},"inLanguage":"de-DE","potentialAction":[{"@type":"ReadAction","target":["https:\/\/t-golf.club\/de\/calvia\/akademie\/"]}]},{"@type":"ImageObject","inLanguage":"de-DE","@id":"https:\/\/t-golf.club\/de\/calvia\/akademie\/#primaryimage","url":"https:\/\/t-golf.club\/wp-content\/uploads\/2020\/06\/T-Golf-7th-Hole.jpg","contentUrl":"https:\/\/t-golf.club\/wp-content\/uploads\/2020\/06\/T-Golf-7th-Hole.jpg","width":2560,"height":1920},{"@type":"BreadcrumbList","@id":"https:\/\/t-golf.club\/de\/calvia\/akademie\/#breadcrumb","itemListElement":[{"@type":"ListItem","position":1,"name":"Home","item":"https:\/\/t-golf.club\/de\/"},{"@type":"ListItem","position":2,"name":"Home &#8211; Calvia","item":"https:\/\/t-golf.club\/de\/calvia\/"},{"@type":"ListItem","position":3,"name":"Pro&#8217;s Golfunterricht &#8211; T Golf Calvia"}]},{"@type":"WebSite","@id":"https:\/\/t-golf.club\/de\/#website","url":"https:\/\/t-golf.club\/de\/","name":"T Golf","description":"","inLanguage":"de-DE"}]}},"_links":{"self":[{"href":"https:\/\/t-golf.club\/de\/wp-json\/wp\/v2\/pages\/1649","targetHints":{"allow":["GET"]}}],"collection":[{"href":"https:\/\/t-golf.club\/de\/wp-json\/wp\/v2\/pages"}],"about":[{"href":"https:\/\/t-golf.club\/de\/wp-json\/wp\/v2\/types\/page"}],"author":[{"embeddable":true,"href":"https:\/\/t-golf.club\/de\/wp-json\/wp\/v2\/users\/1"}],"replies":[{"embeddable":true,"href":"https:\/\/t-golf.club\/de\/wp-json\/wp\/v2\/comments?post=1649"}],"version-history":[{"count":5,"href":"https:\/\/t-golf.club\/de\/wp-json\/wp\/v2\/pages\/1649\/revisions"}],"predecessor-version":[{"id":59729,"href":"https:\/\/t-golf.club\/de\/wp-json\/wp\/v2\/pages\/1649\/revisions\/59729"}],"up":[{"embeddable":true,"href":"https:\/\/t-golf.club\/de\/wp-json\/wp\/v2\/pages\/1770"}],"wp:featuredmedia":[{"embeddable":true,"href":"https:\/\/t-golf.club\/de\/wp-json\/wp\/v2\/media\/1226"}],"wp:attachment":[{"href":"https:\/\/t-golf.club\/de\/wp-json\/wp\/v2\/media?parent=1649"}],"curies":[{"name":"wp","href":"https:\/\/api.w.org\/{rel}","templated":true}]}}