{"id":15518,"date":"2022-07-19T08:35:13","date_gmt":"2022-07-19T08:35:13","guid":{"rendered":"https:\/\/t-golf.club\/?page_id=15518"},"modified":"2024-10-22T12:51:34","modified_gmt":"2024-10-22T12:51:34","slug":"fraser-yachten-allianz","status":"publish","type":"page","link":"https:\/\/t-golf.club\/de\/allianzen\/fraser-yachten-allianz\/","title":{"rendered":"Moravia Yachts Allianz"},"content":{"rendered":"","protected":false},"excerpt":{"rendered":"","protected":false},"author":1,"featured_media":51435,"parent":7198,"menu_order":36,"comment_status":"closed","ping_status":"closed","template":"views\/flexible-member.blade.php","meta":{"_acf_changed":false,"footnotes":""},"class_list":["post-15518","page","type-page","status-publish","has-post-thumbnail","hentry"],"acf":{"size":"large","subtitle":"","link_back":"","hero":{"size":"large","subtitle":"","link_back":""},"content":[{"acf_fc_layout":"content","title":"","text_large":"","text":"<p>Als Teil der Hill Robinson Group ist die Mission von Moravia Yachting einfach: anspruchsvolle Eigner und Charterer mit ihrem perfekten Schiff zusammenzubringen, mit Diskretion, mit Effizienz und mit dem Mehrwert, den unser Expertenwissen bei jeder Gelegenheit bietet.<\/p>\n<p>Unsere Kunden vertrauen darauf, dass wir bei allen Aspekten des Erwerbs, des Verkaufs und der Vercharterung eine optimale Investitionsentscheidung treffen. Fachwissen kommt von Erfahrung, und unser spezielles Verst\u00e4ndnis, das wir durch jahrelange erfolgreiche Verk\u00e4ufe und Charterbuchungen erworben haben, die wir mit Integrit\u00e4t, Kompetenz und der Aufmerksamkeit f\u00fcr Details, die unsere Kunden verdienen, durchf\u00fchren, hat uns einen f\u00fchrenden Ruf eingebracht.<\/p>\n<p>Wir erreichen dies, indem wir uns auf die Bed\u00fcrfnisse und Interessen jedes einzelnen Kunden konzentrieren und ihn in jeder Hinsicht beraten, um sicherzustellen, dass sein pers\u00f6nliches Yachterlebnis fachm\u00e4nnisch erf\u00fcllt wird.<\/p>\n<p>In diesem Sinne m\u00f6chte Moravia Yachting den T-Club-Mitgliedern VIP-Tickets f\u00fcr die wichtigsten Yachtshows weltweit sowie exklusiven Zugang zum gesamten Dienstleistungsangebot der Hill Robinson Group anbieten.<\/p>\n<p>Um mehr dar\u00fcber zu erfahren, wenden Sie sich bitte an T-Club-Mitglied Tim Carbury, der f\u00fcr den Verkauf zust\u00e4ndig ist.<\/p>\n","link":"","cards":false,"image":26491,"sidebar":[{"acf_fc_layout":"contact","text_intro":"","image":26494,"title":"Tim Carbury","text":"<p><strong>Mobil<\/strong>: <a href=\"tel:+34679487853\" target=\"_blank\" rel=\"noopener\">+44 7780 221282<\/a><br \/>\n<strong>Email<\/strong>: <a href=\"mailto:tim.carbury@moraviayachting.mc\">tim.carbury@moraviayachting.mc<\/a><\/p>\n"}],"background_color":"white"},{"acf_fc_layout":"slider","title":"","images":[51426,51429,51432,51435,51438,51441,51444,51447],"background_color":"white"}],"wp_nav_image":false},"yoast_head":"<title>Moravia Yachts Allianz - T Golf<\/title>\n<meta name=\"robots\" content=\"index, follow, max-snippet:-1, max-image-preview:large, max-video-preview:-1\" \/>\n<link rel=\"canonical\" href=\"https:\/\/t-golf.club\/de\/allianzen\/fraser-yachten-allianz\/\" \/>\n<meta property=\"og:locale\" content=\"de_DE\" \/>\n<meta property=\"og:type\" content=\"article\" \/>\n<meta property=\"og:title\" content=\"Moravia Yachts Allianz - T Golf\" \/>\n<meta property=\"og:url\" content=\"https:\/\/t-golf.club\/de\/allianzen\/fraser-yachten-allianz\/\" \/>\n<meta property=\"og:site_name\" content=\"T Golf\" \/>\n<meta property=\"article:modified_time\" content=\"2024-10-22T12:51:34+00:00\" \/>\n<meta property=\"og:image\" content=\"https:\/\/t-golf.club\/wp-content\/uploads\/2024\/10\/Back-profile.jpg\" \/>\n\t<meta property=\"og:image:width\" content=\"1500\" \/>\n\t<meta property=\"og:image:height\" content=\"1000\" \/>\n\t<meta property=\"og:image:type\" content=\"image\/jpeg\" \/>\n<meta name=\"twitter:card\" content=\"summary_large_image\" \/>\n<meta name=\"twitter:label1\" content=\"Est. reading time\" \/>\n\t<meta name=\"twitter:data1\" content=\"3 minutes\" \/>\n<script type=\"application\/ld+json\" class=\"yoast-schema-graph\">{\"@context\":\"https:\\\/\\\/schema.org\",\"@graph\":[{\"@type\":\"WebPage\",\"@id\":\"https:\\\/\\\/t-golf.club\\\/de\\\/allianzen\\\/fraser-yachten-allianz\\\/\",\"url\":\"https:\\\/\\\/t-golf.club\\\/de\\\/allianzen\\\/fraser-yachten-allianz\\\/\",\"name\":\"Moravia Yachts Allianz - T Golf\",\"isPartOf\":{\"@id\":\"https:\\\/\\\/t-golf.club\\\/de\\\/#website\"},\"primaryImageOfPage\":{\"@id\":\"https:\\\/\\\/t-golf.club\\\/de\\\/allianzen\\\/fraser-yachten-allianz\\\/#primaryimage\"},\"image\":{\"@id\":\"https:\\\/\\\/t-golf.club\\\/de\\\/allianzen\\\/fraser-yachten-allianz\\\/#primaryimage\"},\"thumbnailUrl\":\"https:\\\/\\\/t-golf.club\\\/wp-content\\\/uploads\\\/2024\\\/10\\\/Back-profile.jpg\",\"datePublished\":\"2022-07-19T08:35:13+00:00\",\"dateModified\":\"2024-10-22T12:51:34+00:00\",\"breadcrumb\":{\"@id\":\"https:\\\/\\\/t-golf.club\\\/de\\\/allianzen\\\/fraser-yachten-allianz\\\/#breadcrumb\"},\"inLanguage\":\"de-DE\",\"potentialAction\":[{\"@type\":\"ReadAction\",\"target\":[\"https:\\\/\\\/t-golf.club\\\/de\\\/allianzen\\\/fraser-yachten-allianz\\\/\"]}]},{\"@type\":\"ImageObject\",\"inLanguage\":\"de-DE\",\"@id\":\"https:\\\/\\\/t-golf.club\\\/de\\\/allianzen\\\/fraser-yachten-allianz\\\/#primaryimage\",\"url\":\"https:\\\/\\\/t-golf.club\\\/wp-content\\\/uploads\\\/2024\\\/10\\\/Back-profile.jpg\",\"contentUrl\":\"https:\\\/\\\/t-golf.club\\\/wp-content\\\/uploads\\\/2024\\\/10\\\/Back-profile.jpg\",\"width\":1500,\"height\":1000},{\"@type\":\"BreadcrumbList\",\"@id\":\"https:\\\/\\\/t-golf.club\\\/de\\\/allianzen\\\/fraser-yachten-allianz\\\/#breadcrumb\",\"itemListElement\":[{\"@type\":\"ListItem\",\"position\":1,\"name\":\"Home\",\"item\":\"https:\\\/\\\/t-golf.club\\\/de\\\/\"},{\"@type\":\"ListItem\",\"position\":2,\"name\":\"Allianzen\",\"item\":\"https:\\\/\\\/t-golf.club\\\/de\\\/allianzen\\\/\"},{\"@type\":\"ListItem\",\"position\":3,\"name\":\"Moravia Yachts Allianz\"}]},{\"@type\":\"WebSite\",\"@id\":\"https:\\\/\\\/t-golf.club\\\/de\\\/#website\",\"url\":\"https:\\\/\\\/t-golf.club\\\/de\\\/\",\"name\":\"T Golf\",\"description\":\"\",\"inLanguage\":\"de-DE\"}]}<\/script>","yoast_head_json":{"title":"Moravia Yachts Allianz - T Golf","robots":{"index":"index","follow":"follow","max-snippet":"max-snippet:-1","max-image-preview":"max-image-preview:large","max-video-preview":"max-video-preview:-1"},"canonical":"https:\/\/t-golf.club\/de\/allianzen\/fraser-yachten-allianz\/","og_locale":"de_DE","og_type":"article","og_title":"Moravia Yachts Allianz - T Golf","og_url":"https:\/\/t-golf.club\/de\/allianzen\/fraser-yachten-allianz\/","og_site_name":"T Golf","article_modified_time":"2024-10-22T12:51:34+00:00","og_image":[{"width":1500,"height":1000,"url":"https:\/\/t-golf.club\/wp-content\/uploads\/2024\/10\/Back-profile.jpg","type":"image\/jpeg"}],"twitter_card":"summary_large_image","twitter_misc":{"Est. reading time":"3 minutes"},"schema":{"@context":"https:\/\/schema.org","@graph":[{"@type":"WebPage","@id":"https:\/\/t-golf.club\/de\/allianzen\/fraser-yachten-allianz\/","url":"https:\/\/t-golf.club\/de\/allianzen\/fraser-yachten-allianz\/","name":"Moravia Yachts Allianz - T Golf","isPartOf":{"@id":"https:\/\/t-golf.club\/de\/#website"},"primaryImageOfPage":{"@id":"https:\/\/t-golf.club\/de\/allianzen\/fraser-yachten-allianz\/#primaryimage"},"image":{"@id":"https:\/\/t-golf.club\/de\/allianzen\/fraser-yachten-allianz\/#primaryimage"},"thumbnailUrl":"https:\/\/t-golf.club\/wp-content\/uploads\/2024\/10\/Back-profile.jpg","datePublished":"2022-07-19T08:35:13+00:00","dateModified":"2024-10-22T12:51:34+00:00","breadcrumb":{"@id":"https:\/\/t-golf.club\/de\/allianzen\/fraser-yachten-allianz\/#breadcrumb"},"inLanguage":"de-DE","potentialAction":[{"@type":"ReadAction","target":["https:\/\/t-golf.club\/de\/allianzen\/fraser-yachten-allianz\/"]}]},{"@type":"ImageObject","inLanguage":"de-DE","@id":"https:\/\/t-golf.club\/de\/allianzen\/fraser-yachten-allianz\/#primaryimage","url":"https:\/\/t-golf.club\/wp-content\/uploads\/2024\/10\/Back-profile.jpg","contentUrl":"https:\/\/t-golf.club\/wp-content\/uploads\/2024\/10\/Back-profile.jpg","width":1500,"height":1000},{"@type":"BreadcrumbList","@id":"https:\/\/t-golf.club\/de\/allianzen\/fraser-yachten-allianz\/#breadcrumb","itemListElement":[{"@type":"ListItem","position":1,"name":"Home","item":"https:\/\/t-golf.club\/de\/"},{"@type":"ListItem","position":2,"name":"Allianzen","item":"https:\/\/t-golf.club\/de\/allianzen\/"},{"@type":"ListItem","position":3,"name":"Moravia Yachts Allianz"}]},{"@type":"WebSite","@id":"https:\/\/t-golf.club\/de\/#website","url":"https:\/\/t-golf.club\/de\/","name":"T Golf","description":"","inLanguage":"de-DE"}]}},"_links":{"self":[{"href":"https:\/\/t-golf.club\/de\/wp-json\/wp\/v2\/pages\/15518","targetHints":{"allow":["GET"]}}],"collection":[{"href":"https:\/\/t-golf.club\/de\/wp-json\/wp\/v2\/pages"}],"about":[{"href":"https:\/\/t-golf.club\/de\/wp-json\/wp\/v2\/types\/page"}],"author":[{"embeddable":true,"href":"https:\/\/t-golf.club\/de\/wp-json\/wp\/v2\/users\/1"}],"replies":[{"embeddable":true,"href":"https:\/\/t-golf.club\/de\/wp-json\/wp\/v2\/comments?post=15518"}],"version-history":[{"count":5,"href":"https:\/\/t-golf.club\/de\/wp-json\/wp\/v2\/pages\/15518\/revisions"}],"predecessor-version":[{"id":51956,"href":"https:\/\/t-golf.club\/de\/wp-json\/wp\/v2\/pages\/15518\/revisions\/51956"}],"up":[{"embeddable":true,"href":"https:\/\/t-golf.club\/de\/wp-json\/wp\/v2\/pages\/7198"}],"wp:featuredmedia":[{"embeddable":true,"href":"https:\/\/t-golf.club\/de\/wp-json\/wp\/v2\/media\/51435"}],"wp:attachment":[{"href":"https:\/\/t-golf.club\/de\/wp-json\/wp\/v2\/media?parent=15518"}],"curies":[{"name":"wp","href":"https:\/\/api.w.org\/{rel}","templated":true}]}}