{"id":15497,"date":"2022-07-19T07:16:59","date_gmt":"2022-07-19T07:16:59","guid":{"rendered":"https:\/\/t-golf.club\/?page_id=15497"},"modified":"2022-08-29T07:19:38","modified_gmt":"2022-08-29T07:19:38","slug":"plattes-group-allianz","status":"publish","type":"page","link":"https:\/\/t-golf.club\/de\/allianzen\/plattes-group-allianz\/","title":{"rendered":"Plattes Group Allianz"},"content":{"rendered":"","protected":false},"excerpt":{"rendered":"","protected":false},"author":1,"featured_media":14531,"parent":7198,"menu_order":25,"comment_status":"closed","ping_status":"closed","template":"views\/flexible-member.blade.php","meta":{"_acf_changed":false,"footnotes":""},"class_list":["post-15497","page","type-page","status-publish","has-post-thumbnail","hentry"],"acf":{"size":"large","subtitle":"","link_back":"","hero":{"size":"large","subtitle":"","link_back":""},"content":[{"acf_fc_layout":"content","title":"","text_large":"","text":"<div class=\"mb-10 text-sm leading-loose lg:mb-16 md:text-base text-format\">\n<p>Wir bei T Golf sind stolz darauf, eine neue Partnerschaft mit einem sehr gesch\u00e4tzten Unternehmen bekannt zu geben. Die Plattes-Gruppe ist eine international t\u00e4tige Wirtschafts-, Steuer- und Anwaltskanzlei mit einem Team von \u00fcber 80 Mitarbeitern, darunter 13 Steuerberater und 7 Rechtsanw\u00e4lte.<\/p>\n<p>Jahr f\u00fcr Jahr baut sie ihre Marktf\u00fchrerschaft auf den Balearen bei der Beratung von verm\u00f6genden Privatpersonen und Familienunternehmen aus. Grenz\u00fcberschreitende Strukturierung \u2013 einschlie\u00dflich Immobilienerwerb \u2013 und Standortberatung geh\u00f6ren ebenso zu ihren Kernkompetenzen wie die L\u00f6sung komplexer steuer- und zivilrechtlicher Probleme in Nachfolgesituationen.<\/p>\n<p>Jetzt haben Sie einen direkten Draht zu all diesen Dienstleistungen. Wenn Sie also Fragen haben oder ihre Dienste in Anspruch nehmen m\u00f6chten, wenden Sie sich an sie: <strong><a href=\"mailto:direccion@plattesgroup.net\" target=\"_blank\" rel=\"noopener\">direccion@plattesgroup.net<\/a><\/strong><\/p>\n<\/div>\n","link":{"title":"DR\u00dcCKEN SIE HIER F\u00dcR WEITERE INFORMATIONEN","url":"https:\/\/www.plattes.net","target":""},"cards":false,"image":14609,"sidebar":false,"background_color":"white"},{"acf_fc_layout":"slider","title":"","images":[14525,14531,14534],"background_color":"white"}],"wp_nav_image":false},"yoast_head":"<title>Plattes Group Allianz - T Golf<\/title>\n<meta name=\"robots\" content=\"index, follow, max-snippet:-1, max-image-preview:large, max-video-preview:-1\" \/>\n<link rel=\"canonical\" href=\"https:\/\/t-golf.club\/de\/allianzen\/plattes-group-allianz\/\" \/>\n<meta property=\"og:locale\" content=\"de_DE\" \/>\n<meta property=\"og:type\" content=\"article\" \/>\n<meta property=\"og:title\" content=\"Plattes Group Allianz - T Golf\" \/>\n<meta property=\"og:url\" content=\"https:\/\/t-golf.club\/de\/allianzen\/plattes-group-allianz\/\" \/>\n<meta property=\"og:site_name\" content=\"T Golf\" \/>\n<meta property=\"article:modified_time\" content=\"2022-08-29T07:19:38+00:00\" \/>\n<meta property=\"og:image\" content=\"https:\/\/t-golf.club\/wp-content\/uploads\/2022\/06\/20-Jahre.jpg\" \/>\n\t<meta property=\"og:image:width\" content=\"1080\" \/>\n\t<meta property=\"og:image:height\" content=\"648\" \/>\n\t<meta property=\"og:image:type\" content=\"image\/jpeg\" \/>\n<meta name=\"twitter:card\" content=\"summary_large_image\" \/>\n<script type=\"application\/ld+json\" class=\"yoast-schema-graph\">{\"@context\":\"https:\\\/\\\/schema.org\",\"@graph\":[{\"@type\":\"WebPage\",\"@id\":\"https:\\\/\\\/t-golf.club\\\/de\\\/allianzen\\\/plattes-group-allianz\\\/\",\"url\":\"https:\\\/\\\/t-golf.club\\\/de\\\/allianzen\\\/plattes-group-allianz\\\/\",\"name\":\"Plattes Group Allianz - T Golf\",\"isPartOf\":{\"@id\":\"https:\\\/\\\/t-golf.club\\\/de\\\/#website\"},\"primaryImageOfPage\":{\"@id\":\"https:\\\/\\\/t-golf.club\\\/de\\\/allianzen\\\/plattes-group-allianz\\\/#primaryimage\"},\"image\":{\"@id\":\"https:\\\/\\\/t-golf.club\\\/de\\\/allianzen\\\/plattes-group-allianz\\\/#primaryimage\"},\"thumbnailUrl\":\"https:\\\/\\\/t-golf.club\\\/wp-content\\\/uploads\\\/2022\\\/06\\\/20-Jahre.jpg\",\"datePublished\":\"2022-07-19T07:16:59+00:00\",\"dateModified\":\"2022-08-29T07:19:38+00:00\",\"breadcrumb\":{\"@id\":\"https:\\\/\\\/t-golf.club\\\/de\\\/allianzen\\\/plattes-group-allianz\\\/#breadcrumb\"},\"inLanguage\":\"de-DE\",\"potentialAction\":[{\"@type\":\"ReadAction\",\"target\":[\"https:\\\/\\\/t-golf.club\\\/de\\\/allianzen\\\/plattes-group-allianz\\\/\"]}]},{\"@type\":\"ImageObject\",\"inLanguage\":\"de-DE\",\"@id\":\"https:\\\/\\\/t-golf.club\\\/de\\\/allianzen\\\/plattes-group-allianz\\\/#primaryimage\",\"url\":\"https:\\\/\\\/t-golf.club\\\/wp-content\\\/uploads\\\/2022\\\/06\\\/20-Jahre.jpg\",\"contentUrl\":\"https:\\\/\\\/t-golf.club\\\/wp-content\\\/uploads\\\/2022\\\/06\\\/20-Jahre.jpg\",\"width\":1080,\"height\":648},{\"@type\":\"BreadcrumbList\",\"@id\":\"https:\\\/\\\/t-golf.club\\\/de\\\/allianzen\\\/plattes-group-allianz\\\/#breadcrumb\",\"itemListElement\":[{\"@type\":\"ListItem\",\"position\":1,\"name\":\"Home\",\"item\":\"https:\\\/\\\/t-golf.club\\\/de\\\/\"},{\"@type\":\"ListItem\",\"position\":2,\"name\":\"Allianzen\",\"item\":\"https:\\\/\\\/t-golf.club\\\/de\\\/allianzen\\\/\"},{\"@type\":\"ListItem\",\"position\":3,\"name\":\"Plattes Group Allianz\"}]},{\"@type\":\"WebSite\",\"@id\":\"https:\\\/\\\/t-golf.club\\\/de\\\/#website\",\"url\":\"https:\\\/\\\/t-golf.club\\\/de\\\/\",\"name\":\"T Golf\",\"description\":\"\",\"inLanguage\":\"de-DE\"}]}<\/script>","yoast_head_json":{"title":"Plattes Group Allianz - T Golf","robots":{"index":"index","follow":"follow","max-snippet":"max-snippet:-1","max-image-preview":"max-image-preview:large","max-video-preview":"max-video-preview:-1"},"canonical":"https:\/\/t-golf.club\/de\/allianzen\/plattes-group-allianz\/","og_locale":"de_DE","og_type":"article","og_title":"Plattes Group Allianz - T Golf","og_url":"https:\/\/t-golf.club\/de\/allianzen\/plattes-group-allianz\/","og_site_name":"T Golf","article_modified_time":"2022-08-29T07:19:38+00:00","og_image":[{"width":1080,"height":648,"url":"https:\/\/t-golf.club\/wp-content\/uploads\/2022\/06\/20-Jahre.jpg","type":"image\/jpeg"}],"twitter_card":"summary_large_image","schema":{"@context":"https:\/\/schema.org","@graph":[{"@type":"WebPage","@id":"https:\/\/t-golf.club\/de\/allianzen\/plattes-group-allianz\/","url":"https:\/\/t-golf.club\/de\/allianzen\/plattes-group-allianz\/","name":"Plattes Group Allianz - T Golf","isPartOf":{"@id":"https:\/\/t-golf.club\/de\/#website"},"primaryImageOfPage":{"@id":"https:\/\/t-golf.club\/de\/allianzen\/plattes-group-allianz\/#primaryimage"},"image":{"@id":"https:\/\/t-golf.club\/de\/allianzen\/plattes-group-allianz\/#primaryimage"},"thumbnailUrl":"https:\/\/t-golf.club\/wp-content\/uploads\/2022\/06\/20-Jahre.jpg","datePublished":"2022-07-19T07:16:59+00:00","dateModified":"2022-08-29T07:19:38+00:00","breadcrumb":{"@id":"https:\/\/t-golf.club\/de\/allianzen\/plattes-group-allianz\/#breadcrumb"},"inLanguage":"de-DE","potentialAction":[{"@type":"ReadAction","target":["https:\/\/t-golf.club\/de\/allianzen\/plattes-group-allianz\/"]}]},{"@type":"ImageObject","inLanguage":"de-DE","@id":"https:\/\/t-golf.club\/de\/allianzen\/plattes-group-allianz\/#primaryimage","url":"https:\/\/t-golf.club\/wp-content\/uploads\/2022\/06\/20-Jahre.jpg","contentUrl":"https:\/\/t-golf.club\/wp-content\/uploads\/2022\/06\/20-Jahre.jpg","width":1080,"height":648},{"@type":"BreadcrumbList","@id":"https:\/\/t-golf.club\/de\/allianzen\/plattes-group-allianz\/#breadcrumb","itemListElement":[{"@type":"ListItem","position":1,"name":"Home","item":"https:\/\/t-golf.club\/de\/"},{"@type":"ListItem","position":2,"name":"Allianzen","item":"https:\/\/t-golf.club\/de\/allianzen\/"},{"@type":"ListItem","position":3,"name":"Plattes Group Allianz"}]},{"@type":"WebSite","@id":"https:\/\/t-golf.club\/de\/#website","url":"https:\/\/t-golf.club\/de\/","name":"T Golf","description":"","inLanguage":"de-DE"}]}},"_links":{"self":[{"href":"https:\/\/t-golf.club\/de\/wp-json\/wp\/v2\/pages\/15497","targetHints":{"allow":["GET"]}}],"collection":[{"href":"https:\/\/t-golf.club\/de\/wp-json\/wp\/v2\/pages"}],"about":[{"href":"https:\/\/t-golf.club\/de\/wp-json\/wp\/v2\/types\/page"}],"author":[{"embeddable":true,"href":"https:\/\/t-golf.club\/de\/wp-json\/wp\/v2\/users\/1"}],"replies":[{"embeddable":true,"href":"https:\/\/t-golf.club\/de\/wp-json\/wp\/v2\/comments?post=15497"}],"version-history":[{"count":4,"href":"https:\/\/t-golf.club\/de\/wp-json\/wp\/v2\/pages\/15497\/revisions"}],"predecessor-version":[{"id":17764,"href":"https:\/\/t-golf.club\/de\/wp-json\/wp\/v2\/pages\/15497\/revisions\/17764"}],"up":[{"embeddable":true,"href":"https:\/\/t-golf.club\/de\/wp-json\/wp\/v2\/pages\/7198"}],"wp:featuredmedia":[{"embeddable":true,"href":"https:\/\/t-golf.club\/de\/wp-json\/wp\/v2\/media\/14531"}],"wp:attachment":[{"href":"https:\/\/t-golf.club\/de\/wp-json\/wp\/v2\/media?parent=15497"}],"curies":[{"name":"wp","href":"https:\/\/api.w.org\/{rel}","templated":true}]}}