{"id":1532,"date":"2020-06-04T17:24:47","date_gmt":"2020-06-04T17:24:47","guid":{"rendered":"http:\/\/t-golf.club\/rentals\/"},"modified":"2020-06-08T15:57:23","modified_gmt":"2020-06-08T15:57:23","slug":"vermietungen","status":"publish","type":"page","link":"https:\/\/t-golf.club\/de\/vermietungen\/","title":{"rendered":"Vermietungen"},"content":{"rendered":"","protected":false},"excerpt":{"rendered":"","protected":false},"author":1,"featured_media":17571,"parent":0,"menu_order":146,"comment_status":"closed","ping_status":"closed","template":"views\/rental.blade.php","meta":{"_acf_changed":false,"footnotes":""},"class_list":["post-1532","page","type-page","status-publish","has-post-thumbnail","hentry"],"acf":{"subtitle":"Die neueste Ausr\u00fcstung zu vermieten","link_back":{"title":"Golf Course","url":"http:\/\/t-golf.club\/golf-course\/","target":""},"content":[{"image":1538,"title":"Ju-Cad","text":"<p>Unser Jucad Trolley macht das Laufen auf dem Platz zum Kinderspiel. Es gibt nichts Sch\u00f6neres, als auf einem gro\u00dfartigen Golfplatz zu Fu\u00df zu gehen. Deshalb verf\u00fcgt T Golf jetzt \u00fcber den besten elektrischen Trolley der Welt, um Ihre n\u00e4chste Runde noch spezieller zu gestalten.<\/p>\n<p>Jucad wird in Deutschland handgefertigt und ist bekannt f\u00fcr die Herstellung der feinsten Luxusgolfwagen. Diese E Trolleys, die k\u00fcrzlich in der Kategorie Golfausr\u00fcstung zur Marke des Jahres gek\u00fcrt wurden, sind leise und leistungsstark, um \u00fcberall hinzukommen, wo Ihr Spiel Sie hinf\u00fchrt. Probieren Sie eines dieser elektrischen Wunder auf Ihrer n\u00e4chsten Runde aus.<\/p>\n"},{"image":1533,"title":"Buggy","text":"<p>Wir bieten auch die besten Buggys auf dem Markt an, um Ihre Runde noch luxuri\u00f6ser zu gestalten. T Golf Buggys wurden entwickelt, um Ihr Golferlebnis noch besser zu machen. Jede dieser hochmodernen Sch\u00f6nheiten ist mit GPS, 10,2-Zoll- Touchscreen, Ladestation und 3D-Ansicht jedes Loches ausgestattet. Au\u00dferdem kann der Marshall die Position des Spieler \u00fcberwachen, um ein gutes Spieltempo aufrechtzuerhalten. Im Notfall k\u00f6nnen Sie sogar mit dem Clubhaus kommunizieren oder einfach nur ein Getr\u00e4nk bestellen.<\/p>\n"},{"image":1417,"title":"Clubs","text":"<p>Haben Sie Ihre Schl\u00e4ger nicht mitgebracht? Kein Problem. Bei T Golf bieten wir die neuesten TaylorMade-Schl\u00e4ger an. T Golf ist ein anspruchsvoller Platz und wir verstehen, dass Sie die beste Ausr\u00fcstung f\u00fcr diese Herausforderung ben\u00f6tigen. Aus diesem Grund bieten wir die neuesten Schl\u00e4ger von TaylorMade in unserem Pro Shop und zur Vermietung an. In diesem Jahr hat TaylorMade die neue SIM-Serie (Shape in Motion) vorgestellt. Bei dieser Serie steht die Geometrie st\u00e4rker im Fokus, um die Geschwindigkeit des Schl\u00e4gerkopfs zu erh\u00f6hen und l\u00e4ngere, geradere Schl\u00e4ge zu erzielen. Probieren Sie es aus, Ihre Scorecard wird es Ihnen danken.<\/p>\n"}],"cta":{"ID":1264,"post_author":"1","post_date":"2020-05-26 09:52:53","post_date_gmt":"2020-05-26 09:52:53","post_content":"<a href=\"http:\/\/t-golf.club\/tournaments\/xv-residential-cup\/\">Click here for further details<\/a>","post_title":"BESUCHEN SIE UNSERE 18 L\u00d6CHER","post_excerpt":"","post_status":"publish","comment_status":"closed","ping_status":"closed","post_password":"","post_name":"besuchen-sie-unsere-18-loecher","to_ping":"","pinged":"","post_modified":"2020-06-09 08:32:30","post_modified_gmt":"2020-06-09 08:32:30","post_content_filtered":"","post_parent":0,"guid":"http:\/\/t-golf.club\/cta\/visit-our-18-holes\/","menu_order":17,"post_type":"cta","post_mime_type":"","comment_count":"0","filter":"raw"}},"yoast_head":"<title>Vermietungen - T Golf<\/title>\n<meta name=\"robots\" content=\"index, follow, max-snippet:-1, max-image-preview:large, max-video-preview:-1\" \/>\n<link rel=\"canonical\" href=\"https:\/\/t-golf.club\/de\/vermietungen\/\" \/>\n<meta property=\"og:locale\" content=\"de_DE\" \/>\n<meta property=\"og:type\" content=\"article\" \/>\n<meta property=\"og:title\" content=\"Vermietungen - T Golf\" \/>\n<meta property=\"og:url\" content=\"https:\/\/t-golf.club\/de\/vermietungen\/\" \/>\n<meta property=\"og:site_name\" content=\"T Golf\" \/>\n<meta property=\"article:modified_time\" content=\"2020-06-08T15:57:23+00:00\" \/>\n<meta property=\"og:image\" content=\"https:\/\/t-golf.club\/wp-content\/uploads\/2020\/06\/Rentals.jpg\" \/>\n\t<meta property=\"og:image:width\" content=\"1280\" \/>\n\t<meta property=\"og:image:height\" content=\"960\" \/>\n\t<meta property=\"og:image:type\" content=\"image\/jpeg\" \/>\n<meta name=\"twitter:card\" content=\"summary_large_image\" \/>\n<script type=\"application\/ld+json\" class=\"yoast-schema-graph\">{\"@context\":\"https:\/\/schema.org\",\"@graph\":[{\"@type\":\"WebPage\",\"@id\":\"https:\/\/t-golf.club\/de\/vermietungen\/\",\"url\":\"https:\/\/t-golf.club\/de\/vermietungen\/\",\"name\":\"Vermietungen - T Golf\",\"isPartOf\":{\"@id\":\"https:\/\/t-golf.club\/de\/#website\"},\"primaryImageOfPage\":{\"@id\":\"https:\/\/t-golf.club\/de\/vermietungen\/#primaryimage\"},\"image\":{\"@id\":\"https:\/\/t-golf.club\/de\/vermietungen\/#primaryimage\"},\"thumbnailUrl\":\"https:\/\/t-golf.club\/wp-content\/uploads\/2022\/08\/210820-Hoyo-14-con-buggies.jpg\",\"datePublished\":\"2020-06-04T17:24:47+00:00\",\"dateModified\":\"2020-06-08T15:57:23+00:00\",\"breadcrumb\":{\"@id\":\"https:\/\/t-golf.club\/de\/vermietungen\/#breadcrumb\"},\"inLanguage\":\"de-DE\",\"potentialAction\":[{\"@type\":\"ReadAction\",\"target\":[\"https:\/\/t-golf.club\/de\/vermietungen\/\"]}]},{\"@type\":\"ImageObject\",\"inLanguage\":\"de-DE\",\"@id\":\"https:\/\/t-golf.club\/de\/vermietungen\/#primaryimage\",\"url\":\"https:\/\/t-golf.club\/wp-content\/uploads\/2022\/08\/210820-Hoyo-14-con-buggies.jpg\",\"contentUrl\":\"https:\/\/t-golf.club\/wp-content\/uploads\/2022\/08\/210820-Hoyo-14-con-buggies.jpg\",\"width\":1024,\"height\":683},{\"@type\":\"BreadcrumbList\",\"@id\":\"https:\/\/t-golf.club\/de\/vermietungen\/#breadcrumb\",\"itemListElement\":[{\"@type\":\"ListItem\",\"position\":1,\"name\":\"Home\",\"item\":\"https:\/\/t-golf.club\/de\/\"},{\"@type\":\"ListItem\",\"position\":2,\"name\":\"Vermietungen\"}]},{\"@type\":\"WebSite\",\"@id\":\"https:\/\/t-golf.club\/de\/#website\",\"url\":\"https:\/\/t-golf.club\/de\/\",\"name\":\"T Golf\",\"description\":\"\",\"inLanguage\":\"de-DE\"}]}<\/script>","yoast_head_json":{"title":"Vermietungen - T Golf","robots":{"index":"index","follow":"follow","max-snippet":"max-snippet:-1","max-image-preview":"max-image-preview:large","max-video-preview":"max-video-preview:-1"},"canonical":"https:\/\/t-golf.club\/de\/vermietungen\/","og_locale":"de_DE","og_type":"article","og_title":"Vermietungen - T Golf","og_url":"https:\/\/t-golf.club\/de\/vermietungen\/","og_site_name":"T Golf","article_modified_time":"2020-06-08T15:57:23+00:00","og_image":[{"width":1280,"height":960,"url":"https:\/\/t-golf.club\/wp-content\/uploads\/2020\/06\/Rentals.jpg","type":"image\/jpeg"}],"twitter_card":"summary_large_image","schema":{"@context":"https:\/\/schema.org","@graph":[{"@type":"WebPage","@id":"https:\/\/t-golf.club\/de\/vermietungen\/","url":"https:\/\/t-golf.club\/de\/vermietungen\/","name":"Vermietungen - T Golf","isPartOf":{"@id":"https:\/\/t-golf.club\/de\/#website"},"primaryImageOfPage":{"@id":"https:\/\/t-golf.club\/de\/vermietungen\/#primaryimage"},"image":{"@id":"https:\/\/t-golf.club\/de\/vermietungen\/#primaryimage"},"thumbnailUrl":"https:\/\/t-golf.club\/wp-content\/uploads\/2022\/08\/210820-Hoyo-14-con-buggies.jpg","datePublished":"2020-06-04T17:24:47+00:00","dateModified":"2020-06-08T15:57:23+00:00","breadcrumb":{"@id":"https:\/\/t-golf.club\/de\/vermietungen\/#breadcrumb"},"inLanguage":"de-DE","potentialAction":[{"@type":"ReadAction","target":["https:\/\/t-golf.club\/de\/vermietungen\/"]}]},{"@type":"ImageObject","inLanguage":"de-DE","@id":"https:\/\/t-golf.club\/de\/vermietungen\/#primaryimage","url":"https:\/\/t-golf.club\/wp-content\/uploads\/2022\/08\/210820-Hoyo-14-con-buggies.jpg","contentUrl":"https:\/\/t-golf.club\/wp-content\/uploads\/2022\/08\/210820-Hoyo-14-con-buggies.jpg","width":1024,"height":683},{"@type":"BreadcrumbList","@id":"https:\/\/t-golf.club\/de\/vermietungen\/#breadcrumb","itemListElement":[{"@type":"ListItem","position":1,"name":"Home","item":"https:\/\/t-golf.club\/de\/"},{"@type":"ListItem","position":2,"name":"Vermietungen"}]},{"@type":"WebSite","@id":"https:\/\/t-golf.club\/de\/#website","url":"https:\/\/t-golf.club\/de\/","name":"T Golf","description":"","inLanguage":"de-DE"}]}},"_links":{"self":[{"href":"https:\/\/t-golf.club\/de\/wp-json\/wp\/v2\/pages\/1532","targetHints":{"allow":["GET"]}}],"collection":[{"href":"https:\/\/t-golf.club\/de\/wp-json\/wp\/v2\/pages"}],"about":[{"href":"https:\/\/t-golf.club\/de\/wp-json\/wp\/v2\/types\/page"}],"author":[{"embeddable":true,"href":"https:\/\/t-golf.club\/de\/wp-json\/wp\/v2\/users\/1"}],"replies":[{"embeddable":true,"href":"https:\/\/t-golf.club\/de\/wp-json\/wp\/v2\/comments?post=1532"}],"version-history":[{"count":2,"href":"https:\/\/t-golf.club\/de\/wp-json\/wp\/v2\/pages\/1532\/revisions"}],"predecessor-version":[{"id":1539,"href":"https:\/\/t-golf.club\/de\/wp-json\/wp\/v2\/pages\/1532\/revisions\/1539"}],"wp:featuredmedia":[{"embeddable":true,"href":"https:\/\/t-golf.club\/de\/wp-json\/wp\/v2\/media\/17571"}],"wp:attachment":[{"href":"https:\/\/t-golf.club\/de\/wp-json\/wp\/v2\/media?parent=1532"}],"curies":[{"name":"wp","href":"https:\/\/api.w.org\/{rel}","templated":true}]}}